{"id":77068,"date":"2024-11-11T17:59:43","date_gmt":"2024-11-11T16:59:43","guid":{"rendered":"https:\/\/juxtare.store\/?post_type=product&#038;p=77068"},"modified":"2024-11-12T11:47:24","modified_gmt":"2024-11-12T10:47:24","slug":"t-shirt-vans-full-patch-back-vn0000f8d05","status":"publish","type":"product","link":"https:\/\/juxtare.store\/it\/prodotto\/t-shirt-vans-full-patch-back-vn0000f8d05\/","title":{"rendered":"T-shirt Vans full patch back vn0000f8d05"},"content":{"rendered":"<p>La t-shirt Vans full patch back a manica corta presenta un design a girocollo e maniche corte e sfoggia il logo Vans dello skateboard sul lato sinistro del petto e sulla schiena. \u00c8 una t-shirt che ti far\u00e0 risaltare tra gli altri, ideale per l&#8217;uso quotidiano in estate. Caratteristiche: girocollo, vestibilit\u00e0 dritta, vestibilit\u00e0 regolare, manica corta, logo del marchio ricamato. Materiale: 100% cotone. Codice prodotto: vns-vn0000f8d05.<\/p>\n","protected":false},"excerpt":{"rendered":"<p>La t-shirt Vans full patch back a manica corta presenta un design a girocollo e maniche corte e sfoggia il logo Vans dello skateboard sul lato sinistro del petto e sulla schiena. \u00c8 una t-shirt che ti far\u00e0 risaltare tra gli altri, ideale per l&#8217;uso quotidiano in estate. Caratteristiche: girocollo, vestibilit\u00e0 dritta, vestibilit\u00e0 regolare, manica corta, logo del marchio ricamato. Materiale: 100% cotone. Codice prodotto: vns-vn0000f8d05.<\/p>\n","protected":false},"featured_media":77069,"comment_status":"open","ping_status":"closed","template":"","meta":[],"product_brand":[],"product_cat":[382,397],"product_tag":[],"class_list":{"0":"post-77068","1":"product","2":"type-product","3":"status-publish","4":"has-post-thumbnail","6":"product_cat-uomo","7":"product_cat-t-shirt-da-uomo","10":"first","11":"instock","12":"shipping-taxable","13":"purchasable","14":"product-type-variable"},"_links":{"self":[{"href":"https:\/\/juxtare.store\/it\/wp-json\/wp\/v2\/product\/77068","targetHints":{"allow":["GET"]}}],"collection":[{"href":"https:\/\/juxtare.store\/it\/wp-json\/wp\/v2\/product"}],"about":[{"href":"https:\/\/juxtare.store\/it\/wp-json\/wp\/v2\/types\/product"}],"replies":[{"embeddable":true,"href":"https:\/\/juxtare.store\/it\/wp-json\/wp\/v2\/comments?post=77068"}],"wp:featuredmedia":[{"embeddable":true,"href":"https:\/\/juxtare.store\/it\/wp-json\/wp\/v2\/media\/77069"}],"wp:attachment":[{"href":"https:\/\/juxtare.store\/it\/wp-json\/wp\/v2\/media?parent=77068"}],"wp:term":[{"taxonomy":"product_brand","embeddable":true,"href":"https:\/\/juxtare.store\/it\/wp-json\/wp\/v2\/product_brand?post=77068"},{"taxonomy":"product_cat","embeddable":true,"href":"https:\/\/juxtare.store\/it\/wp-json\/wp\/v2\/product_cat?post=77068"},{"taxonomy":"product_tag","embeddable":true,"href":"https:\/\/juxtare.store\/it\/wp-json\/wp\/v2\/product_tag?post=77068"}],"curies":[{"name":"wp","href":"https:\/\/api.w.org\/{rel}","templated":true}]}}