{"id":76931,"date":"2024-11-10T06:23:00","date_gmt":"2024-11-10T05:23:00","guid":{"rendered":"https:\/\/juxtare.store\/?post_type=product&#038;p=76931"},"modified":"2024-11-11T11:12:10","modified_gmt":"2024-11-11T10:12:10","slug":"nike-jr-mercurial-superfly-10-academy-fq8304-002","status":"publish","type":"product","link":"https:\/\/juxtare.store\/it\/prodotto\/nike-jr-mercurial-superfly-10-academy-fq8304-002\/","title":{"rendered":"Nike jr. mercurial superfly 10 academy fq8304-002"},"content":{"rendered":"<p>Vuoi migliorare la tua velocit\u00e0? Abbiamo realizzato questa scarpa academy con un&#8217;unit\u00e0 air zoom migliorata nel tallone per offrirti la sensazione propulsiva necessaria per superare qualsiasi retrovia. Il risultato \u00e8 la mercurial pi\u00f9 reattiva mai realizzata, per darti la possibilit\u00e0 di mettere in mostra la tua velocit\u00e0 e mettere la palla in rete.<\/p>\n","protected":false},"excerpt":{"rendered":"<p>Vuoi migliorare la tua velocit\u00e0? Abbiamo realizzato questa scarpa academy con un&#8217;unit\u00e0 air zoom migliorata nel tallone per offrirti la sensazione propulsiva necessaria per superare qualsiasi retrovia. Il risultato \u00e8 la mercurial pi\u00f9 reattiva mai realizzata, per darti la possibilit\u00e0 di mettere in mostra la tua velocit\u00e0 e mettere la palla in rete.<\/p>\n","protected":false},"featured_media":76932,"comment_status":"open","ping_status":"closed","template":"","meta":[],"product_brand":[],"product_cat":[400,616],"product_tag":[],"class_list":{"0":"post-76931","1":"product","2":"type-product","3":"status-publish","4":"has-post-thumbnail","6":"product_cat-sport-it","7":"product_cat-scarpe-da-calcio","10":"first","11":"instock","12":"shipping-taxable","13":"purchasable","14":"product-type-variable"},"_links":{"self":[{"href":"https:\/\/juxtare.store\/it\/wp-json\/wp\/v2\/product\/76931","targetHints":{"allow":["GET"]}}],"collection":[{"href":"https:\/\/juxtare.store\/it\/wp-json\/wp\/v2\/product"}],"about":[{"href":"https:\/\/juxtare.store\/it\/wp-json\/wp\/v2\/types\/product"}],"replies":[{"embeddable":true,"href":"https:\/\/juxtare.store\/it\/wp-json\/wp\/v2\/comments?post=76931"}],"wp:featuredmedia":[{"embeddable":true,"href":"https:\/\/juxtare.store\/it\/wp-json\/wp\/v2\/media\/76932"}],"wp:attachment":[{"href":"https:\/\/juxtare.store\/it\/wp-json\/wp\/v2\/media?parent=76931"}],"wp:term":[{"taxonomy":"product_brand","embeddable":true,"href":"https:\/\/juxtare.store\/it\/wp-json\/wp\/v2\/product_brand?post=76931"},{"taxonomy":"product_cat","embeddable":true,"href":"https:\/\/juxtare.store\/it\/wp-json\/wp\/v2\/product_cat?post=76931"},{"taxonomy":"product_tag","embeddable":true,"href":"https:\/\/juxtare.store\/it\/wp-json\/wp\/v2\/product_tag?post=76931"}],"curies":[{"name":"wp","href":"https:\/\/api.w.org\/{rel}","templated":true}]}}