{"id":75039,"date":"2024-10-01T07:29:40","date_gmt":"2024-10-01T05:29:40","guid":{"rendered":"https:\/\/juxtare.store\/?post_type=product&#038;p=75039"},"modified":"2024-10-01T13:22:09","modified_gmt":"2024-10-01T11:22:09","slug":"pantaloncini-nike-strike-22-dh9363-010","status":"publish","type":"product","link":"https:\/\/juxtare.store\/it\/prodotto\/pantaloncini-nike-strike-22-dh9363-010\/","title":{"rendered":"Pantaloncini Nike strike 22 dh9363-010"},"content":{"rendered":"<p>I pantaloncini Nike dri-fit strike presentano dettagli di design specificamente pensati per le stelle nascenti del calcio. Una vestibilit\u00e0 comoda abbinata a un tessuto traspirante ti aiuta a rimanere fresco e composto mentre perfezioni le tue abilit\u00e0. Questo prodotto \u00e8 realizzato con almeno il 75% di fibre di poliestere riciclate.<\/p>\n","protected":false},"excerpt":{"rendered":"<p>I pantaloncini Nike dri-fit strike presentano dettagli di design specificamente pensati per le stelle nascenti del calcio. Una vestibilit\u00e0 comoda abbinata a un tessuto traspirante ti aiuta a rimanere fresco e composto mentre perfezioni le tue abilit\u00e0. Questo prodotto \u00e8 realizzato con almeno il 75% di fibre di poliestere riciclate.<\/p>\n","protected":false},"featured_media":75040,"comment_status":"open","ping_status":"closed","template":"","meta":[],"product_brand":[],"product_cat":[382,393],"product_tag":[],"class_list":{"0":"post-75039","1":"product","2":"type-product","3":"status-publish","4":"has-post-thumbnail","6":"product_cat-uomo","7":"product_cat-pantaloncini-da-uomo","10":"first","11":"instock","12":"shipping-taxable","13":"purchasable","14":"product-type-variable"},"_links":{"self":[{"href":"https:\/\/juxtare.store\/it\/wp-json\/wp\/v2\/product\/75039","targetHints":{"allow":["GET"]}}],"collection":[{"href":"https:\/\/juxtare.store\/it\/wp-json\/wp\/v2\/product"}],"about":[{"href":"https:\/\/juxtare.store\/it\/wp-json\/wp\/v2\/types\/product"}],"replies":[{"embeddable":true,"href":"https:\/\/juxtare.store\/it\/wp-json\/wp\/v2\/comments?post=75039"}],"wp:featuredmedia":[{"embeddable":true,"href":"https:\/\/juxtare.store\/it\/wp-json\/wp\/v2\/media\/75040"}],"wp:attachment":[{"href":"https:\/\/juxtare.store\/it\/wp-json\/wp\/v2\/media?parent=75039"}],"wp:term":[{"taxonomy":"product_brand","embeddable":true,"href":"https:\/\/juxtare.store\/it\/wp-json\/wp\/v2\/product_brand?post=75039"},{"taxonomy":"product_cat","embeddable":true,"href":"https:\/\/juxtare.store\/it\/wp-json\/wp\/v2\/product_cat?post=75039"},{"taxonomy":"product_tag","embeddable":true,"href":"https:\/\/juxtare.store\/it\/wp-json\/wp\/v2\/product_tag?post=75039"}],"curies":[{"name":"wp","href":"https:\/\/api.w.org\/{rel}","templated":true}]}}