{"id":73559,"date":"2024-09-04T07:38:39","date_gmt":"2024-09-04T05:38:39","guid":{"rendered":"https:\/\/juxtare.store\/?post_type=product&#038;p=73559"},"modified":"2024-09-09T11:04:24","modified_gmt":"2024-09-09T09:04:24","slug":"scarpe-in-pelle-premium-sk8-hi-vans-vn000bw7m0j","status":"publish","type":"product","link":"https:\/\/juxtare.store\/it\/prodotto\/scarpe-in-pelle-premium-sk8-hi-vans-vn000bw7m0j\/","title":{"rendered":"Scarpe in pelle premium sk8-hi Vans vn000bw7m0j"},"content":{"rendered":"<p>La leggendaria scarpa che ha rivoluzionato il mondo dello skateboard dal 1978 la sk8-hi \u00e8 stata la prima scarpa da skateboard high-top di sempre. Con collo imbottito per un maggiore supporto della caviglia e punta rinforzata, rimane un modello unico nel suo genere. La sk8-hi \u00e8 stato il nostro secondo modello a presentare la banda laterale Vans sidestripe e da allora il suo design audace \u00e8 rimasto iconico. In questa versione l&#8217;elegante tomaia in pelle aggiunge un tocco di stile in pi\u00f9.<\/p>\n<p>\u2022 Leggendaria scarpa sidestripe\u2122 dal profilo alto<br \/>\n\u2022 Robusta tomaia in pelle premium<br \/>\n\u2022 Chiusura stringata<br \/>\n\u2022 Punta rinforzata<br \/>\n\u2022 Collo imbottito di supporto<br \/>\n\u2022 Originale suola waffle in gomma<br \/>\n\u2022 Classic sk8-hi\u00ae<\/p>\n<p>Composizione: pelle scamosciata. Modello: vn000bw7m0j.<\/p>\n","protected":false},"excerpt":{"rendered":"<p>La leggendaria scarpa che ha rivoluzionato il mondo dello skateboard dal 1978 la sk8-hi \u00e8 stata la prima scarpa da skateboard high-top di sempre. Con collo imbottito per un maggiore supporto della caviglia e punta rinforzata, rimane un modello unico nel suo genere. La sk8-hi \u00e8 stato il nostro secondo modello a presentare la banda laterale Vans sidestripe e da allora il suo design audace \u00e8 rimasto iconico. In questa versione l&#8217;elegante tomaia in pelle aggiunge un tocco di stile in pi\u00f9.<\/p>\n<p>\u2022 Leggendaria scarpa sidestripe\u2122 dal profilo alto<br \/>\n\u2022 Robusta tomaia in pelle premium<br \/>\n\u2022 Chiusura stringata<br \/>\n\u2022 Punta rinforzata<br \/>\n\u2022 Collo imbottito di supporto<br \/>\n\u2022 Originale suola waffle in gomma<br \/>\n\u2022 Classic sk8-hi\u00ae<\/p>\n<p>Composizione: pelle scamosciata. Modello: vn000bw7m0j.<\/p>\n","protected":false},"featured_media":74177,"comment_status":"open","ping_status":"closed","template":"","meta":[],"product_brand":[],"product_cat":[382,392],"product_tag":[],"class_list":{"0":"post-73559","1":"product","2":"type-product","3":"status-publish","4":"has-post-thumbnail","6":"product_cat-uomo","7":"product_cat-scarpe-da-uomo","10":"first","11":"instock","12":"shipping-taxable","13":"purchasable","14":"product-type-variable"},"_links":{"self":[{"href":"https:\/\/juxtare.store\/it\/wp-json\/wp\/v2\/product\/73559","targetHints":{"allow":["GET"]}}],"collection":[{"href":"https:\/\/juxtare.store\/it\/wp-json\/wp\/v2\/product"}],"about":[{"href":"https:\/\/juxtare.store\/it\/wp-json\/wp\/v2\/types\/product"}],"replies":[{"embeddable":true,"href":"https:\/\/juxtare.store\/it\/wp-json\/wp\/v2\/comments?post=73559"}],"wp:featuredmedia":[{"embeddable":true,"href":"https:\/\/juxtare.store\/it\/wp-json\/wp\/v2\/media\/74177"}],"wp:attachment":[{"href":"https:\/\/juxtare.store\/it\/wp-json\/wp\/v2\/media?parent=73559"}],"wp:term":[{"taxonomy":"product_brand","embeddable":true,"href":"https:\/\/juxtare.store\/it\/wp-json\/wp\/v2\/product_brand?post=73559"},{"taxonomy":"product_cat","embeddable":true,"href":"https:\/\/juxtare.store\/it\/wp-json\/wp\/v2\/product_cat?post=73559"},{"taxonomy":"product_tag","embeddable":true,"href":"https:\/\/juxtare.store\/it\/wp-json\/wp\/v2\/product_tag?post=73559"}],"curies":[{"name":"wp","href":"https:\/\/api.w.org\/{rel}","templated":true}]}}