{"id":72864,"date":"2024-08-08T07:20:27","date_gmt":"2024-08-08T05:20:27","guid":{"rendered":"https:\/\/juxtare.store\/?post_type=product&#038;p=72864"},"modified":"2024-08-30T12:33:36","modified_gmt":"2024-08-30T10:33:36","slug":"nike-mercurial-superfly-10-club-mg-fq8314-400","status":"publish","type":"product","link":"https:\/\/juxtare.store\/it\/prodotto\/nike-mercurial-superfly-10-club-mg-fq8314-400\/","title":{"rendered":"Nike mercurial superfly 10 club mg fq8314-400"},"content":{"rendered":"<p>Se sei agli inizi o giochi solo per divertirti, la scarpa club ti consente di dare il massimo in campo senza rinunciare alla qualit\u00e0. Superfly 10 \u00e8 progettata per la velocit\u00e0. Velocit\u00e0, tocco e comfort in un&#8217;unica scarpa? \u00c8 il momento di fare goal con i tuoi obiettivi. Dettagli del prodotto: la tomaia sintetica e sagomata presenta un motivo testurizzato per un migliore controllo di palla durante i dribbling ad alta velocit\u00e0. L&#8217;esclusiva struttura offre una trazione eccezionale con sgancio rapido per creare spazio. La calzata di superfly 9 \u00e8 la stessa. Il risultato \u00e8 un design che si adatta alla forma del piede. Lo abbiamo ottenuto svolgendo diversi test su centinaia di atleti. Il risultato \u00e8 una punta pi\u00f9 sagomata e un maggiore supporto sul tallone.<\/p>\n","protected":false},"excerpt":{"rendered":"<p>Se sei agli inizi o giochi solo per divertirti, la scarpa club ti consente di dare il massimo in campo senza rinunciare alla qualit\u00e0. Superfly 10 \u00e8 progettata per la velocit\u00e0. Velocit\u00e0, tocco e comfort in un&#8217;unica scarpa? \u00c8 il momento di fare goal con i tuoi obiettivi. Dettagli del prodotto: la tomaia sintetica e sagomata presenta un motivo testurizzato per un migliore controllo di palla durante i dribbling ad alta velocit\u00e0. L&#8217;esclusiva struttura offre una trazione eccezionale con sgancio rapido per creare spazio. La calzata di superfly 9 \u00e8 la stessa. Il risultato \u00e8 un design che si adatta alla forma del piede. Lo abbiamo ottenuto svolgendo diversi test su centinaia di atleti. Il risultato \u00e8 una punta pi\u00f9 sagomata e un maggiore supporto sul tallone.<\/p>\n","protected":false},"featured_media":72865,"comment_status":"open","ping_status":"closed","template":"","meta":[],"product_brand":[],"product_cat":[400,616],"product_tag":[],"class_list":{"0":"post-72864","1":"product","2":"type-product","3":"status-publish","4":"has-post-thumbnail","6":"product_cat-sport-it","7":"product_cat-scarpe-da-calcio","10":"first","11":"instock","12":"shipping-taxable","13":"purchasable","14":"product-type-variable"},"_links":{"self":[{"href":"https:\/\/juxtare.store\/it\/wp-json\/wp\/v2\/product\/72864","targetHints":{"allow":["GET"]}}],"collection":[{"href":"https:\/\/juxtare.store\/it\/wp-json\/wp\/v2\/product"}],"about":[{"href":"https:\/\/juxtare.store\/it\/wp-json\/wp\/v2\/types\/product"}],"replies":[{"embeddable":true,"href":"https:\/\/juxtare.store\/it\/wp-json\/wp\/v2\/comments?post=72864"}],"wp:featuredmedia":[{"embeddable":true,"href":"https:\/\/juxtare.store\/it\/wp-json\/wp\/v2\/media\/72865"}],"wp:attachment":[{"href":"https:\/\/juxtare.store\/it\/wp-json\/wp\/v2\/media?parent=72864"}],"wp:term":[{"taxonomy":"product_brand","embeddable":true,"href":"https:\/\/juxtare.store\/it\/wp-json\/wp\/v2\/product_brand?post=72864"},{"taxonomy":"product_cat","embeddable":true,"href":"https:\/\/juxtare.store\/it\/wp-json\/wp\/v2\/product_cat?post=72864"},{"taxonomy":"product_tag","embeddable":true,"href":"https:\/\/juxtare.store\/it\/wp-json\/wp\/v2\/product_tag?post=72864"}],"curies":[{"name":"wp","href":"https:\/\/api.w.org\/{rel}","templated":true}]}}