{"id":72139,"date":"2024-01-10T12:48:15","date_gmt":"2024-01-10T11:48:15","guid":{"rendered":"https:\/\/juxtare.store\/?post_type=product&#038;p=72139"},"modified":"2024-08-06T11:25:16","modified_gmt":"2024-08-06T09:25:16","slug":"polo-adidas-entrada-22-h57489","status":"publish","type":"product","link":"https:\/\/juxtare.store\/it\/prodotto\/polo-adidas-entrada-22-h57489\/","title":{"rendered":"Polo Adidas entrada 22 h57489"},"content":{"rendered":"<p>Stile intramontabile questa polo da calcio Adidas \u00e8 caratterizzata da linee pulite e un look senza tempo. La tecnologia antiumidit\u00e0 aeroready ti aiuta a mantenere la pelle fresca e asciutta. Questo prodotto contiene il 100% di materiali riciclati ed \u00e8 solo una delle nostre soluzioni per la lotta contro l&#8217;inquinamento causato dai rifiuti plastici.<\/p>\n","protected":false},"excerpt":{"rendered":"<p>Stile intramontabile questa polo da calcio Adidas \u00e8 caratterizzata da linee pulite e un look senza tempo. La tecnologia antiumidit\u00e0 aeroready ti aiuta a mantenere la pelle fresca e asciutta. Questo prodotto contiene il 100% di materiali riciclati ed \u00e8 solo una delle nostre soluzioni per la lotta contro l&#8217;inquinamento causato dai rifiuti plastici.<\/p>\n","protected":false},"featured_media":29135,"comment_status":"open","ping_status":"closed","template":"","meta":[],"product_brand":[],"product_cat":[400,407],"product_tag":[],"class_list":{"0":"post-72139","1":"product","2":"type-product","3":"status-publish","4":"has-post-thumbnail","6":"product_cat-sport-it","7":"product_cat-polo-tecniche","10":"first","11":"instock","12":"shipping-taxable","13":"purchasable","14":"product-type-variable"},"_links":{"self":[{"href":"https:\/\/juxtare.store\/it\/wp-json\/wp\/v2\/product\/72139","targetHints":{"allow":["GET"]}}],"collection":[{"href":"https:\/\/juxtare.store\/it\/wp-json\/wp\/v2\/product"}],"about":[{"href":"https:\/\/juxtare.store\/it\/wp-json\/wp\/v2\/types\/product"}],"replies":[{"embeddable":true,"href":"https:\/\/juxtare.store\/it\/wp-json\/wp\/v2\/comments?post=72139"}],"wp:featuredmedia":[{"embeddable":true,"href":"https:\/\/juxtare.store\/it\/wp-json\/wp\/v2\/media\/29135"}],"wp:attachment":[{"href":"https:\/\/juxtare.store\/it\/wp-json\/wp\/v2\/media?parent=72139"}],"wp:term":[{"taxonomy":"product_brand","embeddable":true,"href":"https:\/\/juxtare.store\/it\/wp-json\/wp\/v2\/product_brand?post=72139"},{"taxonomy":"product_cat","embeddable":true,"href":"https:\/\/juxtare.store\/it\/wp-json\/wp\/v2\/product_cat?post=72139"},{"taxonomy":"product_tag","embeddable":true,"href":"https:\/\/juxtare.store\/it\/wp-json\/wp\/v2\/product_tag?post=72139"}],"curies":[{"name":"wp","href":"https:\/\/api.w.org\/{rel}","templated":true}]}}