{"id":71914,"date":"2024-02-14T05:20:41","date_gmt":"2024-02-14T04:20:41","guid":{"rendered":"https:\/\/juxtare.store\/?post_type=product&#038;p=71914"},"modified":"2024-07-30T11:25:30","modified_gmt":"2024-07-30T09:25:30","slug":"t-shirt-nike-df-tiempo-premii-jsy-ss-big-kids-short-sleeve-soccer","status":"publish","type":"product","link":"https:\/\/juxtare.store\/it\/prodotto\/t-shirt-nike-df-tiempo-premii-jsy-ss-big-kids-short-sleeve-soccer\/","title":{"rendered":"T-shirt Nike df tiempo premier jsy ss big kids&#8217; short-sleeve soccer"},"content":{"rendered":"<p>La maglietta Nike dri-fit \u00e8 un capo d&#8217;abbigliamento sportivo di alta qualit\u00e0 ideale per coloro che cercano comfort e prestazioni superiori durante l&#8217;attivit\u00e0 fisica. Realizzata in tessuto poliestere traspirante la maglietta dri-fit aiuta a mantenere la pelle fresca e asciutta grazie alla sua capacit\u00e0 di allontanare l&#8217;umidit\u00e0 dal corpo. Questa tecnologia innovativa consente di rimanere concentrati sull&#8217;allenamento senza preoccuparsi di sentirsi appesantiti dal sudore. La maglietta Nike dri-fit ha una vestibilit\u00e0 aderente ma comoda per consentire libert\u00e0 di movimento senza restrizioni, inoltre la sua leggerezza e traspirabilit\u00e0 la rendono ideale per una vasta gamma di attivit\u00e0 sportive, dalla corsa al sollevamento pesi. La maglietta Nike dri-fit \u00e8 disponibile in una variet\u00e0 di colori e design per soddisfare le esigenze di ogni cliente, inoltre il logo Nike \u00e8 stampato sul petto a simboleggiare l&#8217;attenzione dell&#8217;azienda per lo stile e la qualit\u00e0. In sintesi la maglietta Nike dri-fit \u00e8 un capo d&#8217;abbigliamento sportivo di alta qualit\u00e0 con tecnologie innovative che consentono di mantenere il corpo fresco e asciutto durante l&#8217;allenamento.\u00a0 Disponibile in una vasta gamma di colori e design \u00e8 un&#8217;ottima scelta per gli sportivi che cercano comfort, prestazioni e stile.<\/p>\n","protected":false},"excerpt":{"rendered":"<p>La maglietta Nike dri-fit \u00e8 un capo d&#8217;abbigliamento sportivo di alta qualit\u00e0 ideale per coloro che cercano comfort e prestazioni superiori durante l&#8217;attivit\u00e0 fisica. Realizzata in tessuto poliestere traspirante la maglietta dri-fit aiuta a mantenere la pelle fresca e asciutta grazie alla sua capacit\u00e0 di allontanare l&#8217;umidit\u00e0 dal corpo. Questa tecnologia innovativa consente di rimanere concentrati sull&#8217;allenamento senza preoccuparsi di sentirsi appesantiti dal sudore. La maglietta Nike dri-fit ha una vestibilit\u00e0 aderente ma comoda per consentire libert\u00e0 di movimento senza restrizioni, inoltre la sua leggerezza e traspirabilit\u00e0 la rendono ideale per una vasta gamma di attivit\u00e0 sportive, dalla corsa al sollevamento pesi. La maglietta Nike dri-fit \u00e8 disponibile in una variet\u00e0 di colori e design per soddisfare le esigenze di ogni cliente, inoltre il logo Nike \u00e8 stampato sul petto a simboleggiare l&#8217;attenzione dell&#8217;azienda per lo stile e la qualit\u00e0. In sintesi la maglietta Nike dri-fit \u00e8 un capo d&#8217;abbigliamento sportivo di alta qualit\u00e0 con tecnologie innovative che consentono di mantenere il corpo fresco e asciutto durante l&#8217;allenamento.\u00a0 Disponibile in una vasta gamma di colori e design \u00e8 un&#8217;ottima scelta per gli sportivi che cercano comfort, prestazioni e stile.<\/p>\n","protected":false},"featured_media":71915,"comment_status":"open","ping_status":"closed","template":"","meta":[],"product_brand":[],"product_cat":[400,409],"product_tag":[],"class_list":{"0":"post-71914","1":"product","2":"type-product","3":"status-publish","4":"has-post-thumbnail","6":"product_cat-sport-it","7":"product_cat-t-shirt-tecniche","10":"first","11":"instock","12":"shipping-taxable","13":"purchasable","14":"product-type-variable"},"_links":{"self":[{"href":"https:\/\/juxtare.store\/it\/wp-json\/wp\/v2\/product\/71914","targetHints":{"allow":["GET"]}}],"collection":[{"href":"https:\/\/juxtare.store\/it\/wp-json\/wp\/v2\/product"}],"about":[{"href":"https:\/\/juxtare.store\/it\/wp-json\/wp\/v2\/types\/product"}],"replies":[{"embeddable":true,"href":"https:\/\/juxtare.store\/it\/wp-json\/wp\/v2\/comments?post=71914"}],"wp:featuredmedia":[{"embeddable":true,"href":"https:\/\/juxtare.store\/it\/wp-json\/wp\/v2\/media\/71915"}],"wp:attachment":[{"href":"https:\/\/juxtare.store\/it\/wp-json\/wp\/v2\/media?parent=71914"}],"wp:term":[{"taxonomy":"product_brand","embeddable":true,"href":"https:\/\/juxtare.store\/it\/wp-json\/wp\/v2\/product_brand?post=71914"},{"taxonomy":"product_cat","embeddable":true,"href":"https:\/\/juxtare.store\/it\/wp-json\/wp\/v2\/product_cat?post=71914"},{"taxonomy":"product_tag","embeddable":true,"href":"https:\/\/juxtare.store\/it\/wp-json\/wp\/v2\/product_tag?post=71914"}],"curies":[{"name":"wp","href":"https:\/\/api.w.org\/{rel}","templated":true}]}}