{"id":71804,"date":"2024-07-27T07:20:27","date_gmt":"2024-07-27T05:20:27","guid":{"rendered":"https:\/\/juxtare.store\/?post_type=product&#038;p=71804"},"modified":"2025-02-19T07:27:49","modified_gmt":"2025-02-19T06:27:49","slug":"pantaloncini-nike-dri-fit-adv-vapor-4-dr0952-010","status":"publish","type":"product","link":"https:\/\/juxtare.store\/it\/prodotto\/pantaloncini-nike-dri-fit-adv-vapor-4-dr0952-010\/","title":{"rendered":"Pantaloncini Nike dri-fit adv vapor 4 dr0952-010"},"content":{"rendered":"<p>Scendi in campo per giocare ad alta velocit\u00e0 con gli shorts Nike dri-fit adv vapor. Pensati per una traspirabilit\u00e0 ideale, sfoggiano un design che allontana l&#8217;umidit\u00e0 e mantiene la pelle fresca e asciutta anche sotto la pressione della partita. Il tessuto leggero e il fit aderente ed essenziale riducono l&#8217;aderenza alla pelle, cos\u00ec puoi concentrarti solo sul pallone. Scegli tra sei diversi colori per vestire la tua squadra. Dettagli del prodotto: la tecnologia Nike dri-fit adv unisce un tessuto che allontana l&#8217;umidit\u00e0 con lavorazione e caratteristiche avanzate per garantire pelle asciutta e comfort. Il tessuto in maglia traspirante riduce l&#8217;aderenza sulla pelle e garantisce la massima freschezza. Il design leggero \u00e8 dotato di inserti a costine e una grande elasticit\u00e0 per muoverti liberamente e trovare la tua massima velocit\u00e0 in campo. Gli inserti laterali si abbinano perfettamente ai dettagli di design della maglia Nike dri-fit adv vapor 4 per un look degno del gioco di un professionista. 100% polyester.<\/p>\n","protected":false},"excerpt":{"rendered":"<p>Scendi in campo per giocare ad alta velocit\u00e0 con gli shorts Nike dri-fit adv vapor. Pensati per una traspirabilit\u00e0 ideale, sfoggiano un design che allontana l&#8217;umidit\u00e0 e mantiene la pelle fresca e asciutta anche sotto la pressione della partita. Il tessuto leggero e il fit aderente ed essenziale riducono l&#8217;aderenza alla pelle, cos\u00ec puoi concentrarti solo sul pallone. Scegli tra sei diversi colori per vestire la tua squadra. Dettagli del prodotto: la tecnologia Nike dri-fit adv unisce un tessuto che allontana l&#8217;umidit\u00e0 con lavorazione e caratteristiche avanzate per garantire pelle asciutta e comfort. Il tessuto in maglia traspirante riduce l&#8217;aderenza sulla pelle e garantisce la massima freschezza. Il design leggero \u00e8 dotato di inserti a costine e una grande elasticit\u00e0 per muoverti liberamente e trovare la tua massima velocit\u00e0 in campo. Gli inserti laterali si abbinano perfettamente ai dettagli di design della maglia Nike dri-fit adv vapor 4 per un look degno del gioco di un professionista. 100% polyester.<\/p>\n","protected":false},"featured_media":71805,"comment_status":"open","ping_status":"closed","template":"","meta":[],"product_brand":[],"product_cat":[400,408],"product_tag":[],"class_list":{"0":"post-71804","1":"product","2":"type-product","3":"status-publish","4":"has-post-thumbnail","6":"product_cat-sport-it","7":"product_cat-pantaloncini-tecnici","10":"first","11":"instock","12":"shipping-taxable","13":"product-type-variable"},"_links":{"self":[{"href":"https:\/\/juxtare.store\/it\/wp-json\/wp\/v2\/product\/71804","targetHints":{"allow":["GET"]}}],"collection":[{"href":"https:\/\/juxtare.store\/it\/wp-json\/wp\/v2\/product"}],"about":[{"href":"https:\/\/juxtare.store\/it\/wp-json\/wp\/v2\/types\/product"}],"replies":[{"embeddable":true,"href":"https:\/\/juxtare.store\/it\/wp-json\/wp\/v2\/comments?post=71804"}],"wp:featuredmedia":[{"embeddable":true,"href":"https:\/\/juxtare.store\/it\/wp-json\/wp\/v2\/media\/71805"}],"wp:attachment":[{"href":"https:\/\/juxtare.store\/it\/wp-json\/wp\/v2\/media?parent=71804"}],"wp:term":[{"taxonomy":"product_brand","embeddable":true,"href":"https:\/\/juxtare.store\/it\/wp-json\/wp\/v2\/product_brand?post=71804"},{"taxonomy":"product_cat","embeddable":true,"href":"https:\/\/juxtare.store\/it\/wp-json\/wp\/v2\/product_cat?post=71804"},{"taxonomy":"product_tag","embeddable":true,"href":"https:\/\/juxtare.store\/it\/wp-json\/wp\/v2\/product_tag?post=71804"}],"curies":[{"name":"wp","href":"https:\/\/api.w.org\/{rel}","templated":true}]}}