{"id":71410,"date":"2024-07-24T07:21:26","date_gmt":"2024-07-24T05:21:26","guid":{"rendered":"https:\/\/juxtare.store\/?post_type=product&#038;p=71410"},"modified":"2024-07-25T11:19:25","modified_gmt":"2024-07-25T09:19:25","slug":"nike-jr-tiempo-legend-10-academy-mg-dv4348-002","status":"publish","type":"product","link":"https:\/\/juxtare.store\/it\/prodotto\/nike-jr-tiempo-legend-10-academy-mg-dv4348-002\/","title":{"rendered":"Nike jr. Tiempo Legend 10 Academy MG dv4348-002"},"content":{"rendered":"<p>Anche le leggende si evolvono. Pensata per portare il tuo gioco a un livello superiore, l&#8217;ultima versione di questa scarpa Academy \u00e8 realizzata nella nuovissima pelle tecnica Flytouch Lite. Pi\u00f9 morbida della pelle naturale, si adatta al piede senza deformarsi per dettare il ritmo del gioco. Pi\u00f9 leggera ed elegante di qualsiasi altra tiempo realizzata fino a oggi, Legend 10 si adatta a qualsiasi posizione in campo, per un passaggio filtrante in difesa o per fermare un contropiede.<\/p>\n<p><strong>Dettagli del prodotto<\/strong>:<br \/>\nvedi quei micropunti sulla tomaia? Amplificano le zone di contatto per tiri, dribbling e passaggi. Sono pensati per un look pi\u00f9 elegante e un&#8217;imbottitura extra. Inoltre, non compromettono il controllo di palla.<br \/>\nAbbiamo ridotto i pod in schiuma della Tiempo 9, in modo da migliorare il contatto del piede con la palla. E abbiamo anche sagomato le linee nella scarpa.<br \/>\nLa pelle tecnica Flytouch Lite \u00e8 incredibilmente morbida. Consente di adattare la scarpa al piede per un comfort costante che non deforma il materiale. La struttura della linguetta, con imbottitura aggiuntiva, offre una calzata sicura e un comfort costante nei punti principali di battuta.<br \/>\nLa fodera in microfibra offre una calzata di prima qualit\u00e0. Il piatto suola unisce tacchetti conici nel tallone per una trazione e una stabilit\u00e0 ideali durante i cambi di direzione e le frenate, in qualsiasi condizione.<br \/>\nLa tradizionale linguetta in pelle e il bordo in pelle intorno alla caviglia offrono una calzata confortevole ed elasticizzata.<br \/>\nLa finitura Wet Touch offre un tocco affidabile su superfici asciutte e bagnate.<\/p>\n","protected":false},"excerpt":{"rendered":"<p>Anche le leggende si evolvono. Pensata per portare il tuo gioco a un livello superiore, l&#8217;ultima versione di questa scarpa Academy \u00e8 realizzata nella nuovissima pelle tecnica Flytouch Lite. Pi\u00f9 morbida della pelle naturale, si adatta al piede senza deformarsi per dettare il ritmo del gioco. Pi\u00f9 leggera ed elegante di qualsiasi altra tiempo realizzata fino a oggi, Legend 10 si adatta a qualsiasi posizione in campo, per un passaggio filtrante in difesa o per fermare un contropiede.<\/p>\n<p><strong>Dettagli del prodotto<\/strong>:<br \/>\nvedi quei micropunti sulla tomaia? Amplificano le zone di contatto per tiri, dribbling e passaggi. Sono pensati per un look pi\u00f9 elegante e un&#8217;imbottitura extra. Inoltre, non compromettono il controllo di palla.<br \/>\nAbbiamo ridotto i pod in schiuma della Tiempo 9, in modo da migliorare il contatto del piede con la palla. E abbiamo anche sagomato le linee nella scarpa.<br \/>\nLa pelle tecnica Flytouch Lite \u00e8 incredibilmente morbida. Consente di adattare la scarpa al piede per un comfort costante che non deforma il materiale. La struttura della linguetta, con imbottitura aggiuntiva, offre una calzata sicura e un comfort costante nei punti principali di battuta.<br \/>\nLa fodera in microfibra offre una calzata di prima qualit\u00e0. Il piatto suola unisce tacchetti conici nel tallone per una trazione e una stabilit\u00e0 ideali durante i cambi di direzione e le frenate, in qualsiasi condizione.<br \/>\nLa tradizionale linguetta in pelle e il bordo in pelle intorno alla caviglia offrono una calzata confortevole ed elasticizzata.<br \/>\nLa finitura Wet Touch offre un tocco affidabile su superfici asciutte e bagnate.<\/p>\n","protected":false},"featured_media":71411,"comment_status":"open","ping_status":"closed","template":"","meta":[],"product_brand":[636],"product_cat":[400,616],"product_tag":[],"class_list":{"0":"post-71410","1":"product","2":"type-product","3":"status-publish","4":"has-post-thumbnail","6":"product_brand-nike-it","7":"product_cat-sport-it","8":"product_cat-scarpe-da-calcio","11":"first","12":"instock","13":"shipping-taxable","14":"purchasable","15":"product-type-variable"},"_links":{"self":[{"href":"https:\/\/juxtare.store\/it\/wp-json\/wp\/v2\/product\/71410","targetHints":{"allow":["GET"]}}],"collection":[{"href":"https:\/\/juxtare.store\/it\/wp-json\/wp\/v2\/product"}],"about":[{"href":"https:\/\/juxtare.store\/it\/wp-json\/wp\/v2\/types\/product"}],"replies":[{"embeddable":true,"href":"https:\/\/juxtare.store\/it\/wp-json\/wp\/v2\/comments?post=71410"}],"wp:featuredmedia":[{"embeddable":true,"href":"https:\/\/juxtare.store\/it\/wp-json\/wp\/v2\/media\/71411"}],"wp:attachment":[{"href":"https:\/\/juxtare.store\/it\/wp-json\/wp\/v2\/media?parent=71410"}],"wp:term":[{"taxonomy":"product_brand","embeddable":true,"href":"https:\/\/juxtare.store\/it\/wp-json\/wp\/v2\/product_brand?post=71410"},{"taxonomy":"product_cat","embeddable":true,"href":"https:\/\/juxtare.store\/it\/wp-json\/wp\/v2\/product_cat?post=71410"},{"taxonomy":"product_tag","embeddable":true,"href":"https:\/\/juxtare.store\/it\/wp-json\/wp\/v2\/product_tag?post=71410"}],"curies":[{"name":"wp","href":"https:\/\/api.w.org\/{rel}","templated":true}]}}