{"id":69784,"date":"2024-06-20T07:21:47","date_gmt":"2024-06-20T05:21:47","guid":{"rendered":"https:\/\/juxtare.store\/?post_type=product&#038;p=69784"},"modified":"2024-06-20T11:12:36","modified_gmt":"2024-06-20T09:12:36","slug":"cappello-nike-dri-fit-pro-fb5380-010","status":"publish","type":"product","link":"https:\/\/juxtare.store\/it\/prodotto\/cappello-nike-dri-fit-pro-fb5380-010\/","title":{"rendered":"Cappello Nike dri-fit pro fb5380-010"},"content":{"rendered":"<p>Indossa il nostro cappello Nike pro e completa qualsiasi outfit con una classica finitura ispirata al diamante del baseball. La corona strutturata con profondit\u00e0 massima \u00e8 pi\u00f9 alta sulla testa per un look da giocatore da professionista. La tecnologia traspirante mantiene la pelle fresca e asciutta durante l&#8217;allenamento. Dettagli del prodotto: la tecnologia Nike dri-fit allontana il sudore per favorirne una rapida evaporazione e mantenere la pelle asciutta per un comfort ideale. Il cappello Nike pro \u00e8 un modello tradizionale ad alta profondit\u00e0 per un classico stile baseball. La chiusura a pressione sul retro \u00e8 regolabile e regala cos\u00ec un fit ideale. 100% polyester.<\/p>\n","protected":false},"excerpt":{"rendered":"<p>Indossa il nostro cappello Nike pro e completa qualsiasi outfit con una classica finitura ispirata al diamante del baseball. La corona strutturata con profondit\u00e0 massima \u00e8 pi\u00f9 alta sulla testa per un look da giocatore da professionista. La tecnologia traspirante mantiene la pelle fresca e asciutta durante l&#8217;allenamento. Dettagli del prodotto: la tecnologia Nike dri-fit allontana il sudore per favorirne una rapida evaporazione e mantenere la pelle asciutta per un comfort ideale. Il cappello Nike pro \u00e8 un modello tradizionale ad alta profondit\u00e0 per un classico stile baseball. La chiusura a pressione sul retro \u00e8 regolabile e regala cos\u00ec un fit ideale. 100% polyester.<\/p>\n","protected":false},"featured_media":69785,"comment_status":"open","ping_status":"closed","template":"","meta":[],"product_brand":[],"product_cat":[363,383],"product_tag":[],"class_list":{"0":"post-69784","1":"product","2":"type-product","3":"status-publish","4":"has-post-thumbnail","6":"product_cat-accessori","7":"product_cat-berretti-cappelli","10":"first","11":"instock","12":"shipping-taxable","13":"purchasable","14":"product-type-variable"},"_links":{"self":[{"href":"https:\/\/juxtare.store\/it\/wp-json\/wp\/v2\/product\/69784","targetHints":{"allow":["GET"]}}],"collection":[{"href":"https:\/\/juxtare.store\/it\/wp-json\/wp\/v2\/product"}],"about":[{"href":"https:\/\/juxtare.store\/it\/wp-json\/wp\/v2\/types\/product"}],"replies":[{"embeddable":true,"href":"https:\/\/juxtare.store\/it\/wp-json\/wp\/v2\/comments?post=69784"}],"wp:featuredmedia":[{"embeddable":true,"href":"https:\/\/juxtare.store\/it\/wp-json\/wp\/v2\/media\/69785"}],"wp:attachment":[{"href":"https:\/\/juxtare.store\/it\/wp-json\/wp\/v2\/media?parent=69784"}],"wp:term":[{"taxonomy":"product_brand","embeddable":true,"href":"https:\/\/juxtare.store\/it\/wp-json\/wp\/v2\/product_brand?post=69784"},{"taxonomy":"product_cat","embeddable":true,"href":"https:\/\/juxtare.store\/it\/wp-json\/wp\/v2\/product_cat?post=69784"},{"taxonomy":"product_tag","embeddable":true,"href":"https:\/\/juxtare.store\/it\/wp-json\/wp\/v2\/product_tag?post=69784"}],"curies":[{"name":"wp","href":"https:\/\/api.w.org\/{rel}","templated":true}]}}