{"id":69778,"date":"2024-06-20T07:21:56","date_gmt":"2024-06-20T05:21:56","guid":{"rendered":"https:\/\/juxtare.store\/?post_type=product&#038;p=69778"},"modified":"2024-07-05T07:24:12","modified_gmt":"2024-07-05T05:24:12","slug":"cappello-nike-club-fb5368-100","status":"publish","type":"product","link":"https:\/\/juxtare.store\/it\/prodotto\/cappello-nike-club-fb5368-100\/","title":{"rendered":"Cappello Nike club fb5368-100"},"content":{"rendered":"<p>Con un classico design di profondit\u00e0 media e numerose opzioni di stile, questo cappello Nike club \u00e8 realizzato in morbido twill di cotone sottoposto a un lavaggio delicato per un comfort ideale fin dal primo giorno. La visiera precurvata si presta a uno stile casual, mentre la fascetta regolabile sul retro consente di trovare il fit perfetto. Dettagli del prodotto: i cappelli Nike club sfoggiano un design a media profondit\u00e0 dallo stile classico e versatile per qualsiasi occasione. Il twill di cotone \u00e8 morbido e liscio sulla pelle per un comfort che dura tutto il giorno. Il design a profondit\u00e0 media arriva appena sopra la testa per un profilo versatile, casual e facile da abbinare. La chiusura posteriore \u00e8 regolabile grazie al cursore in metallo. La fascetta posteriore in eccesso pu\u00f2 essere facilmente nascosta nella fascia. 100% cotton.<\/p>\n","protected":false},"excerpt":{"rendered":"<p>Con un classico design di profondit\u00e0 media e numerose opzioni di stile, questo cappello Nike club \u00e8 realizzato in morbido twill di cotone sottoposto a un lavaggio delicato per un comfort ideale fin dal primo giorno. La visiera precurvata si presta a uno stile casual, mentre la fascetta regolabile sul retro consente di trovare il fit perfetto. Dettagli del prodotto: i cappelli Nike club sfoggiano un design a media profondit\u00e0 dallo stile classico e versatile per qualsiasi occasione. Il twill di cotone \u00e8 morbido e liscio sulla pelle per un comfort che dura tutto il giorno. Il design a profondit\u00e0 media arriva appena sopra la testa per un profilo versatile, casual e facile da abbinare. La chiusura posteriore \u00e8 regolabile grazie al cursore in metallo. La fascetta posteriore in eccesso pu\u00f2 essere facilmente nascosta nella fascia. 100% cotton.<\/p>\n","protected":false},"featured_media":69779,"comment_status":"open","ping_status":"closed","template":"","meta":[],"product_brand":[],"product_cat":[363,383],"product_tag":[],"class_list":{"0":"post-69778","1":"product","2":"type-product","3":"status-publish","4":"has-post-thumbnail","6":"product_cat-accessori","7":"product_cat-berretti-cappelli","10":"first","11":"instock","12":"shipping-taxable","13":"purchasable","14":"product-type-variable"},"_links":{"self":[{"href":"https:\/\/juxtare.store\/it\/wp-json\/wp\/v2\/product\/69778","targetHints":{"allow":["GET"]}}],"collection":[{"href":"https:\/\/juxtare.store\/it\/wp-json\/wp\/v2\/product"}],"about":[{"href":"https:\/\/juxtare.store\/it\/wp-json\/wp\/v2\/types\/product"}],"replies":[{"embeddable":true,"href":"https:\/\/juxtare.store\/it\/wp-json\/wp\/v2\/comments?post=69778"}],"wp:featuredmedia":[{"embeddable":true,"href":"https:\/\/juxtare.store\/it\/wp-json\/wp\/v2\/media\/69779"}],"wp:attachment":[{"href":"https:\/\/juxtare.store\/it\/wp-json\/wp\/v2\/media?parent=69778"}],"wp:term":[{"taxonomy":"product_brand","embeddable":true,"href":"https:\/\/juxtare.store\/it\/wp-json\/wp\/v2\/product_brand?post=69778"},{"taxonomy":"product_cat","embeddable":true,"href":"https:\/\/juxtare.store\/it\/wp-json\/wp\/v2\/product_cat?post=69778"},{"taxonomy":"product_tag","embeddable":true,"href":"https:\/\/juxtare.store\/it\/wp-json\/wp\/v2\/product_tag?post=69778"}],"curies":[{"name":"wp","href":"https:\/\/api.w.org\/{rel}","templated":true}]}}