{"id":69362,"date":"2024-06-15T07:20:20","date_gmt":"2024-06-15T05:20:20","guid":{"rendered":"https:\/\/juxtare.store\/?post_type=product&#038;p=69362"},"modified":"2024-06-17T12:40:04","modified_gmt":"2024-06-17T10:40:04","slug":"reggiseno-sportivo-imbottito-a-sostegno-medio-nike-hf5961-068","status":"publish","type":"product","link":"https:\/\/juxtare.store\/it\/prodotto\/reggiseno-sportivo-imbottito-a-sostegno-medio-nike-hf5961-068\/","title":{"rendered":"Reggiseno sportivo imbottito a sostegno medio Nike hf5961-068"},"content":{"rendered":"<p>Questo reggiseno sportivo ti offre uno stile audace con una sensazione contenuta per poterti allenare in tutta sicurezza. Ottimo per allenamenti e lezioni di danza, il supporto medio offre una presa aderente che aiuta a mantenere tutto a posto. Le spalline convertibili e le imbottiture rimovibili ti danno la libert\u00e0 di indossarlo a modo tuo. Dettagli del prodotto: le cinghie si regolano in pi\u00f9 di un modo. Scegli la lunghezza perfetta con i cursori sul retro o addirittura converti le spalline in stile vogatore per un look pi\u00f9 sportivo e un supporto pi\u00f9 avanzato. La tecnologia Nike dri-fit allontana il sudore dalla pelle per un&#8217;evaporazione pi\u00f9 rapida, aiutandoti a rimanere asciutta e comoda. Il taglio centrale sul davanti e la profonda scollatura offrono un&#8217;abbondante circolazione dell&#8217;aria. 72% poliestere, 28% elastan.<\/p>\n","protected":false},"excerpt":{"rendered":"<p>Questo reggiseno sportivo ti offre uno stile audace con una sensazione contenuta per poterti allenare in tutta sicurezza. Ottimo per allenamenti e lezioni di danza, il supporto medio offre una presa aderente che aiuta a mantenere tutto a posto. Le spalline convertibili e le imbottiture rimovibili ti danno la libert\u00e0 di indossarlo a modo tuo. Dettagli del prodotto: le cinghie si regolano in pi\u00f9 di un modo. Scegli la lunghezza perfetta con i cursori sul retro o addirittura converti le spalline in stile vogatore per un look pi\u00f9 sportivo e un supporto pi\u00f9 avanzato. La tecnologia Nike dri-fit allontana il sudore dalla pelle per un&#8217;evaporazione pi\u00f9 rapida, aiutandoti a rimanere asciutta e comoda. Il taglio centrale sul davanti e la profonda scollatura offrono un&#8217;abbondante circolazione dell&#8217;aria. 72% poliestere, 28% elastan.<\/p>\n","protected":false},"featured_media":69363,"comment_status":"open","ping_status":"closed","template":"","meta":[],"product_brand":[],"product_cat":[400,410],"product_tag":[],"class_list":{"0":"post-69362","1":"product","2":"type-product","3":"status-publish","4":"has-post-thumbnail","6":"product_cat-sport-it","7":"product_cat-top-e-reggiseni-sportivi","10":"first","11":"instock","12":"shipping-taxable","13":"purchasable","14":"product-type-variable"},"_links":{"self":[{"href":"https:\/\/juxtare.store\/it\/wp-json\/wp\/v2\/product\/69362","targetHints":{"allow":["GET"]}}],"collection":[{"href":"https:\/\/juxtare.store\/it\/wp-json\/wp\/v2\/product"}],"about":[{"href":"https:\/\/juxtare.store\/it\/wp-json\/wp\/v2\/types\/product"}],"replies":[{"embeddable":true,"href":"https:\/\/juxtare.store\/it\/wp-json\/wp\/v2\/comments?post=69362"}],"wp:featuredmedia":[{"embeddable":true,"href":"https:\/\/juxtare.store\/it\/wp-json\/wp\/v2\/media\/69363"}],"wp:attachment":[{"href":"https:\/\/juxtare.store\/it\/wp-json\/wp\/v2\/media?parent=69362"}],"wp:term":[{"taxonomy":"product_brand","embeddable":true,"href":"https:\/\/juxtare.store\/it\/wp-json\/wp\/v2\/product_brand?post=69362"},{"taxonomy":"product_cat","embeddable":true,"href":"https:\/\/juxtare.store\/it\/wp-json\/wp\/v2\/product_cat?post=69362"},{"taxonomy":"product_tag","embeddable":true,"href":"https:\/\/juxtare.store\/it\/wp-json\/wp\/v2\/product_tag?post=69362"}],"curies":[{"name":"wp","href":"https:\/\/api.w.org\/{rel}","templated":true}]}}