{"id":69059,"date":"2024-06-13T07:22:38","date_gmt":"2024-06-13T05:22:38","guid":{"rendered":"https:\/\/juxtare.store\/?post_type=product&#038;p=69059"},"modified":"2025-11-14T10:18:08","modified_gmt":"2025-11-14T09:18:08","slug":"set-uomo-danubio-iii-bianco-blu-navy-joma-103732-203","status":"publish","type":"product","link":"https:\/\/juxtare.store\/it\/prodotto\/set-uomo-danubio-iii-bianco-blu-navy-joma-103732-203\/","title":{"rendered":"Set uomo danubio III bianco blu navy Joma 103732.203"},"content":{"rendered":"<p>Completo sportivo da uomo. Modello per allenamento e gioco di calcio. Questo completo \u00e8 composto da una maglia a maniche corte e pantaloncini. \u00c8 leggero, comodo, traspirante e offre un&#8217;eccellente libert\u00e0 di movimento. La maglia ha un collo a V con una fascia elastica interna per ottimizzare la vestibilit\u00e0 e prevenire eventuali irritazioni. Design con tagli a contrasto di colore. D&#8217;altra parte i pantaloncini presentano una vita elastica regolabile tramite cordino interno. Realizzato in tessuto leggero e resistente alla trazione, che ne prolunga la durata. Inoltre \u00e8 traspirante e contribuisce alla regolazione del sudore. Logo Joma stampato. Maniche corte, collo a V, libert\u00e0 di movimento. Tipo di vestibilit\u00e0: semi aderente, 100% poliestere.<\/p>\n","protected":false},"excerpt":{"rendered":"<p>Completo sportivo da uomo. Modello per allenamento e gioco di calcio. Questo completo \u00e8 composto da una maglia a maniche corte e pantaloncini. \u00c8 leggero, comodo, traspirante e offre un&#8217;eccellente libert\u00e0 di movimento. La maglia ha un collo a V con una fascia elastica interna per ottimizzare la vestibilit\u00e0 e prevenire eventuali irritazioni. Design con tagli a contrasto di colore. D&#8217;altra parte i pantaloncini presentano una vita elastica regolabile tramite cordino interno. Realizzato in tessuto leggero e resistente alla trazione, che ne prolunga la durata. Inoltre \u00e8 traspirante e contribuisce alla regolazione del sudore. Logo Joma stampato. Maniche corte, collo a V, libert\u00e0 di movimento. Tipo di vestibilit\u00e0: semi aderente, 100% poliestere.<\/p>\n","protected":false},"featured_media":69060,"comment_status":"open","ping_status":"closed","template":"","meta":[],"product_brand":[],"product_cat":[400,402],"product_tag":[],"class_list":{"0":"post-69059","1":"product","2":"type-product","3":"status-publish","4":"has-post-thumbnail","6":"product_cat-sport-it","7":"product_cat-kit-da-calcio","10":"first","11":"instock","12":"shipping-taxable","13":"purchasable","14":"product-type-variable"},"_links":{"self":[{"href":"https:\/\/juxtare.store\/it\/wp-json\/wp\/v2\/product\/69059","targetHints":{"allow":["GET"]}}],"collection":[{"href":"https:\/\/juxtare.store\/it\/wp-json\/wp\/v2\/product"}],"about":[{"href":"https:\/\/juxtare.store\/it\/wp-json\/wp\/v2\/types\/product"}],"replies":[{"embeddable":true,"href":"https:\/\/juxtare.store\/it\/wp-json\/wp\/v2\/comments?post=69059"}],"wp:featuredmedia":[{"embeddable":true,"href":"https:\/\/juxtare.store\/it\/wp-json\/wp\/v2\/media\/69060"}],"wp:attachment":[{"href":"https:\/\/juxtare.store\/it\/wp-json\/wp\/v2\/media?parent=69059"}],"wp:term":[{"taxonomy":"product_brand","embeddable":true,"href":"https:\/\/juxtare.store\/it\/wp-json\/wp\/v2\/product_brand?post=69059"},{"taxonomy":"product_cat","embeddable":true,"href":"https:\/\/juxtare.store\/it\/wp-json\/wp\/v2\/product_cat?post=69059"},{"taxonomy":"product_tag","embeddable":true,"href":"https:\/\/juxtare.store\/it\/wp-json\/wp\/v2\/product_tag?post=69059"}],"curies":[{"name":"wp","href":"https:\/\/api.w.org\/{rel}","templated":true}]}}