{"id":69045,"date":"2024-06-13T07:23:00","date_gmt":"2024-06-13T05:23:00","guid":{"rendered":"https:\/\/juxtare.store\/?post_type=product&#038;p=69045"},"modified":"2025-11-14T10:18:19","modified_gmt":"2025-11-14T09:18:19","slug":"pantaloncino-tecnico-uomo-adidas-tiro24-ir9335","status":"publish","type":"product","link":"https:\/\/juxtare.store\/it\/prodotto\/pantaloncino-tecnico-uomo-adidas-tiro24-ir9335\/","title":{"rendered":"Pantaloncino tecnico uomo Adidas tiro24 ir9335"},"content":{"rendered":"<p>Questi short Adidas tiro 24 sono perfetti per le sessioni di allenamento pi\u00f9 impegnative. Creati per favorire i movimenti pi\u00f9 rapidi, sono realizzati in morbido tessuto interlock con tecnologia antiumidit\u00e0 aeroready per aiutarti a mantenere la pelle fresca e asciutta. Le tasche con zip sono perfette per custodire i piccoli oggetti come le barrette energetiche. Questo prodotto \u00e8 realizzato al 100% con materiali riciclati. Implementare la nostra produzione con materiali riciclati ci permette di ridurre gli sprechi, l&#8217;utilizzo di fonti non rinnovabili e l&#8217;impatto ambientale dei prodotti che produciamo.<\/p>\n","protected":false},"excerpt":{"rendered":"<p>Questi short Adidas tiro 24 sono perfetti per le sessioni di allenamento pi\u00f9 impegnative. Creati per favorire i movimenti pi\u00f9 rapidi, sono realizzati in morbido tessuto interlock con tecnologia antiumidit\u00e0 aeroready per aiutarti a mantenere la pelle fresca e asciutta. Le tasche con zip sono perfette per custodire i piccoli oggetti come le barrette energetiche. Questo prodotto \u00e8 realizzato al 100% con materiali riciclati. Implementare la nostra produzione con materiali riciclati ci permette di ridurre gli sprechi, l&#8217;utilizzo di fonti non rinnovabili e l&#8217;impatto ambientale dei prodotti che produciamo.<\/p>\n","protected":false},"featured_media":69046,"comment_status":"open","ping_status":"closed","template":"","meta":[],"product_brand":[],"product_cat":[400,408],"product_tag":[],"class_list":{"0":"post-69045","1":"product","2":"type-product","3":"status-publish","4":"has-post-thumbnail","6":"product_cat-sport-it","7":"product_cat-pantaloncini-tecnici","10":"first","11":"instock","12":"shipping-taxable","13":"purchasable","14":"product-type-variable"},"_links":{"self":[{"href":"https:\/\/juxtare.store\/it\/wp-json\/wp\/v2\/product\/69045","targetHints":{"allow":["GET"]}}],"collection":[{"href":"https:\/\/juxtare.store\/it\/wp-json\/wp\/v2\/product"}],"about":[{"href":"https:\/\/juxtare.store\/it\/wp-json\/wp\/v2\/types\/product"}],"replies":[{"embeddable":true,"href":"https:\/\/juxtare.store\/it\/wp-json\/wp\/v2\/comments?post=69045"}],"wp:featuredmedia":[{"embeddable":true,"href":"https:\/\/juxtare.store\/it\/wp-json\/wp\/v2\/media\/69046"}],"wp:attachment":[{"href":"https:\/\/juxtare.store\/it\/wp-json\/wp\/v2\/media?parent=69045"}],"wp:term":[{"taxonomy":"product_brand","embeddable":true,"href":"https:\/\/juxtare.store\/it\/wp-json\/wp\/v2\/product_brand?post=69045"},{"taxonomy":"product_cat","embeddable":true,"href":"https:\/\/juxtare.store\/it\/wp-json\/wp\/v2\/product_cat?post=69045"},{"taxonomy":"product_tag","embeddable":true,"href":"https:\/\/juxtare.store\/it\/wp-json\/wp\/v2\/product_tag?post=69045"}],"curies":[{"name":"wp","href":"https:\/\/api.w.org\/{rel}","templated":true}]}}