{"id":67622,"date":"2024-05-18T07:20:21","date_gmt":"2024-05-18T05:20:21","guid":{"rendered":"https:\/\/juxtare.store\/?post_type=product&#038;p=67622"},"modified":"2024-05-21T13:28:20","modified_gmt":"2024-05-21T11:28:20","slug":"t-shirt-uomo-adidas-is3234","status":"publish","type":"product","link":"https:\/\/juxtare.store\/it\/prodotto\/t-shirt-uomo-adidas-is3234\/","title":{"rendered":"T-shirt uomo Adidas is3234"},"content":{"rendered":"<p>Un must casual per ogni occasione. Realizzata in morbido cotone, questa t-shirt presenta un logo Adidas Badge of sport in rilievo sul petto che lascia il segno. Abbinala a un paio di jeans per un brunch nel weekend o a un paio di short sartoriali per una serata in citt\u00e0. Ovunque ti porti la tua giornata, questa t-shirt \u00e8 pronta ad accompagnarti. Il cotone di questo prodotto \u00e8 stato reperito tramite Better cotton. Questo si approvvigiona attraverso un modello di catena di custodia chiamato bilancio di massa. Questo \u00e8 un sistema che consente di sostituire o miscelare Better cotton con cotone convenzionale a condizione che volumi equivalenti provengano da Better cotton.<\/p>\n","protected":false},"excerpt":{"rendered":"<p>Un must casual per ogni occasione. Realizzata in morbido cotone, questa t-shirt presenta un logo Adidas Badge of sport in rilievo sul petto che lascia il segno. Abbinala a un paio di jeans per un brunch nel weekend o a un paio di short sartoriali per una serata in citt\u00e0. Ovunque ti porti la tua giornata, questa t-shirt \u00e8 pronta ad accompagnarti. Il cotone di questo prodotto \u00e8 stato reperito tramite Better cotton. Questo si approvvigiona attraverso un modello di catena di custodia chiamato bilancio di massa. Questo \u00e8 un sistema che consente di sostituire o miscelare Better cotton con cotone convenzionale a condizione che volumi equivalenti provengano da Better cotton.<\/p>\n","protected":false},"featured_media":67624,"comment_status":"open","ping_status":"closed","template":"","meta":[],"product_brand":[],"product_cat":[382,397],"product_tag":[],"class_list":{"0":"post-67622","1":"product","2":"type-product","3":"status-publish","4":"has-post-thumbnail","6":"product_cat-uomo","7":"product_cat-t-shirt-da-uomo","10":"first","11":"instock","12":"shipping-taxable","13":"purchasable","14":"product-type-variable"},"_links":{"self":[{"href":"https:\/\/juxtare.store\/it\/wp-json\/wp\/v2\/product\/67622","targetHints":{"allow":["GET"]}}],"collection":[{"href":"https:\/\/juxtare.store\/it\/wp-json\/wp\/v2\/product"}],"about":[{"href":"https:\/\/juxtare.store\/it\/wp-json\/wp\/v2\/types\/product"}],"replies":[{"embeddable":true,"href":"https:\/\/juxtare.store\/it\/wp-json\/wp\/v2\/comments?post=67622"}],"wp:featuredmedia":[{"embeddable":true,"href":"https:\/\/juxtare.store\/it\/wp-json\/wp\/v2\/media\/67624"}],"wp:attachment":[{"href":"https:\/\/juxtare.store\/it\/wp-json\/wp\/v2\/media?parent=67622"}],"wp:term":[{"taxonomy":"product_brand","embeddable":true,"href":"https:\/\/juxtare.store\/it\/wp-json\/wp\/v2\/product_brand?post=67622"},{"taxonomy":"product_cat","embeddable":true,"href":"https:\/\/juxtare.store\/it\/wp-json\/wp\/v2\/product_cat?post=67622"},{"taxonomy":"product_tag","embeddable":true,"href":"https:\/\/juxtare.store\/it\/wp-json\/wp\/v2\/product_tag?post=67622"}],"curies":[{"name":"wp","href":"https:\/\/api.w.org\/{rel}","templated":true}]}}