{"id":67583,"date":"2024-05-18T07:22:53","date_gmt":"2024-05-18T05:22:53","guid":{"rendered":"https:\/\/juxtare.store\/?post_type=product&#038;p=67583"},"modified":"2024-05-21T12:32:17","modified_gmt":"2024-05-21T10:32:17","slug":"cappello-adidas-ic9707","status":"publish","type":"product","link":"https:\/\/juxtare.store\/it\/prodotto\/cappello-adidas-ic9707\/","title":{"rendered":"Cappello Adidas ic9707"},"content":{"rendered":"<p>Radicato nel dna sportivo Adidas, questo cappellino \u00e8 adatto a qualsiasi attivit\u00e0, dalle escursioni alle gite in bicicletta. La struttura in cotone assicura morbidezza e traspirabilit\u00e0, mentre la chiusura con bottone a pressione sul retro permette di regolare la vestibilit\u00e0. Almeno il 50% di questo prodotto \u00e8 costituito da un mix di materiali riciclati e rinnovabili.<\/p>\n","protected":false},"excerpt":{"rendered":"<p>Radicato nel dna sportivo Adidas, questo cappellino \u00e8 adatto a qualsiasi attivit\u00e0, dalle escursioni alle gite in bicicletta. La struttura in cotone assicura morbidezza e traspirabilit\u00e0, mentre la chiusura con bottone a pressione sul retro permette di regolare la vestibilit\u00e0. Almeno il 50% di questo prodotto \u00e8 costituito da un mix di materiali riciclati e rinnovabili.<\/p>\n","protected":false},"featured_media":67585,"comment_status":"open","ping_status":"closed","template":"","meta":[],"product_brand":[],"product_cat":[363,383],"product_tag":[],"class_list":{"0":"post-67583","1":"product","2":"type-product","3":"status-publish","4":"has-post-thumbnail","6":"product_cat-accessori","7":"product_cat-berretti-cappelli","10":"first","11":"instock","12":"shipping-taxable","13":"purchasable","14":"product-type-variable"},"_links":{"self":[{"href":"https:\/\/juxtare.store\/it\/wp-json\/wp\/v2\/product\/67583","targetHints":{"allow":["GET"]}}],"collection":[{"href":"https:\/\/juxtare.store\/it\/wp-json\/wp\/v2\/product"}],"about":[{"href":"https:\/\/juxtare.store\/it\/wp-json\/wp\/v2\/types\/product"}],"replies":[{"embeddable":true,"href":"https:\/\/juxtare.store\/it\/wp-json\/wp\/v2\/comments?post=67583"}],"wp:featuredmedia":[{"embeddable":true,"href":"https:\/\/juxtare.store\/it\/wp-json\/wp\/v2\/media\/67585"}],"wp:attachment":[{"href":"https:\/\/juxtare.store\/it\/wp-json\/wp\/v2\/media?parent=67583"}],"wp:term":[{"taxonomy":"product_brand","embeddable":true,"href":"https:\/\/juxtare.store\/it\/wp-json\/wp\/v2\/product_brand?post=67583"},{"taxonomy":"product_cat","embeddable":true,"href":"https:\/\/juxtare.store\/it\/wp-json\/wp\/v2\/product_cat?post=67583"},{"taxonomy":"product_tag","embeddable":true,"href":"https:\/\/juxtare.store\/it\/wp-json\/wp\/v2\/product_tag?post=67583"}],"curies":[{"name":"wp","href":"https:\/\/api.w.org\/{rel}","templated":true}]}}