{"id":67213,"date":"2024-02-23T16:24:25","date_gmt":"2024-02-23T15:24:25","guid":{"rendered":"https:\/\/juxtare.store\/prodotto\/guanti-alpinestars-tech-1-k-race-v2-2023-giallo-fluo\/"},"modified":"2024-05-16T19:02:13","modified_gmt":"2024-05-16T17:02:13","slug":"guanti-alpinestars-tech-1-k-race-v2-2023-giallo-fluo","status":"publish","type":"product","link":"https:\/\/juxtare.store\/it\/prodotto\/guanti-alpinestars-tech-1-k-race-v2-2023-giallo-fluo\/","title":{"rendered":"Guanti Alpinestars TECH-1 K RACE V2 2023 Giallo fluo"},"content":{"rendered":"<p>Alpinestars ha progettato i guanti da kart Tech 1-K race V2 per offrire alti livelli di resistenza e prestazioni con vestibilit\u00e0 e sensibilit\u00e0 eccezionali. Il materiale a rete in poliestere ottimizza la sensazione e aggiunge comfort nelle gare calde. Il palmo in pelle scamosciata sintetica con stampa in silicone offre resistenza e presa migliorata. La maglia tra le dita consente il flusso d&#8217;aria riducendo la sudorazione. Il design pre-curvato delle dita e del palmo riduce il raggruppamento di materiale per un migliore comfort. Inoltre il tessuto met\u00e0 rete e met\u00e0 lycra sulle dita, offre livelli ottimali di ventilazione, flessibilit\u00e0 e comfort. Il polsino aperto con elastico a 180 gradi consente un facile accesso e una vestibilit\u00e0 sicura. Il materiale compatibile con il touchscreen viene utilizzato sulle punte delle dita in modo da poter utilizzare telefoni e tablet senza la necessit\u00e0 di rimuovere i guanti.<\/p>\n","protected":false},"excerpt":{"rendered":"<p>Guanti Alpinestars TECH-1 K RACE V2 2023 Giallo fluo<\/p>\n","protected":false},"featured_media":67214,"comment_status":"open","ping_status":"closed","template":"","meta":[],"product_brand":[901],"product_cat":[509],"product_tag":[501],"class_list":{"0":"post-67213","1":"product","2":"type-product","3":"status-publish","4":"has-post-thumbnail","6":"product_brand-alpinestars-it","7":"product_cat-sport-guanti-da-pilota","8":"product_tag-karting-it","11":"first","12":"instock","13":"shipping-taxable","14":"purchasable","15":"product-type-variable"},"_links":{"self":[{"href":"https:\/\/juxtare.store\/it\/wp-json\/wp\/v2\/product\/67213","targetHints":{"allow":["GET"]}}],"collection":[{"href":"https:\/\/juxtare.store\/it\/wp-json\/wp\/v2\/product"}],"about":[{"href":"https:\/\/juxtare.store\/it\/wp-json\/wp\/v2\/types\/product"}],"replies":[{"embeddable":true,"href":"https:\/\/juxtare.store\/it\/wp-json\/wp\/v2\/comments?post=67213"}],"wp:featuredmedia":[{"embeddable":true,"href":"https:\/\/juxtare.store\/it\/wp-json\/wp\/v2\/media\/67214"}],"wp:attachment":[{"href":"https:\/\/juxtare.store\/it\/wp-json\/wp\/v2\/media?parent=67213"}],"wp:term":[{"taxonomy":"product_brand","embeddable":true,"href":"https:\/\/juxtare.store\/it\/wp-json\/wp\/v2\/product_brand?post=67213"},{"taxonomy":"product_cat","embeddable":true,"href":"https:\/\/juxtare.store\/it\/wp-json\/wp\/v2\/product_cat?post=67213"},{"taxonomy":"product_tag","embeddable":true,"href":"https:\/\/juxtare.store\/it\/wp-json\/wp\/v2\/product_tag?post=67213"}],"curies":[{"name":"wp","href":"https:\/\/api.w.org\/{rel}","templated":true}]}}