{"id":67177,"date":"2024-02-23T17:21:20","date_gmt":"2024-02-23T16:21:20","guid":{"rendered":"https:\/\/juxtare.store\/prodotto\/kart-rain-suit-alpinestars-tuta-antipioggia\/"},"modified":"2024-05-16T18:49:19","modified_gmt":"2024-05-16T16:49:19","slug":"kart-rain-suit-alpinestars-tuta-antipioggia","status":"publish","type":"product","link":"https:\/\/juxtare.store\/it\/prodotto\/kart-rain-suit-alpinestars-tuta-antipioggia\/","title":{"rendered":"Kart Rain Suit Apinestars &#8211; tuta antipioggia"},"content":{"rendered":"<p>Realizzata al 100% in materiali impermeabili ma traspiranti, con cuciture nastrate e vita, polsini e caviglie elasticizzati, la Kart Rain Suit di Alpinestars \u00e8 un accessorio imprescindibile per affrontare la pista in condizioni di bagnato. La vestibilit\u00e0 aderente previene pieghe e svolazzamenti in velocit\u00e0, mentre la cerniera impermeabile e la chiusura in velcro sul colletto impediscono efficacemente l&#8217;ingresso dell&#8217;acqua. Altro tocco raffinato, il rinforzo sul gomito destro per proteggere dal calore generato dal motore. La Kart Rain Suit \u00e8 trasparente per mantenere visibile la tuta sottostante. Questa sovratuta trasparente impermeabile \u00e8 concepita per l&#8217;uso in competizione.<\/p>\n<p>\u2022 Realizzata in materiali leggeri, 100% impermeabili, con cuciture nastrate per impedire l&#8217;ingresso d&#8217;acqua.<br \/>\n\u2022 La vestibilit\u00e0 precisa minimizza gli svolazzamenti in velocit\u00e0.<br \/>\n\u2022 Design Alpinestars ad apertura frontale asimmetrica.<br \/>\n\u2022 Paratia interna sagomata a V per l&#8217;uso anche con pioggia molto forte.<br \/>\n\u2022 Il colletto alto offre protezione completa dagli elementi.<br \/>\n\u2022 Bordi elasticizzati su polsi e caviglie.<br \/>\n\u2022 Pannelli robusti in tessuto per offrire resistenza al calore proveniente dal motore.<br \/>\n\u2022 Il sottopiede interno a forma di V permette l&#8217;utilizzo durante forti piogge.<br \/>\n\u2022 Polsini elasticizzati su polsi e caviglie.<br \/>\n\u2022 Tuta impermeabile trasparente per uso in competizione.<br \/>\n\u2022 Pannello in tessuto resistente per proteggere dal calore del motore del kart.<br \/>\n\u2022 Il colletto alto garantisce una perfetta tenuta contro gli agenti atmosferici.<br \/>\n\u2022 Realizzato con materiali leggeri, 100% impermeabili e cuciture nastrate per prevenire l&#8217;ingresso dell&#8217;acqua.<br \/>\n\u2022 Vestibilit\u00e0 precisa che riduce al minimo lo sventolio ad alte velocit\u00e0.<br \/>\n\u2022 Design asimmetrico dell&#8217;apertura frontale Alpinestars.<\/p>\n","protected":false},"excerpt":{"rendered":"<p>Tuta antipioggia Alpinestars<\/p>\n","protected":false},"featured_media":67178,"comment_status":"open","ping_status":"closed","template":"","meta":[],"product_brand":[901],"product_cat":[513],"product_tag":[501],"class_list":{"0":"post-67177","1":"product","2":"type-product","3":"status-publish","4":"has-post-thumbnail","6":"product_brand-alpinestars-it","7":"product_cat-sport-tute-da-pilota","8":"product_tag-karting-it","11":"first","12":"instock","13":"shipping-taxable","14":"purchasable","15":"product-type-variable"},"_links":{"self":[{"href":"https:\/\/juxtare.store\/it\/wp-json\/wp\/v2\/product\/67177","targetHints":{"allow":["GET"]}}],"collection":[{"href":"https:\/\/juxtare.store\/it\/wp-json\/wp\/v2\/product"}],"about":[{"href":"https:\/\/juxtare.store\/it\/wp-json\/wp\/v2\/types\/product"}],"replies":[{"embeddable":true,"href":"https:\/\/juxtare.store\/it\/wp-json\/wp\/v2\/comments?post=67177"}],"wp:featuredmedia":[{"embeddable":true,"href":"https:\/\/juxtare.store\/it\/wp-json\/wp\/v2\/media\/67178"}],"wp:attachment":[{"href":"https:\/\/juxtare.store\/it\/wp-json\/wp\/v2\/media?parent=67177"}],"wp:term":[{"taxonomy":"product_brand","embeddable":true,"href":"https:\/\/juxtare.store\/it\/wp-json\/wp\/v2\/product_brand?post=67177"},{"taxonomy":"product_cat","embeddable":true,"href":"https:\/\/juxtare.store\/it\/wp-json\/wp\/v2\/product_cat?post=67177"},{"taxonomy":"product_tag","embeddable":true,"href":"https:\/\/juxtare.store\/it\/wp-json\/wp\/v2\/product_tag?post=67177"}],"curies":[{"name":"wp","href":"https:\/\/api.w.org\/{rel}","templated":true}]}}