{"id":67123,"date":"2024-02-22T16:23:37","date_gmt":"2024-02-22T15:23:37","guid":{"rendered":"https:\/\/juxtare.store\/prodotto\/casco-arai-gp-7-frp-sa-2020\/"},"modified":"2024-05-16T19:32:36","modified_gmt":"2024-05-16T17:32:36","slug":"casco-arai-gp-7-frp-sa-2020","status":"publish","type":"product","link":"https:\/\/juxtare.store\/it\/prodotto\/casco-arai-gp-7-frp-sa-2020\/","title":{"rendered":"Casco Arai GP-7 FRP SA 2020"},"content":{"rendered":"<p>Casco kart \u201cmade in Arai\u201d rispondente alla nuova omologazione Snell 2015.<\/p>\n<p>Il casco marca Arai modello SK-6 \u00e8 stato progettato specificatamente per il karting e presenta l\u2019aggiunta di ulteriori funzionalit\u00e0 e miglioramenti rispetto al gi\u00e0 impressionante SK-5.<br \/>\nCostruito usando Arai CLC (Complex Laminate Construction), il guscio della SK-6 \u00e8 cos\u00ec forte che consente l\u2019utilizzo di un rivestimento molto morbido EPS per un miglior comfort e la gestione dell\u2019energia d\u2019impatto.<\/p>\n<ul>\n<li>Quattro fori di ventilazione in immissione e in estrazione con diametro dei fori di ventilazione ampliato sia nell\u2019area anteriore che posteriore, dove i due fori sono coperti dalla presa aria Formula Duct. Sono inoltre presenti due fori di ventilazione nell\u2019area della mentoniera.<\/li>\n<li>Visiera tipo F1 dello spessore di 3 mm predisposta per l\u2019utilizzo di lenti a strappo (visiera non interscambiabile con quella del modello GP-5) con sistema di chiusura con levette che ne facilitano l\u2019apertura.<\/li>\n<li>Visiera fornita di sistema di bloccaggio a levetta per semplificarne l\u2019apertura anche indossando i guanti<\/li>\n<li>Ridotta apertura dell\u2019alloggiamento della visiera, che arriva ora a 60 mm<\/li>\n<li>Calotta costruita con tecnologia CLC (Complex Laminate Construction): due strati di Super Fibre ed uno intermedio di fibre composite resistenti e leggere allo stesso tempo.<\/li>\n<li>Apertura del casco ampliata per aumentare il comfort quando si calza e ritoglie il casco.<\/li>\n<li>Nervature di irrigidimento alla base del casco implementate per aumentare la rigidit\u00e0 della calotta.<\/li>\n<li>Polistirolo in un\u2019unica calotta a densit\u00e0 differenziata. L\u2019esclusiva tecnologia Arai permette di realizzare una calotta interna assorbi-urto con pi\u00f9 densit\u00e0 differenti in un unico elemento, anzich\u00e9 assemblare elementi di densit\u00e0 diverse per ottenere la calotta interna finale.<\/li>\n<li>Super sicuro, anche se non richiesto dalla vigente normativa europea, Arai mette alla prova i propri caschi con un\u2019ulteriore verifica di sicurezza: il test di penetrazione sottopone il casco all\u2019impatto di un cono metallico di 3kg, da un\u2019altezza di 3 metri.<\/li>\n<\/ul>\n<p>&nbsp;<\/p>\n","protected":false},"excerpt":{"rendered":"<p>Casco Arai GP-7 FRP SA 2020 per karting.<\/p>\n","protected":false},"featured_media":67127,"comment_status":"open","ping_status":"closed","template":"","meta":[],"product_brand":[902],"product_cat":[507],"product_tag":[501],"class_list":{"0":"post-67123","1":"product","2":"type-product","3":"status-publish","4":"has-post-thumbnail","6":"product_brand-arai-it","7":"product_cat-caschi","8":"product_tag-karting-it","11":"first","12":"instock","13":"shipping-taxable","14":"purchasable","15":"product-type-variable"},"_links":{"self":[{"href":"https:\/\/juxtare.store\/it\/wp-json\/wp\/v2\/product\/67123","targetHints":{"allow":["GET"]}}],"collection":[{"href":"https:\/\/juxtare.store\/it\/wp-json\/wp\/v2\/product"}],"about":[{"href":"https:\/\/juxtare.store\/it\/wp-json\/wp\/v2\/types\/product"}],"replies":[{"embeddable":true,"href":"https:\/\/juxtare.store\/it\/wp-json\/wp\/v2\/comments?post=67123"}],"wp:featuredmedia":[{"embeddable":true,"href":"https:\/\/juxtare.store\/it\/wp-json\/wp\/v2\/media\/67127"}],"wp:attachment":[{"href":"https:\/\/juxtare.store\/it\/wp-json\/wp\/v2\/media?parent=67123"}],"wp:term":[{"taxonomy":"product_brand","embeddable":true,"href":"https:\/\/juxtare.store\/it\/wp-json\/wp\/v2\/product_brand?post=67123"},{"taxonomy":"product_cat","embeddable":true,"href":"https:\/\/juxtare.store\/it\/wp-json\/wp\/v2\/product_cat?post=67123"},{"taxonomy":"product_tag","embeddable":true,"href":"https:\/\/juxtare.store\/it\/wp-json\/wp\/v2\/product_tag?post=67123"}],"curies":[{"name":"wp","href":"https:\/\/api.w.org\/{rel}","templated":true}]}}