{"id":65690,"date":"2024-05-03T06:15:03","date_gmt":"2024-05-03T04:15:03","guid":{"rendered":"https:\/\/juxtare.store\/?post_type=product&#038;p=65690"},"modified":"2024-05-03T13:37:49","modified_gmt":"2024-05-03T11:37:49","slug":"gel-nimbus-26-asics-1011b794-001","status":"publish","type":"product","link":"https:\/\/juxtare.store\/it\/prodotto\/gel-nimbus-26-asics-1011b794-001\/","title":{"rendered":"Gel-nimbus 26 Asics 1011b794-001"},"content":{"rendered":"<p>La scarpa da running gel-nimbus 26 offre una sensazione di comodit\u00e0 assoluta durante la corsa, per un vero momento di pace interiore. Grazie all&#8217;ammortizzazione ottimale, potrai correre pi\u00f9 a lungo in totale comfort. La combinazione della nuova tecnologia puregel e della morbida schiuma ff blast plus eco garantisce un comfort incredibile ogni volta che vuoi correre ancora pi\u00f9 lontano. In pi\u00f9, la struttura rivisitata della tomaia e del colletto offre una calzata e una sensazione di comfort senza pari. Cosa rende la scarpa da running gel-nimbus 26 cos\u00ec confortevole? La tecnologia innovativa puregel incrementa la morbidezza e l&#8217;assorbimento degli urti per ridurre l&#8217;impatto sulle articolazioni e permetterti di correre in tutta comodit\u00e0. La schiuma ff blast plus eco offre un appoggio pi\u00f9 soffice e un&#8217;ammortizzazione extra per il massimo comfort anche sulle superfici pi\u00f9 dure. La tomaia traspirante e la comoda struttura del colletto offrono una calzata e una sensazione di comfort senza pari. Per quali altre caratteristiche si distingue la gel-nimbus 26? Questa scarpa \u00e8 progettata tenendo a mente il comfort: abbiamo trascorso ore e ore a testarla e perfezionarla presso il nostro istituto di scienza dello sport (iss) in Giappone. La scarpa da running gel-nimbus 26 include caratteristiche tecniche aggiuntive per aiutarti durante la corsa. Puoi consultarle nella sezione tecnologia e caratteristiche di seguito. Modello n.: 1011b794.001.<\/p>\n","protected":false},"excerpt":{"rendered":"<p>La scarpa da running gel-nimbus 26 offre una sensazione di comodit\u00e0 assoluta durante la corsa, per un vero momento di pace interiore. Grazie all&#8217;ammortizzazione ottimale, potrai correre pi\u00f9 a lungo in totale comfort. La combinazione della nuova tecnologia puregel e della morbida schiuma ff blast plus eco garantisce un comfort incredibile ogni volta che vuoi correre ancora pi\u00f9 lontano. In pi\u00f9, la struttura rivisitata della tomaia e del colletto offre una calzata e una sensazione di comfort senza pari. Cosa rende la scarpa da running gel-nimbus 26 cos\u00ec confortevole? La tecnologia innovativa puregel incrementa la morbidezza e l&#8217;assorbimento degli urti per ridurre l&#8217;impatto sulle articolazioni e permetterti di correre in tutta comodit\u00e0. La schiuma ff blast plus eco offre un appoggio pi\u00f9 soffice e un&#8217;ammortizzazione extra per il massimo comfort anche sulle superfici pi\u00f9 dure. La tomaia traspirante e la comoda struttura del colletto offrono una calzata e una sensazione di comfort senza pari. Per quali altre caratteristiche si distingue la gel-nimbus 26? Questa scarpa \u00e8 progettata tenendo a mente il comfort: abbiamo trascorso ore e ore a testarla e perfezionarla presso il nostro istituto di scienza dello sport (iss) in Giappone. La scarpa da running gel-nimbus 26 include caratteristiche tecniche aggiuntive per aiutarti durante la corsa. Puoi consultarle nella sezione tecnologia e caratteristiche di seguito. Modello n.: 1011b794.001.<\/p>\n","protected":false},"featured_media":65692,"comment_status":"open","ping_status":"closed","template":"","meta":[],"product_brand":[],"product_cat":[382,392],"product_tag":[],"class_list":{"0":"post-65690","1":"product","2":"type-product","3":"status-publish","4":"has-post-thumbnail","6":"product_cat-uomo","7":"product_cat-scarpe-da-uomo","10":"first","11":"outofstock","12":"shipping-taxable","13":"purchasable","14":"product-type-variable"},"_links":{"self":[{"href":"https:\/\/juxtare.store\/it\/wp-json\/wp\/v2\/product\/65690","targetHints":{"allow":["GET"]}}],"collection":[{"href":"https:\/\/juxtare.store\/it\/wp-json\/wp\/v2\/product"}],"about":[{"href":"https:\/\/juxtare.store\/it\/wp-json\/wp\/v2\/types\/product"}],"replies":[{"embeddable":true,"href":"https:\/\/juxtare.store\/it\/wp-json\/wp\/v2\/comments?post=65690"}],"wp:featuredmedia":[{"embeddable":true,"href":"https:\/\/juxtare.store\/it\/wp-json\/wp\/v2\/media\/65692"}],"wp:attachment":[{"href":"https:\/\/juxtare.store\/it\/wp-json\/wp\/v2\/media?parent=65690"}],"wp:term":[{"taxonomy":"product_brand","embeddable":true,"href":"https:\/\/juxtare.store\/it\/wp-json\/wp\/v2\/product_brand?post=65690"},{"taxonomy":"product_cat","embeddable":true,"href":"https:\/\/juxtare.store\/it\/wp-json\/wp\/v2\/product_cat?post=65690"},{"taxonomy":"product_tag","embeddable":true,"href":"https:\/\/juxtare.store\/it\/wp-json\/wp\/v2\/product_tag?post=65690"}],"curies":[{"name":"wp","href":"https:\/\/api.w.org\/{rel}","templated":true}]}}