{"id":65654,"date":"2024-05-03T06:17:45","date_gmt":"2024-05-03T04:17:45","guid":{"rendered":"https:\/\/juxtare.store\/?post_type=product&#038;p=65654"},"modified":"2024-05-03T13:28:28","modified_gmt":"2024-05-03T11:28:28","slug":"jolt-4-asics-1011b603-100","status":"publish","type":"product","link":"https:\/\/juxtare.store\/it\/prodotto\/jolt-4-asics-1011b603-100\/","title":{"rendered":"Jolt 4 Asics 1011b603-100"},"content":{"rendered":"<p>La nuova scarpa jolt 4 \u00e8 progettata per aiutarti a correre o camminare pi\u00f9 comodamente. Questa scarpa combina un&#8217;intersuola amplifoam con una suola in gomma solida per una maggiore durata. Traendo ispirazione dalla nostra lunga serie gt, queste scarpe da ginnastica offrono uno stile classico e un&#8217;ottima vestibilit\u00e0. Per rendere questa edizione ancora pi\u00f9 morbida e muoverti meglio con il piede durante la corsa, abbiamo progettato pi\u00f9 scanalature flessibili nella suola. La tomaia \u00e8 rinforzata con strati esterni cuciti. Infine, una calzata pi\u00f9 accomodante nell&#8217;avampiede e una morbida soletta ortholite ti aiuteranno a rimanere comodo per tutto il giorno. Stile n.: 1011b603.100.<\/p>\n","protected":false},"excerpt":{"rendered":"<p>La nuova scarpa jolt 4 \u00e8 progettata per aiutarti a correre o camminare pi\u00f9 comodamente. Questa scarpa combina un&#8217;intersuola amplifoam con una suola in gomma solida per una maggiore durata. Traendo ispirazione dalla nostra lunga serie gt, queste scarpe da ginnastica offrono uno stile classico e un&#8217;ottima vestibilit\u00e0. Per rendere questa edizione ancora pi\u00f9 morbida e muoverti meglio con il piede durante la corsa, abbiamo progettato pi\u00f9 scanalature flessibili nella suola. La tomaia \u00e8 rinforzata con strati esterni cuciti. Infine, una calzata pi\u00f9 accomodante nell&#8217;avampiede e una morbida soletta ortholite ti aiuteranno a rimanere comodo per tutto il giorno. Stile n.: 1011b603.100.<\/p>\n","protected":false},"featured_media":65656,"comment_status":"open","ping_status":"closed","template":"","meta":[],"product_brand":[],"product_cat":[382,392],"product_tag":[],"class_list":{"0":"post-65654","1":"product","2":"type-product","3":"status-publish","4":"has-post-thumbnail","6":"product_cat-uomo","7":"product_cat-scarpe-da-uomo","10":"first","11":"outofstock","12":"shipping-taxable","13":"purchasable","14":"product-type-variable"},"_links":{"self":[{"href":"https:\/\/juxtare.store\/it\/wp-json\/wp\/v2\/product\/65654","targetHints":{"allow":["GET"]}}],"collection":[{"href":"https:\/\/juxtare.store\/it\/wp-json\/wp\/v2\/product"}],"about":[{"href":"https:\/\/juxtare.store\/it\/wp-json\/wp\/v2\/types\/product"}],"replies":[{"embeddable":true,"href":"https:\/\/juxtare.store\/it\/wp-json\/wp\/v2\/comments?post=65654"}],"wp:featuredmedia":[{"embeddable":true,"href":"https:\/\/juxtare.store\/it\/wp-json\/wp\/v2\/media\/65656"}],"wp:attachment":[{"href":"https:\/\/juxtare.store\/it\/wp-json\/wp\/v2\/media?parent=65654"}],"wp:term":[{"taxonomy":"product_brand","embeddable":true,"href":"https:\/\/juxtare.store\/it\/wp-json\/wp\/v2\/product_brand?post=65654"},{"taxonomy":"product_cat","embeddable":true,"href":"https:\/\/juxtare.store\/it\/wp-json\/wp\/v2\/product_cat?post=65654"},{"taxonomy":"product_tag","embeddable":true,"href":"https:\/\/juxtare.store\/it\/wp-json\/wp\/v2\/product_tag?post=65654"}],"curies":[{"name":"wp","href":"https:\/\/api.w.org\/{rel}","templated":true}]}}