{"id":65541,"date":"2024-05-03T06:22:36","date_gmt":"2024-05-03T04:22:36","guid":{"rendered":"https:\/\/juxtare.store\/?post_type=product&#038;p=65541"},"modified":"2024-05-17T17:12:07","modified_gmt":"2024-05-17T15:12:07","slug":"nike-jr-mercurial-superfly-9-dj5623-040","status":"publish","type":"product","link":"https:\/\/juxtare.store\/it\/prodotto\/nike-jr-mercurial-superfly-9-dj5623-040\/","title":{"rendered":"Nike jr mercurial superfly 9 dj5623-040"},"content":{"rendered":"<p>Hai talento e stile: fai vedere chi sei con questa scarpa da calcio Nike jr. Linguette e doppie fascette si uniscono in un design facile da indossare che elimina la necessit\u00e0 dei lacci per scendere in campo velocemente. Inoltre, l&#8217;unit\u00e0 zoom air aggiunge comfort ed elasticit\u00e0 per giocare su superfici diverse, in erba naturale o artificiale. Scendi in campo! Dettagli del prodotto: elastica e reattiva, l&#8217;ammortizzazione zoom air assicura una sensazione di velocit\u00e0 che ti far\u00e0 decollare. La speed cage \u00e8 realizzata in un materiale sottile e resistente che stabilizza il piede sul piatto suola senza aggiungere peso. Lo strato esterno ultrasottile Nikeskin avvicina il piede al pallone per un tocco preciso nelle azioni pi\u00f9 veloci. Progettati per superfici naturali e sintetiche, i tacchetti conici offrono una trazione superiore con sgancio rapido e rotazione.<\/p>\n","protected":false},"excerpt":{"rendered":"<p>Hai talento e stile: fai vedere chi sei con questa scarpa da calcio Nike jr. Linguette e doppie fascette si uniscono in un design facile da indossare che elimina la necessit\u00e0 dei lacci per scendere in campo velocemente. Inoltre, l&#8217;unit\u00e0 zoom air aggiunge comfort ed elasticit\u00e0 per giocare su superfici diverse, in erba naturale o artificiale. Scendi in campo! Dettagli del prodotto: elastica e reattiva, l&#8217;ammortizzazione zoom air assicura una sensazione di velocit\u00e0 che ti far\u00e0 decollare. La speed cage \u00e8 realizzata in un materiale sottile e resistente che stabilizza il piede sul piatto suola senza aggiungere peso. Lo strato esterno ultrasottile Nikeskin avvicina il piede al pallone per un tocco preciso nelle azioni pi\u00f9 veloci. Progettati per superfici naturali e sintetiche, i tacchetti conici offrono una trazione superiore con sgancio rapido e rotazione.<\/p>\n","protected":false},"featured_media":65542,"comment_status":"open","ping_status":"closed","template":"","meta":[],"product_brand":[],"product_cat":[400,616],"product_tag":[451],"class_list":{"0":"post-65541","1":"product","2":"type-product","3":"status-publish","4":"has-post-thumbnail","6":"product_cat-sport-it","7":"product_cat-scarpe-da-calcio","8":"product_tag-calcio","11":"first","12":"instock","13":"shipping-taxable","14":"purchasable","15":"product-type-variable"},"_links":{"self":[{"href":"https:\/\/juxtare.store\/it\/wp-json\/wp\/v2\/product\/65541","targetHints":{"allow":["GET"]}}],"collection":[{"href":"https:\/\/juxtare.store\/it\/wp-json\/wp\/v2\/product"}],"about":[{"href":"https:\/\/juxtare.store\/it\/wp-json\/wp\/v2\/types\/product"}],"replies":[{"embeddable":true,"href":"https:\/\/juxtare.store\/it\/wp-json\/wp\/v2\/comments?post=65541"}],"wp:featuredmedia":[{"embeddable":true,"href":"https:\/\/juxtare.store\/it\/wp-json\/wp\/v2\/media\/65542"}],"wp:attachment":[{"href":"https:\/\/juxtare.store\/it\/wp-json\/wp\/v2\/media?parent=65541"}],"wp:term":[{"taxonomy":"product_brand","embeddable":true,"href":"https:\/\/juxtare.store\/it\/wp-json\/wp\/v2\/product_brand?post=65541"},{"taxonomy":"product_cat","embeddable":true,"href":"https:\/\/juxtare.store\/it\/wp-json\/wp\/v2\/product_cat?post=65541"},{"taxonomy":"product_tag","embeddable":true,"href":"https:\/\/juxtare.store\/it\/wp-json\/wp\/v2\/product_tag?post=65541"}],"curies":[{"name":"wp","href":"https:\/\/api.w.org\/{rel}","templated":true}]}}