{"id":65521,"date":"2024-05-03T06:23:13","date_gmt":"2024-05-03T04:23:13","guid":{"rendered":"https:\/\/juxtare.store\/?post_type=product&#038;p=65521"},"modified":"2024-05-17T17:09:34","modified_gmt":"2024-05-17T15:09:34","slug":"nike-jr-mercurial-superfly-9-dj5616-040","status":"publish","type":"product","link":"https:\/\/juxtare.store\/it\/prodotto\/nike-jr-mercurial-superfly-9-dj5616-040\/","title":{"rendered":"Nike jr mercurial superfly 9 dj5616-040"},"content":{"rendered":"<p>Capacit\u00e0 e talento li hai gi\u00e0. Ora fai vedere chi sei con questa scarpa da calcio Nike jr. Linguette e doppie fascette si uniscono in un design facile da indossare che elimina la necessit\u00e0 dei lacci per scendere in campo velocemente. Inoltre, l&#8217;unit\u00e0 zoom air nel tallone offre elasticit\u00e0 e comfort extra per i campi in erba sintetica, cos\u00ec potrai affrontare ogni esercizio, allenamento e partita. Dettagli del prodotto: elastica e reattiva, l&#8217;ammortizzazione zoom air assicura una sensazione di velocit\u00e0 che ti far\u00e0 decollare. La speed cage all&#8217;interno della struttura \u00e8 realizzata in un materiale sottile e resistente che trattiene il piede sul piatto suola senza aggiungere peso, per una stabilit\u00e0 ideale. La tomaia sintetica e sagomata presenta un motivo testurizzato per un migliore controllo di palla durante dribbling, passaggi e in fase di tiro. Il battistrada in gomma \u00e8 pensato per una trazione eccezionale sulle superfici in erba sintetica.<\/p>\n","protected":false},"excerpt":{"rendered":"<p>Capacit\u00e0 e talento li hai gi\u00e0. Ora fai vedere chi sei con questa scarpa da calcio Nike jr. Linguette e doppie fascette si uniscono in un design facile da indossare che elimina la necessit\u00e0 dei lacci per scendere in campo velocemente. Inoltre, l&#8217;unit\u00e0 zoom air nel tallone offre elasticit\u00e0 e comfort extra per i campi in erba sintetica, cos\u00ec potrai affrontare ogni esercizio, allenamento e partita. Dettagli del prodotto: elastica e reattiva, l&#8217;ammortizzazione zoom air assicura una sensazione di velocit\u00e0 che ti far\u00e0 decollare. La speed cage all&#8217;interno della struttura \u00e8 realizzata in un materiale sottile e resistente che trattiene il piede sul piatto suola senza aggiungere peso, per una stabilit\u00e0 ideale. La tomaia sintetica e sagomata presenta un motivo testurizzato per un migliore controllo di palla durante dribbling, passaggi e in fase di tiro. Il battistrada in gomma \u00e8 pensato per una trazione eccezionale sulle superfici in erba sintetica.<\/p>\n","protected":false},"featured_media":65522,"comment_status":"open","ping_status":"closed","template":"","meta":[],"product_brand":[],"product_cat":[400,616],"product_tag":[451],"class_list":{"0":"post-65521","1":"product","2":"type-product","3":"status-publish","4":"has-post-thumbnail","6":"product_cat-sport-it","7":"product_cat-scarpe-da-calcio","8":"product_tag-calcio","11":"first","12":"instock","13":"shipping-taxable","14":"purchasable","15":"product-type-variable"},"_links":{"self":[{"href":"https:\/\/juxtare.store\/it\/wp-json\/wp\/v2\/product\/65521","targetHints":{"allow":["GET"]}}],"collection":[{"href":"https:\/\/juxtare.store\/it\/wp-json\/wp\/v2\/product"}],"about":[{"href":"https:\/\/juxtare.store\/it\/wp-json\/wp\/v2\/types\/product"}],"replies":[{"embeddable":true,"href":"https:\/\/juxtare.store\/it\/wp-json\/wp\/v2\/comments?post=65521"}],"wp:featuredmedia":[{"embeddable":true,"href":"https:\/\/juxtare.store\/it\/wp-json\/wp\/v2\/media\/65522"}],"wp:attachment":[{"href":"https:\/\/juxtare.store\/it\/wp-json\/wp\/v2\/media?parent=65521"}],"wp:term":[{"taxonomy":"product_brand","embeddable":true,"href":"https:\/\/juxtare.store\/it\/wp-json\/wp\/v2\/product_brand?post=65521"},{"taxonomy":"product_cat","embeddable":true,"href":"https:\/\/juxtare.store\/it\/wp-json\/wp\/v2\/product_cat?post=65521"},{"taxonomy":"product_tag","embeddable":true,"href":"https:\/\/juxtare.store\/it\/wp-json\/wp\/v2\/product_tag?post=65521"}],"curies":[{"name":"wp","href":"https:\/\/api.w.org\/{rel}","templated":true}]}}