{"id":65487,"date":"2024-05-03T06:01:10","date_gmt":"2024-05-03T04:01:10","guid":{"rendered":"https:\/\/juxtare.store\/?post_type=product&#038;p=65487"},"modified":"2024-05-03T12:48:18","modified_gmt":"2024-05-03T10:48:18","slug":"jolt-4-1011b603-006","status":"publish","type":"product","link":"https:\/\/juxtare.store\/it\/prodotto\/jolt-4-1011b603-006\/","title":{"rendered":"Jolt 4 1011b603-006"},"content":{"rendered":"<p>La nuova scarpa jolt 4 \u00e8 progettata per correre o camminare in modo pi\u00f9 confortevole. Questa scarpa combina l&#8217;intersuola in amplifoam con una suola in gomma robusta per una maggiore resistenza. Ispirata alla nostra ormai consolidata serie gt, questa scarpa sportiva offre uno stile classico e una calzata eccezionale. Per rendere questa versione ancora pi\u00f9 morbida e assicurare al piede un movimento pi\u00f9 efficace durante la corsa, abbiamo realizzato una suola con scanalature pi\u00f9 flessibili. La tomaia \u00e8 rinforzata con strati sovrapposti cuciti insieme. Infine la calzata pi\u00f9 confortevole dell&#8217;avampiede e la soletta morbida ortholite garantiscono comodit\u00e0 per tutta la giornata.<\/p>\n","protected":false},"excerpt":{"rendered":"<p>La nuova scarpa jolt 4 \u00e8 progettata per correre o camminare in modo pi\u00f9 confortevole. Questa scarpa combina l&#8217;intersuola in amplifoam con una suola in gomma robusta per una maggiore resistenza. Ispirata alla nostra ormai consolidata serie gt, questa scarpa sportiva offre uno stile classico e una calzata eccezionale. Per rendere questa versione ancora pi\u00f9 morbida e assicurare al piede un movimento pi\u00f9 efficace durante la corsa, abbiamo realizzato una suola con scanalature pi\u00f9 flessibili. La tomaia \u00e8 rinforzata con strati sovrapposti cuciti insieme. Infine la calzata pi\u00f9 confortevole dell&#8217;avampiede e la soletta morbida ortholite garantiscono comodit\u00e0 per tutta la giornata.<\/p>\n","protected":false},"featured_media":65488,"comment_status":"open","ping_status":"closed","template":"","meta":[],"product_brand":[],"product_cat":[382,392],"product_tag":[],"class_list":{"0":"post-65487","1":"product","2":"type-product","3":"status-publish","4":"has-post-thumbnail","6":"product_cat-uomo","7":"product_cat-scarpe-da-uomo","10":"first","11":"outofstock","12":"shipping-taxable","13":"purchasable","14":"product-type-variable"},"_links":{"self":[{"href":"https:\/\/juxtare.store\/it\/wp-json\/wp\/v2\/product\/65487","targetHints":{"allow":["GET"]}}],"collection":[{"href":"https:\/\/juxtare.store\/it\/wp-json\/wp\/v2\/product"}],"about":[{"href":"https:\/\/juxtare.store\/it\/wp-json\/wp\/v2\/types\/product"}],"replies":[{"embeddable":true,"href":"https:\/\/juxtare.store\/it\/wp-json\/wp\/v2\/comments?post=65487"}],"wp:featuredmedia":[{"embeddable":true,"href":"https:\/\/juxtare.store\/it\/wp-json\/wp\/v2\/media\/65488"}],"wp:attachment":[{"href":"https:\/\/juxtare.store\/it\/wp-json\/wp\/v2\/media?parent=65487"}],"wp:term":[{"taxonomy":"product_brand","embeddable":true,"href":"https:\/\/juxtare.store\/it\/wp-json\/wp\/v2\/product_brand?post=65487"},{"taxonomy":"product_cat","embeddable":true,"href":"https:\/\/juxtare.store\/it\/wp-json\/wp\/v2\/product_cat?post=65487"},{"taxonomy":"product_tag","embeddable":true,"href":"https:\/\/juxtare.store\/it\/wp-json\/wp\/v2\/product_tag?post=65487"}],"curies":[{"name":"wp","href":"https:\/\/api.w.org\/{rel}","templated":true}]}}