{"id":62807,"date":"2024-05-03T06:09:11","date_gmt":"2024-05-03T04:09:11","guid":{"rendered":"https:\/\/juxtare.store\/?post_type=product&#038;p=62807"},"modified":"2024-05-03T10:39:55","modified_gmt":"2024-05-03T08:39:55","slug":"scarpe-gel-kayano-30-asics-1012b357-005","status":"publish","type":"product","link":"https:\/\/juxtare.store\/it\/prodotto\/scarpe-gel-kayano-30-asics-1012b357-005\/","title":{"rendered":"Scarpe Gel-kayano 30 Asics 1012b357-005"},"content":{"rendered":"<p>La scarpa da running Gel-kayano 30 offre il massimo sostegno e un comfort estremo, per correre senza pensieri. La nostra scarpa pi\u00f9 avanzata di sempre in termini di stabilit\u00e0 \u00e8 progettata per correre pi\u00f9 lontano e pi\u00f9 a lungo. Grazie alla stabilit\u00e0 adattiva e al comfort assoluto, non vorrai pi\u00f9 fermarti. La tecnologia 4D Guidance System \u00e8 un sistema rivoluzionario che stabilizza la falcata durante la corsa, senza rinunciare alla comodit\u00e0. Infatti, la combinazione della nuova tecnologia Puregel e della morbida schiuma FF Blast Plus Eco garantisce un comfort assoluto a ogni corsa. Cosa rende la scarpa da running Gel-kayano 30 cos\u00ec confortevole e stabile? La tecnologia rivoluzionaria 4D Guidance System offre una stabilit\u00e0 adattiva nei momenti in cui ne hai pi\u00f9 bisogno, per correre pi\u00f9 a lungo. La nuova tecnologia Puregel incrementa la morbidezza e l&#8217;assorbimento degli urti per ridurre l&#8217;impatto sulle articolazioni e permetterti di correre in tutta comodit\u00e0. La schiuma FF Blast Plus Eco offre un appoggio pi\u00f9 soffice e un&#8217;ammortizzazione potenziata per il massimo comfort anche sulle superfici pi\u00f9 dure. Per quali altre caratteristiche si distingue la scarpa Gel-kayano 30 ? Questa scarpa \u00e8 progettata tenendo a mente la protezione e il comfort: abbiamo trascorso ore e ore a testarla e perfezionarla presso il nostro istituto di scienza dello sport (ISS) in Giappone. La scarpa da running Gel-kayano 30 include caratteristiche tecniche aggiuntive per aiutarti durante la corsa.<\/p>\n","protected":false},"excerpt":{"rendered":"<p>La scarpa da running Gel-kayano 30 offre il massimo sostegno e un comfort estremo, per correre senza pensieri. La nostra scarpa pi\u00f9 avanzata di sempre in termini di stabilit\u00e0 \u00e8 progettata per correre pi\u00f9 lontano e pi\u00f9 a lungo. Grazie alla stabilit\u00e0 adattiva e al comfort assoluto, non vorrai pi\u00f9 fermarti. La tecnologia 4D Guidance System \u00e8 un sistema rivoluzionario che stabilizza la falcata durante la corsa, senza rinunciare alla comodit\u00e0. Infatti, la combinazione della nuova tecnologia Puregel e della morbida schiuma FF Blast Plus Eco garantisce un comfort assoluto a ogni corsa. Cosa rende la scarpa da running Gel-kayano 30 cos\u00ec confortevole e stabile? La tecnologia rivoluzionaria 4D Guidance System offre una stabilit\u00e0 adattiva nei momenti in cui ne hai pi\u00f9 bisogno, per correre pi\u00f9 a lungo. La nuova tecnologia Puregel incrementa la morbidezza e l&#8217;assorbimento degli urti per ridurre l&#8217;impatto sulle articolazioni e permetterti di correre in tutta comodit\u00e0. La schiuma FF Blast Plus Eco offre un appoggio pi\u00f9 soffice e un&#8217;ammortizzazione potenziata per il massimo comfort anche sulle superfici pi\u00f9 dure. Per quali altre caratteristiche si distingue la scarpa Gel-kayano 30 ? Questa scarpa \u00e8 progettata tenendo a mente la protezione e il comfort: abbiamo trascorso ore e ore a testarla e perfezionarla presso il nostro istituto di scienza dello sport (ISS) in Giappone. La scarpa da running Gel-kayano 30 include caratteristiche tecniche aggiuntive per aiutarti durante la corsa.<\/p>\n","protected":false},"featured_media":62819,"comment_status":"open","ping_status":"closed","template":"","meta":[],"product_brand":[896],"product_cat":[412,421],"product_tag":[448],"class_list":{"0":"post-62807","1":"product","2":"type-product","3":"status-publish","4":"has-post-thumbnail","6":"product_brand-asics-it","7":"product_cat-donna","8":"product_cat-scarpe-da-donna","9":"product_tag-fitness-it","12":"first","13":"instock","14":"shipping-taxable","15":"purchasable","16":"product-type-variable"},"_links":{"self":[{"href":"https:\/\/juxtare.store\/it\/wp-json\/wp\/v2\/product\/62807","targetHints":{"allow":["GET"]}}],"collection":[{"href":"https:\/\/juxtare.store\/it\/wp-json\/wp\/v2\/product"}],"about":[{"href":"https:\/\/juxtare.store\/it\/wp-json\/wp\/v2\/types\/product"}],"replies":[{"embeddable":true,"href":"https:\/\/juxtare.store\/it\/wp-json\/wp\/v2\/comments?post=62807"}],"wp:featuredmedia":[{"embeddable":true,"href":"https:\/\/juxtare.store\/it\/wp-json\/wp\/v2\/media\/62819"}],"wp:attachment":[{"href":"https:\/\/juxtare.store\/it\/wp-json\/wp\/v2\/media?parent=62807"}],"wp:term":[{"taxonomy":"product_brand","embeddable":true,"href":"https:\/\/juxtare.store\/it\/wp-json\/wp\/v2\/product_brand?post=62807"},{"taxonomy":"product_cat","embeddable":true,"href":"https:\/\/juxtare.store\/it\/wp-json\/wp\/v2\/product_cat?post=62807"},{"taxonomy":"product_tag","embeddable":true,"href":"https:\/\/juxtare.store\/it\/wp-json\/wp\/v2\/product_tag?post=62807"}],"curies":[{"name":"wp","href":"https:\/\/api.w.org\/{rel}","templated":true}]}}