{"id":61856,"date":"2024-04-25T06:06:17","date_gmt":"2024-04-25T04:06:17","guid":{"rendered":"https:\/\/juxtare.store\/?post_type=product&#038;p=61856"},"modified":"2024-05-17T17:43:11","modified_gmt":"2024-05-17T15:43:11","slug":"nike-legend-10-academy-fg-mg-30-fq3243-300","status":"publish","type":"product","link":"https:\/\/juxtare.store\/it\/prodotto\/nike-legend-10-academy-fg-mg-30-fq3243-300\/","title":{"rendered":"Nike legend 10 academy FG\/MG 30 fq3243-300"},"content":{"rendered":"<p>Realizziamo scarpe academy per coloro che desiderano portare il proprio gioco al livello successivo. Celebrando i 30 anni della leggenda, presenta una tomaia trapuntata con colori senza tempo radicati nel DNA di Nike soccer. Aggiungi elementi flytouch lite per un tocco amplificato e sarai pronto a lasciare il segno nei prossimi tre decenni. Vedi quei micropunti sulla tomaia? Amplificano le zone di tocco per il tiro, il dribbling e il passaggio, conferiscono un aspetto pi\u00f9 elegante eliminando l&#8217;imbottitura extra. E, ancora meglio, non sacrificano il controllo di palla che desideri in campo. Abbiamo eliminato i cuscinetti in schiuma della Tiempo 9, in modo che il tuo piede possa avvicinarsi ancora di pi\u00f9 alla palla quando \u00e8 sotto il tuo controllo. Invece, abbiamo modellato le linee nella tacchetta. La pelle ingegnerizzata flytouch lite \u00e8 incredibilmente morbida: aiuta la tacchetta ad adattarsi al tuo piede per il massimo comfort senza allungare eccessivamente il materiale. La struttura della linguetta con imbottitura aggiuntiva offre una sensazione di sicurezza e comfort nelle aree chiave. La fodera in microfibra crea una sensazione Premium. La piastra unisce tacchetti conici nel tallone per trazione e stabilit\u00e0 ottimali in frenata e nei cambi di direzione, perfetti in qualsiasi condizione.<\/p>\n","protected":false},"excerpt":{"rendered":"<p>Realizziamo scarpe academy per coloro che desiderano portare il proprio gioco al livello successivo. Celebrando i 30 anni della leggenda, presenta una tomaia trapuntata con colori senza tempo radicati nel DNA di Nike soccer. Aggiungi elementi flytouch lite per un tocco amplificato e sarai pronto a lasciare il segno nei prossimi tre decenni. Vedi quei micropunti sulla tomaia? Amplificano le zone di tocco per il tiro, il dribbling e il passaggio, conferiscono un aspetto pi\u00f9 elegante eliminando l&#8217;imbottitura extra. E, ancora meglio, non sacrificano il controllo di palla che desideri in campo. Abbiamo eliminato i cuscinetti in schiuma della Tiempo 9, in modo che il tuo piede possa avvicinarsi ancora di pi\u00f9 alla palla quando \u00e8 sotto il tuo controllo. Invece, abbiamo modellato le linee nella tacchetta. La pelle ingegnerizzata flytouch lite \u00e8 incredibilmente morbida: aiuta la tacchetta ad adattarsi al tuo piede per il massimo comfort senza allungare eccessivamente il materiale. La struttura della linguetta con imbottitura aggiuntiva offre una sensazione di sicurezza e comfort nelle aree chiave. La fodera in microfibra crea una sensazione Premium. La piastra unisce tacchetti conici nel tallone per trazione e stabilit\u00e0 ottimali in frenata e nei cambi di direzione, perfetti in qualsiasi condizione.<\/p>\n","protected":false},"featured_media":61857,"comment_status":"open","ping_status":"closed","template":"","meta":[],"product_brand":[636],"product_cat":[400,616],"product_tag":[451],"class_list":{"0":"post-61856","1":"product","2":"type-product","3":"status-publish","4":"has-post-thumbnail","6":"product_brand-nike-it","7":"product_cat-sport-it","8":"product_cat-scarpe-da-calcio","9":"product_tag-calcio","12":"first","13":"instock","14":"shipping-taxable","15":"purchasable","16":"product-type-variable"},"_links":{"self":[{"href":"https:\/\/juxtare.store\/it\/wp-json\/wp\/v2\/product\/61856","targetHints":{"allow":["GET"]}}],"collection":[{"href":"https:\/\/juxtare.store\/it\/wp-json\/wp\/v2\/product"}],"about":[{"href":"https:\/\/juxtare.store\/it\/wp-json\/wp\/v2\/types\/product"}],"replies":[{"embeddable":true,"href":"https:\/\/juxtare.store\/it\/wp-json\/wp\/v2\/comments?post=61856"}],"wp:featuredmedia":[{"embeddable":true,"href":"https:\/\/juxtare.store\/it\/wp-json\/wp\/v2\/media\/61857"}],"wp:attachment":[{"href":"https:\/\/juxtare.store\/it\/wp-json\/wp\/v2\/media?parent=61856"}],"wp:term":[{"taxonomy":"product_brand","embeddable":true,"href":"https:\/\/juxtare.store\/it\/wp-json\/wp\/v2\/product_brand?post=61856"},{"taxonomy":"product_cat","embeddable":true,"href":"https:\/\/juxtare.store\/it\/wp-json\/wp\/v2\/product_cat?post=61856"},{"taxonomy":"product_tag","embeddable":true,"href":"https:\/\/juxtare.store\/it\/wp-json\/wp\/v2\/product_tag?post=61856"}],"curies":[{"name":"wp","href":"https:\/\/api.w.org\/{rel}","templated":true}]}}