{"id":61837,"date":"2024-05-02T06:00:20","date_gmt":"2024-05-02T04:00:20","guid":{"rendered":"https:\/\/juxtare.store\/?post_type=product&#038;p=61837"},"modified":"2024-05-17T17:18:32","modified_gmt":"2024-05-17T15:18:32","slug":"nike-mercurial-vapor-15-dj5631-040","status":"publish","type":"product","link":"https:\/\/juxtare.store\/it\/prodotto\/nike-mercurial-vapor-15-dj5631-040\/","title":{"rendered":"Nike mercurial vapor 15 dj5631-040"},"content":{"rendered":"<p>Il campo \u00e8 tuo quando indossi vapor 15 academy mg. Dotata di unit\u00e0 zoom air e Nikeskin flessibile nella parte superiore, offre un tocco eccezionale per dominare nei minuti cruciali della partita, quando conta di pi\u00f9. Dettagli del prodotto: per la prima volta nella sua storia Nike ha integrato nel tallone un&#8217;unit\u00e0 zoom air tutta nuova. L&#8217;unit\u00e0, posizionata sul piatto suola, offre un ulteriore livello di elasticit\u00e0 sotto il piede e ti aiuta a muoverti pi\u00f9 velocemente in campo e a fare la differenza nei momenti decisivi, che si tratti di puntare la rete, avventarsi sul pallone o scartare i difensori. La speed cage all&#8217;interno della struttura \u00e8 realizzata in un materiale sottile, ma resistente che stabilizza il piede sulla suola senza aggiungere peso, per un&#8217;aderenza ideale. L&#8217;esclusiva struttura di trazione offre una trazione eccezionale con sgancio rapido per creare spazio. Un design completamente rinnovato migliora la calzata riproducendo la forma del piede. Lo abbiamo ottenuto svolgendo diversi test su centinaia di atleti. Il risultato \u00e8 una punta pi\u00f9 sagomata e una maggiore aderenza sul tallone. La tomaia \u00e8 realizzata in Nikeskin, un mesh morbido e flessibile, tenuto insieme da un sottile rivestimento. Pensato per un controllo di palla ideale, offre una sensazione barefoot quando giochi.<\/p>\n","protected":false},"excerpt":{"rendered":"<p>Il campo \u00e8 tuo quando indossi vapor 15 academy mg. Dotata di unit\u00e0 zoom air e Nikeskin flessibile nella parte superiore, offre un tocco eccezionale per dominare nei minuti cruciali della partita, quando conta di pi\u00f9. Dettagli del prodotto: per la prima volta nella sua storia Nike ha integrato nel tallone un&#8217;unit\u00e0 zoom air tutta nuova. L&#8217;unit\u00e0, posizionata sul piatto suola, offre un ulteriore livello di elasticit\u00e0 sotto il piede e ti aiuta a muoverti pi\u00f9 velocemente in campo e a fare la differenza nei momenti decisivi, che si tratti di puntare la rete, avventarsi sul pallone o scartare i difensori. La speed cage all&#8217;interno della struttura \u00e8 realizzata in un materiale sottile, ma resistente che stabilizza il piede sulla suola senza aggiungere peso, per un&#8217;aderenza ideale. L&#8217;esclusiva struttura di trazione offre una trazione eccezionale con sgancio rapido per creare spazio. Un design completamente rinnovato migliora la calzata riproducendo la forma del piede. Lo abbiamo ottenuto svolgendo diversi test su centinaia di atleti. Il risultato \u00e8 una punta pi\u00f9 sagomata e una maggiore aderenza sul tallone. La tomaia \u00e8 realizzata in Nikeskin, un mesh morbido e flessibile, tenuto insieme da un sottile rivestimento. Pensato per un controllo di palla ideale, offre una sensazione barefoot quando giochi.<\/p>\n","protected":false},"featured_media":61838,"comment_status":"open","ping_status":"closed","template":"","meta":[],"product_brand":[],"product_cat":[400,616],"product_tag":[451],"class_list":{"0":"post-61837","1":"product","2":"type-product","3":"status-publish","4":"has-post-thumbnail","6":"product_cat-sport-it","7":"product_cat-scarpe-da-calcio","8":"product_tag-calcio","11":"first","12":"instock","13":"shipping-taxable","14":"purchasable","15":"product-type-variable"},"_links":{"self":[{"href":"https:\/\/juxtare.store\/it\/wp-json\/wp\/v2\/product\/61837","targetHints":{"allow":["GET"]}}],"collection":[{"href":"https:\/\/juxtare.store\/it\/wp-json\/wp\/v2\/product"}],"about":[{"href":"https:\/\/juxtare.store\/it\/wp-json\/wp\/v2\/types\/product"}],"replies":[{"embeddable":true,"href":"https:\/\/juxtare.store\/it\/wp-json\/wp\/v2\/comments?post=61837"}],"wp:featuredmedia":[{"embeddable":true,"href":"https:\/\/juxtare.store\/it\/wp-json\/wp\/v2\/media\/61838"}],"wp:attachment":[{"href":"https:\/\/juxtare.store\/it\/wp-json\/wp\/v2\/media?parent=61837"}],"wp:term":[{"taxonomy":"product_brand","embeddable":true,"href":"https:\/\/juxtare.store\/it\/wp-json\/wp\/v2\/product_brand?post=61837"},{"taxonomy":"product_cat","embeddable":true,"href":"https:\/\/juxtare.store\/it\/wp-json\/wp\/v2\/product_cat?post=61837"},{"taxonomy":"product_tag","embeddable":true,"href":"https:\/\/juxtare.store\/it\/wp-json\/wp\/v2\/product_tag?post=61837"}],"curies":[{"name":"wp","href":"https:\/\/api.w.org\/{rel}","templated":true}]}}