{"id":61763,"date":"2024-04-09T04:00:18","date_gmt":"2024-04-09T02:00:18","guid":{"rendered":"https:\/\/juxtare.store\/?post_type=product&#038;p=61763"},"modified":"2025-02-26T06:34:50","modified_gmt":"2025-02-26T05:34:50","slug":"nike-revolution-7-fb2207-400","status":"publish","type":"product","link":"https:\/\/juxtare.store\/it\/prodotto\/nike-revolution-7-fb2207-400\/","title":{"rendered":"Nike revolution 7 fb2207-400"},"content":{"rendered":"<p>Stavi aspettando la Revolution 7? Eccola qui, dotata di tutta la morbida ammortizzazione e del supporto di cui hai bisogno per rivoluzionare la tua corsa. Elegante come mai prima d&#8217;ora, confortevole quando il piede tocca il suolo e perfetta per seguire il tuo ritmo, questa evoluzione di uno dei modelli pi\u00f9 amati offre un&#8217;andatura morbida e fluida. L&#8217;intersuola in schiuma dona un&#8217;andatura pi\u00f9 morbida e fluida rispetto alla Revolution 6. La scarpa \u00e8 dotata di spazio extra sull&#8217;avampiede, in modo da non stringere o schiacciare le dita. Gli elementi in rilievo sul tallone sono visibili all&#8217;esterno e offrono un comfort eccezionale all&#8217;interno della scarpa, all&#8217;altezza del tendine d&#8217;achille: morbidi al tatto, offrono un comfort unico, anche quando infili le scarpe. I punti di contatto sulla linguetta creano una calzata naturale quando indossi le scarpe. La struttura di trazione generativa sulla suola, unita alle pratiche alette in gomma, offre aderenza in salita o in discesa.<\/p>\n","protected":false},"excerpt":{"rendered":"<p>Stavi aspettando la Revolution 7? Eccola qui, dotata di tutta la morbida ammortizzazione e del supporto di cui hai bisogno per rivoluzionare la tua corsa. Elegante come mai prima d&#8217;ora, confortevole quando il piede tocca il suolo e perfetta per seguire il tuo ritmo, questa evoluzione di uno dei modelli pi\u00f9 amati offre un&#8217;andatura morbida e fluida. L&#8217;intersuola in schiuma dona un&#8217;andatura pi\u00f9 morbida e fluida rispetto alla Revolution 6. La scarpa \u00e8 dotata di spazio extra sull&#8217;avampiede, in modo da non stringere o schiacciare le dita. Gli elementi in rilievo sul tallone sono visibili all&#8217;esterno e offrono un comfort eccezionale all&#8217;interno della scarpa, all&#8217;altezza del tendine d&#8217;achille: morbidi al tatto, offrono un comfort unico, anche quando infili le scarpe. I punti di contatto sulla linguetta creano una calzata naturale quando indossi le scarpe. La struttura di trazione generativa sulla suola, unita alle pratiche alette in gomma, offre aderenza in salita o in discesa.<\/p>\n","protected":false},"featured_media":61764,"comment_status":"open","ping_status":"closed","template":"","meta":[],"product_brand":[636],"product_cat":[382,392],"product_tag":[448],"class_list":{"0":"post-61763","1":"product","2":"type-product","3":"status-publish","4":"has-post-thumbnail","6":"product_brand-nike-it","7":"product_cat-uomo","8":"product_cat-scarpe-da-uomo","9":"product_tag-fitness-it","12":"first","13":"instock","14":"shipping-taxable","15":"purchasable","16":"product-type-variable"},"_links":{"self":[{"href":"https:\/\/juxtare.store\/it\/wp-json\/wp\/v2\/product\/61763","targetHints":{"allow":["GET"]}}],"collection":[{"href":"https:\/\/juxtare.store\/it\/wp-json\/wp\/v2\/product"}],"about":[{"href":"https:\/\/juxtare.store\/it\/wp-json\/wp\/v2\/types\/product"}],"replies":[{"embeddable":true,"href":"https:\/\/juxtare.store\/it\/wp-json\/wp\/v2\/comments?post=61763"}],"wp:featuredmedia":[{"embeddable":true,"href":"https:\/\/juxtare.store\/it\/wp-json\/wp\/v2\/media\/61764"}],"wp:attachment":[{"href":"https:\/\/juxtare.store\/it\/wp-json\/wp\/v2\/media?parent=61763"}],"wp:term":[{"taxonomy":"product_brand","embeddable":true,"href":"https:\/\/juxtare.store\/it\/wp-json\/wp\/v2\/product_brand?post=61763"},{"taxonomy":"product_cat","embeddable":true,"href":"https:\/\/juxtare.store\/it\/wp-json\/wp\/v2\/product_cat?post=61763"},{"taxonomy":"product_tag","embeddable":true,"href":"https:\/\/juxtare.store\/it\/wp-json\/wp\/v2\/product_tag?post=61763"}],"curies":[{"name":"wp","href":"https:\/\/api.w.org\/{rel}","templated":true}]}}