{"id":61443,"date":"2024-04-17T04:45:46","date_gmt":"2024-04-17T02:45:46","guid":{"rendered":"https:\/\/juxtare.store\/?post_type=product&#038;p=61443"},"modified":"2024-05-19T17:52:14","modified_gmt":"2024-05-19T15:52:14","slug":"scarpe-calcio-top-flex-23-joma-tops-2033-tf","status":"publish","type":"product","link":"https:\/\/juxtare.store\/it\/prodotto\/scarpe-calcio-top-flex-23-joma-tops-2033-tf\/","title":{"rendered":"Scarpe calcio top flex 23 Joma tops.2033.tf"},"content":{"rendered":"<p>Scarpe da calcio per adulti con suola turf per giocare su terreni sintetici o in moquette. La scarpa di punta di Joma \u00e8 testata da calciatori professionisti che confermano le sue alte prestazioni. Avrai tutto in loro: durata, flessibilit\u00e0 e comfort. Puoi dare il meglio solo sul campo di gioco. La tomaia \u00e8 realizzata in pelle molto flessibile che offre resistenza, libert\u00e0 di movimento e traspirabilit\u00e0. Nelle aree strategiche in cui \u00e8 necessaria una ventilazione supplementare, \u00e8 stato incorporato il sistema vts, che consente l&#8217;ingresso e l&#8217;uscita dell&#8217;aria. Inoltre, ha un tessuto nella zona della caviglia e nella linguetta per una vestibilit\u00e0 pi\u00f9 ottimale e confortevole. Includono una parte di rinforzo protection sulla punta, il cui scopo \u00e8 quello di proteggere la zona e migliorare la precisione e la potenza nel colpo. L&#8217;intersuola \u00e8 in phylon resistente ad alta durata. La suola \u00e8 in gomma di ottima qualit\u00e0 ed eccellente resistenza all&#8217;abrasione. Per questo, \u00e8 stato applicato il sistema durability, che allunga la vita della scarpa. Terreno: campo in terra battuta e tappeto (turf). Intensit\u00e0 d&#8217;uso: allenamento e competizione<\/p>\n","protected":false},"excerpt":{"rendered":"<p>Scarpe da calcio per adulti con suola turf per giocare su terreni sintetici o in moquette. La scarpa di punta di Joma \u00e8 testata da calciatori professionisti che confermano le sue alte prestazioni. Avrai tutto in loro: durata, flessibilit\u00e0 e comfort. Puoi dare il meglio solo sul campo di gioco. La tomaia \u00e8 realizzata in pelle molto flessibile che offre resistenza, libert\u00e0 di movimento e traspirabilit\u00e0. Nelle aree strategiche in cui \u00e8 necessaria una ventilazione supplementare, \u00e8 stato incorporato il sistema vts, che consente l&#8217;ingresso e l&#8217;uscita dell&#8217;aria. Inoltre, ha un tessuto nella zona della caviglia e nella linguetta per una vestibilit\u00e0 pi\u00f9 ottimale e confortevole. Includono una parte di rinforzo protection sulla punta, il cui scopo \u00e8 quello di proteggere la zona e migliorare la precisione e la potenza nel colpo. L&#8217;intersuola \u00e8 in phylon resistente ad alta durata. La suola \u00e8 in gomma di ottima qualit\u00e0 ed eccellente resistenza all&#8217;abrasione. Per questo, \u00e8 stato applicato il sistema durability, che allunga la vita della scarpa. Terreno: campo in terra battuta e tappeto (turf). Intensit\u00e0 d&#8217;uso: allenamento e competizione<\/p>\n","protected":false},"featured_media":61444,"comment_status":"open","ping_status":"closed","template":"","meta":[],"product_brand":[859],"product_cat":[400,616],"product_tag":[451],"class_list":{"0":"post-61443","1":"product","2":"type-product","3":"status-publish","4":"has-post-thumbnail","6":"product_brand-joma-it","7":"product_cat-sport-it","8":"product_cat-scarpe-da-calcio","9":"product_tag-calcio","12":"first","13":"outofstock","14":"shipping-taxable","15":"purchasable","16":"product-type-variable"},"_links":{"self":[{"href":"https:\/\/juxtare.store\/it\/wp-json\/wp\/v2\/product\/61443","targetHints":{"allow":["GET"]}}],"collection":[{"href":"https:\/\/juxtare.store\/it\/wp-json\/wp\/v2\/product"}],"about":[{"href":"https:\/\/juxtare.store\/it\/wp-json\/wp\/v2\/types\/product"}],"replies":[{"embeddable":true,"href":"https:\/\/juxtare.store\/it\/wp-json\/wp\/v2\/comments?post=61443"}],"wp:featuredmedia":[{"embeddable":true,"href":"https:\/\/juxtare.store\/it\/wp-json\/wp\/v2\/media\/61444"}],"wp:attachment":[{"href":"https:\/\/juxtare.store\/it\/wp-json\/wp\/v2\/media?parent=61443"}],"wp:term":[{"taxonomy":"product_brand","embeddable":true,"href":"https:\/\/juxtare.store\/it\/wp-json\/wp\/v2\/product_brand?post=61443"},{"taxonomy":"product_cat","embeddable":true,"href":"https:\/\/juxtare.store\/it\/wp-json\/wp\/v2\/product_cat?post=61443"},{"taxonomy":"product_tag","embeddable":true,"href":"https:\/\/juxtare.store\/it\/wp-json\/wp\/v2\/product_tag?post=61443"}],"curies":[{"name":"wp","href":"https:\/\/api.w.org\/{rel}","templated":true}]}}