{"id":61222,"date":"2024-03-30T03:02:28","date_gmt":"2024-03-30T02:02:28","guid":{"rendered":"https:\/\/juxtare.store\/?post_type=product&#038;p=61222"},"modified":"2024-04-30T11:14:04","modified_gmt":"2024-04-30T09:14:04","slug":"cappellino-torrey-219411-0006-0059","status":"publish","type":"product","link":"https:\/\/juxtare.store\/it\/prodotto\/cappellino-torrey-219411-0006-0059\/","title":{"rendered":"Cappellino torrey  219411-0006-0059"},"content":{"rendered":"<p>Questo classico cappello da baseball \u00e8 l&#8217;emblema della sobriet\u00e0. Caratterizzato dall&#8217;etichetta inconfondibile dei Levi&#8217;s\u00ae rossi. L&#8217;etichetta \u00e8 regolabile. Il cappello \u00e8 perfetto per osare un tocco in un look pi\u00f9 minimal, oppure da indossare in uno stile pi\u00f9 emozionante<\/p>\n","protected":false},"excerpt":{"rendered":"<p>Questo classico cappello da baseball \u00e8 l&#8217;emblema della sobriet\u00e0. Caratterizzato dall&#8217;etichetta inconfondibile dei Levi&#8217;s\u00ae rossi. L&#8217;etichetta \u00e8 regolabile. Il cappello \u00e8 perfetto per osare un tocco in un look pi\u00f9 minimal, oppure da indossare in uno stile pi\u00f9 emozionante<\/p>\n","protected":false},"featured_media":61223,"comment_status":"open","ping_status":"closed","template":"","meta":[],"product_brand":[856],"product_cat":[363,383],"product_tag":[],"class_list":{"0":"post-61222","1":"product","2":"type-product","3":"status-publish","4":"has-post-thumbnail","6":"product_brand-levis-it","7":"product_cat-accessori","8":"product_cat-berretti-cappelli","11":"first","12":"instock","13":"shipping-taxable","14":"purchasable","15":"product-type-variable"},"_links":{"self":[{"href":"https:\/\/juxtare.store\/it\/wp-json\/wp\/v2\/product\/61222","targetHints":{"allow":["GET"]}}],"collection":[{"href":"https:\/\/juxtare.store\/it\/wp-json\/wp\/v2\/product"}],"about":[{"href":"https:\/\/juxtare.store\/it\/wp-json\/wp\/v2\/types\/product"}],"replies":[{"embeddable":true,"href":"https:\/\/juxtare.store\/it\/wp-json\/wp\/v2\/comments?post=61222"}],"wp:featuredmedia":[{"embeddable":true,"href":"https:\/\/juxtare.store\/it\/wp-json\/wp\/v2\/media\/61223"}],"wp:attachment":[{"href":"https:\/\/juxtare.store\/it\/wp-json\/wp\/v2\/media?parent=61222"}],"wp:term":[{"taxonomy":"product_brand","embeddable":true,"href":"https:\/\/juxtare.store\/it\/wp-json\/wp\/v2\/product_brand?post=61222"},{"taxonomy":"product_cat","embeddable":true,"href":"https:\/\/juxtare.store\/it\/wp-json\/wp\/v2\/product_cat?post=61222"},{"taxonomy":"product_tag","embeddable":true,"href":"https:\/\/juxtare.store\/it\/wp-json\/wp\/v2\/product_tag?post=61222"}],"curies":[{"name":"wp","href":"https:\/\/api.w.org\/{rel}","templated":true}]}}