{"id":60028,"date":"2024-02-23T14:39:29","date_gmt":"2024-02-23T13:39:29","guid":{"rendered":"https:\/\/juxtare.store\/prodotto\/casco-stilo-st5-cmr-nero\/"},"modified":"2024-05-16T19:33:23","modified_gmt":"2024-05-16T17:33:23","slug":"casco-stilo-st5-cmr-nero","status":"publish","type":"product","link":"https:\/\/juxtare.store\/it\/prodotto\/casco-stilo-st5-cmr-nero\/","title":{"rendered":"Casco Stilo ST5 CMR nero"},"content":{"rendered":"<p>La gamma di caschi Stilo ST5 \u00e8 stata sviluppata dopo una meticolosa e inesauribile ricerca della perfezione. Spingendo ulteriormente gli standard di sicurezza e qualit\u00e0, Stilo ST5 \u00e8 ora il punto di riferimento per tutti i concorrenti.<br \/>\nBeneficiando degli ultimi miglioramenti alla gamma di caschi racing ST5, l&#8217;ST5F N &#8211; CMR \u00e8 pi\u00f9 leggero, utilizza un guscio pi\u00f9 piccolo, ha una visione pi\u00f9 ampia e chiara grazie a una nuova visiera simmetrica, \u00e8 pi\u00f9 confortevole, ha una migliore aerodinamica, ha una migliore ventilazione e utilizza una nuova fibbia di bloccaggio della visiera che pu\u00f2 essere facilmente azionata con una sola mano.<br \/>\nCostruito con un guscio in carbonio \/ kevlar che non solo lo rende estremamente resistente, ma lo rende anche il casco CMR pi\u00f9 leggero della sua categoria, con un peso incredibile di 1200 grammi (\/ -30gm). Per una maggiore sicurezza, il casco \u00e8 dotato di una visiera approvata dalla FIA di 3 mm di spessore, che si trova su un sistema di bloccaggio posizionato centralmente che include una regolazione per consentire alla visiera di essere leggermente aperta se necessario, consentendo un flusso d&#8217;aria extra come preferito da alcuni kartisti.<\/p>\n<p>\u2022 Snell CMR &#8211; 2016 approvato<br \/>\n\u2022Ultra leggero: solo 1,2 kg<br \/>\n\u2022Calotta in carbonio \/ kevlar<\/p>\n<p>&nbsp;<\/p>\n","protected":false},"excerpt":{"rendered":"<p>Casco Stilo ST5 CMR nero per karting.<\/p>\n","protected":false},"featured_media":60029,"comment_status":"open","ping_status":"closed","template":"","meta":[],"product_brand":[637],"product_cat":[507],"product_tag":[501],"class_list":{"0":"post-60028","1":"product","2":"type-product","3":"status-publish","4":"has-post-thumbnail","6":"product_brand-stilo-it","7":"product_cat-caschi","8":"product_tag-karting-it","11":"first","12":"instock","13":"shipping-taxable","14":"purchasable","15":"product-type-simple"},"_links":{"self":[{"href":"https:\/\/juxtare.store\/it\/wp-json\/wp\/v2\/product\/60028","targetHints":{"allow":["GET"]}}],"collection":[{"href":"https:\/\/juxtare.store\/it\/wp-json\/wp\/v2\/product"}],"about":[{"href":"https:\/\/juxtare.store\/it\/wp-json\/wp\/v2\/types\/product"}],"replies":[{"embeddable":true,"href":"https:\/\/juxtare.store\/it\/wp-json\/wp\/v2\/comments?post=60028"}],"wp:featuredmedia":[{"embeddable":true,"href":"https:\/\/juxtare.store\/it\/wp-json\/wp\/v2\/media\/60029"}],"wp:attachment":[{"href":"https:\/\/juxtare.store\/it\/wp-json\/wp\/v2\/media?parent=60028"}],"wp:term":[{"taxonomy":"product_brand","embeddable":true,"href":"https:\/\/juxtare.store\/it\/wp-json\/wp\/v2\/product_brand?post=60028"},{"taxonomy":"product_cat","embeddable":true,"href":"https:\/\/juxtare.store\/it\/wp-json\/wp\/v2\/product_cat?post=60028"},{"taxonomy":"product_tag","embeddable":true,"href":"https:\/\/juxtare.store\/it\/wp-json\/wp\/v2\/product_tag?post=60028"}],"curies":[{"name":"wp","href":"https:\/\/api.w.org\/{rel}","templated":true}]}}