{"id":53004,"date":"2024-03-25T11:08:26","date_gmt":"2024-03-25T10:08:26","guid":{"rendered":"https:\/\/juxtare.store\/?post_type=product&#038;p=53004"},"modified":"2024-05-20T10:03:13","modified_gmt":"2024-05-20T08:03:13","slug":"calze-goalkeeper-21-gn2993","status":"publish","type":"product","link":"https:\/\/juxtare.store\/it\/prodotto\/calze-goalkeeper-21-gn2993\/","title":{"rendered":"Calze goalkeeper 21 gn2993"},"content":{"rendered":"<p>Quando \u00e8 il momento di mostrare le tue abilit\u00e0, indossa questi calzettoni da calcio adi 21 firmati Adidas. La tecnologia antiumidit\u00e0 aeroready mantiene i piedi asciutti, mentre il design specifico per piede destro e sinistro assicura una calzata stabile. L&#8217;imbottitura nelle aree maggiormente sollecitate garantisce un comfort ottimale fino al fischio finale. Questo prodotto \u00e8 realizzato con materiali riciclati ad alte prestazioni primegreen.<\/p>\n","protected":false},"excerpt":{"rendered":"<p>Quando \u00e8 il momento di mostrare le tue abilit\u00e0, indossa questi calzettoni da calcio adi 21 firmati Adidas. La tecnologia antiumidit\u00e0 aeroready mantiene i piedi asciutti, mentre il design specifico per piede destro e sinistro assicura una calzata stabile. L&#8217;imbottitura nelle aree maggiormente sollecitate garantisce un comfort ottimale fino al fischio finale. Questo prodotto \u00e8 realizzato con materiali riciclati ad alte prestazioni primegreen.<\/p>\n","protected":false},"featured_media":53005,"comment_status":"open","ping_status":"closed","template":"","meta":[],"product_brand":[],"product_cat":[400,404],"product_tag":[451],"class_list":{"0":"post-53004","1":"product","2":"type-product","3":"status-publish","4":"has-post-thumbnail","6":"product_cat-sport-it","7":"product_cat-calzettoni-e-scaldamuscoli","8":"product_tag-calcio","11":"first","12":"instock","13":"shipping-taxable","14":"purchasable","15":"product-type-variable"},"_links":{"self":[{"href":"https:\/\/juxtare.store\/it\/wp-json\/wp\/v2\/product\/53004","targetHints":{"allow":["GET"]}}],"collection":[{"href":"https:\/\/juxtare.store\/it\/wp-json\/wp\/v2\/product"}],"about":[{"href":"https:\/\/juxtare.store\/it\/wp-json\/wp\/v2\/types\/product"}],"replies":[{"embeddable":true,"href":"https:\/\/juxtare.store\/it\/wp-json\/wp\/v2\/comments?post=53004"}],"wp:featuredmedia":[{"embeddable":true,"href":"https:\/\/juxtare.store\/it\/wp-json\/wp\/v2\/media\/53005"}],"wp:attachment":[{"href":"https:\/\/juxtare.store\/it\/wp-json\/wp\/v2\/media?parent=53004"}],"wp:term":[{"taxonomy":"product_brand","embeddable":true,"href":"https:\/\/juxtare.store\/it\/wp-json\/wp\/v2\/product_brand?post=53004"},{"taxonomy":"product_cat","embeddable":true,"href":"https:\/\/juxtare.store\/it\/wp-json\/wp\/v2\/product_cat?post=53004"},{"taxonomy":"product_tag","embeddable":true,"href":"https:\/\/juxtare.store\/it\/wp-json\/wp\/v2\/product_tag?post=53004"}],"curies":[{"name":"wp","href":"https:\/\/api.w.org\/{rel}","templated":true}]}}