{"id":49718,"date":"2024-03-08T04:01:52","date_gmt":"2024-03-08T03:01:52","guid":{"rendered":"https:\/\/juxtare.store\/?post_type=product&#038;p=49718"},"modified":"2024-05-21T13:00:33","modified_gmt":"2024-05-21T11:00:33","slug":"gel-cumulus-26-1012b599-700","status":"publish","type":"product","link":"https:\/\/juxtare.store\/it\/prodotto\/gel-cumulus-26-1012b599-700\/","title":{"rendered":"GEL-CUMULUS 26  1012B599-700"},"content":{"rendered":"<p><strong>La scarpa da running GEL-CUMULUS 26 \u00e8 un&#8217;ottima scelta per chi desidera una scarpa con un&#8217;ammortizzazione extra.\u00a0<\/strong>\u00c8 il nostro modello GEL-CUMULUS pi\u00f9 leggero e ammortizzato di sempre, cos\u00ec comodo da farti sentire perfettamente a tuo agio durante la corsa.<\/p>\n<p>La tecnologia PureGEL incrementa la morbidezza e l&#8217;assorbimento degli urti per ridurre l&#8217;impatto sulle articolazioni. Abbiamo ridisegnato l&#8217;intersuola combinando la nostra schiuma FF BLAST PLUS con una suola FLUIDRIDE per offrirti un comfort ottimale durante la corsa.<\/p>\n<p>Cosa rende la scarpa da running GEL-CUMULUS 26 cos\u00ec confortevole?<\/p>\n<ul>\n<li>La tecnologia PureGEL integrata migliora la morbidezza e l&#8217;assorbimento degli urti per ridurre l&#8217;impatto sulle articolazioni.<\/li>\n<li>La maggiore quantit\u00e0 di schiuma FF BLAST PLUS offre un&#8217;esperienza di corsa pi\u00f9 confortevole e morbida.<\/li>\n<li>La suola FLUIDRIDE \u00e8 leggera e assicura transizioni pi\u00f9 fluide per un maggiore comfort.<\/li>\n<\/ul>\n<p><strong>Quali altre caratteristiche rendono la scarpa GEL-CUMULUS 26\u00a0<\/strong><strong>la scelta ideale?<\/strong><\/p>\n<p>Questa scarpa \u00e8 progettata tenendo a mente il comfort: abbiamo trascorso ore e ore a testarla presso il nostro Istituto di scienza dello sport (ISS) in Giappone. La scarpa da running GEL-CUMULUS 26 include caratteristiche tecniche aggiuntive per aiutarti durante la corsa.<\/p>\n","protected":false},"excerpt":{"rendered":"<p>La scarpa da running GEL-CUMULUS 26 \u00e8 un&#8217;ottima scelta per chi desidera una scarpa con un&#8217;ammortizzazione extra. \u00c8 il nostro modello GEL-CUMULUS pi\u00f9 leggero e ammortizzato di sempre, cos\u00ec comodo da farti sentire perfettamente a tuo agio durante la corsa.<\/p>\n","protected":false},"featured_media":49720,"comment_status":"open","ping_status":"closed","template":"","meta":[],"product_brand":[],"product_cat":[412,421],"product_tag":[448],"class_list":{"0":"post-49718","1":"product","2":"type-product","3":"status-publish","4":"has-post-thumbnail","6":"product_cat-donna","7":"product_cat-scarpe-da-donna","8":"product_tag-fitness-it","11":"first","12":"instock","13":"shipping-taxable","14":"purchasable","15":"product-type-variable"},"_links":{"self":[{"href":"https:\/\/juxtare.store\/it\/wp-json\/wp\/v2\/product\/49718","targetHints":{"allow":["GET"]}}],"collection":[{"href":"https:\/\/juxtare.store\/it\/wp-json\/wp\/v2\/product"}],"about":[{"href":"https:\/\/juxtare.store\/it\/wp-json\/wp\/v2\/types\/product"}],"replies":[{"embeddable":true,"href":"https:\/\/juxtare.store\/it\/wp-json\/wp\/v2\/comments?post=49718"}],"wp:featuredmedia":[{"embeddable":true,"href":"https:\/\/juxtare.store\/it\/wp-json\/wp\/v2\/media\/49720"}],"wp:attachment":[{"href":"https:\/\/juxtare.store\/it\/wp-json\/wp\/v2\/media?parent=49718"}],"wp:term":[{"taxonomy":"product_brand","embeddable":true,"href":"https:\/\/juxtare.store\/it\/wp-json\/wp\/v2\/product_brand?post=49718"},{"taxonomy":"product_cat","embeddable":true,"href":"https:\/\/juxtare.store\/it\/wp-json\/wp\/v2\/product_cat?post=49718"},{"taxonomy":"product_tag","embeddable":true,"href":"https:\/\/juxtare.store\/it\/wp-json\/wp\/v2\/product_tag?post=49718"}],"curies":[{"name":"wp","href":"https:\/\/api.w.org\/{rel}","templated":true}]}}