{"id":49705,"date":"2024-03-08T04:00:19","date_gmt":"2024-03-08T03:00:19","guid":{"rendered":"https:\/\/juxtare.store\/?post_type=product&#038;p=49705"},"modified":"2024-05-13T11:43:36","modified_gmt":"2024-05-13T09:43:36","slug":"gel-cumulus-26-1011b792-300","status":"publish","type":"product","link":"https:\/\/juxtare.store\/it\/prodotto\/gel-cumulus-26-1011b792-300\/","title":{"rendered":"GEL-CUMULUS 26 1011B792-300"},"content":{"rendered":"<p>La scarpa da running GEL-CUMULUS 26 \u00e8 un&#8217;ottima scelta per chi desidera una scarpa con un&#8217;ammortizzazione extra. \u00c8 il nostro modello GEL-CUMULUS pi\u00f9 leggero e ammortizzato di sempre, cos\u00ec comodo da farti sentire perfettamente a tuo agio durante la corsa.<\/p>\n","protected":false},"excerpt":{"rendered":"<p>La scarpa da running GEL-CUMULUS 26 \u00e8 un&#8217;ottima scelta per chi desidera una scarpa con un&#8217;ammortizzazione extra. \u00c8 il nostro modello GEL-CUMULUS pi\u00f9 leggero e ammortizzato di sempre, cos\u00ec comodo da farti sentire perfettamente a tuo agio durante la corsa.<\/p>\n","protected":false},"featured_media":49707,"comment_status":"open","ping_status":"closed","template":"","meta":[],"product_brand":[],"product_cat":[382,392],"product_tag":[448],"class_list":{"0":"post-49705","1":"product","2":"type-product","3":"status-publish","4":"has-post-thumbnail","6":"product_cat-uomo","7":"product_cat-scarpe-da-uomo","8":"product_tag-fitness-it","11":"first","12":"instock","13":"shipping-taxable","14":"purchasable","15":"product-type-variable"},"_links":{"self":[{"href":"https:\/\/juxtare.store\/it\/wp-json\/wp\/v2\/product\/49705","targetHints":{"allow":["GET"]}}],"collection":[{"href":"https:\/\/juxtare.store\/it\/wp-json\/wp\/v2\/product"}],"about":[{"href":"https:\/\/juxtare.store\/it\/wp-json\/wp\/v2\/types\/product"}],"replies":[{"embeddable":true,"href":"https:\/\/juxtare.store\/it\/wp-json\/wp\/v2\/comments?post=49705"}],"wp:featuredmedia":[{"embeddable":true,"href":"https:\/\/juxtare.store\/it\/wp-json\/wp\/v2\/media\/49707"}],"wp:attachment":[{"href":"https:\/\/juxtare.store\/it\/wp-json\/wp\/v2\/media?parent=49705"}],"wp:term":[{"taxonomy":"product_brand","embeddable":true,"href":"https:\/\/juxtare.store\/it\/wp-json\/wp\/v2\/product_brand?post=49705"},{"taxonomy":"product_cat","embeddable":true,"href":"https:\/\/juxtare.store\/it\/wp-json\/wp\/v2\/product_cat?post=49705"},{"taxonomy":"product_tag","embeddable":true,"href":"https:\/\/juxtare.store\/it\/wp-json\/wp\/v2\/product_tag?post=49705"}],"curies":[{"name":"wp","href":"https:\/\/api.w.org\/{rel}","templated":true}]}}