{"id":44261,"date":"2024-02-22T04:02:14","date_gmt":"2024-02-22T03:02:14","guid":{"rendered":"https:\/\/juxtare.store\/?post_type=product&#038;p=44261"},"modified":"2024-03-22T06:50:27","modified_gmt":"2024-03-22T05:50:27","slug":"t-shirt-essentials-logo-ic9274","status":"publish","type":"product","link":"https:\/\/juxtare.store\/it\/prodotto\/t-shirt-essentials-logo-ic9274\/","title":{"rendered":"T-shirt essentials logo ic9274"},"content":{"rendered":"<p>Se la semplicit\u00e0 \u00e8 il tuo mantra, questa t-shirt Adidas \u00e8 quello che fa per te. Caratterizzata da un taglio pulito con girocollo, puoi abbinarla a qualsiasi capo. La struttura in jersey di cotone offre morbidezza a contatto con la pelle.<\/p>\n","protected":false},"excerpt":{"rendered":"<p>Se la semplicit\u00e0 \u00e8 il tuo mantra, questa t-shirt Adidas \u00e8 quello che fa per te. Caratterizzata da un taglio pulito con girocollo, puoi abbinarla a qualsiasi capo. La struttura in jersey di cotone offre morbidezza a contatto con la pelle.<\/p>\n","protected":false},"featured_media":44262,"comment_status":"open","ping_status":"closed","template":"","meta":[],"product_brand":[],"product_cat":[382,397],"product_tag":[],"class_list":{"0":"post-44261","1":"product","2":"type-product","3":"status-publish","4":"has-post-thumbnail","6":"product_cat-uomo","7":"product_cat-t-shirt-da-uomo","10":"first","11":"instock","12":"shipping-taxable","13":"purchasable","14":"product-type-variable"},"_links":{"self":[{"href":"https:\/\/juxtare.store\/it\/wp-json\/wp\/v2\/product\/44261","targetHints":{"allow":["GET"]}}],"collection":[{"href":"https:\/\/juxtare.store\/it\/wp-json\/wp\/v2\/product"}],"about":[{"href":"https:\/\/juxtare.store\/it\/wp-json\/wp\/v2\/types\/product"}],"replies":[{"embeddable":true,"href":"https:\/\/juxtare.store\/it\/wp-json\/wp\/v2\/comments?post=44261"}],"wp:featuredmedia":[{"embeddable":true,"href":"https:\/\/juxtare.store\/it\/wp-json\/wp\/v2\/media\/44262"}],"wp:attachment":[{"href":"https:\/\/juxtare.store\/it\/wp-json\/wp\/v2\/media?parent=44261"}],"wp:term":[{"taxonomy":"product_brand","embeddable":true,"href":"https:\/\/juxtare.store\/it\/wp-json\/wp\/v2\/product_brand?post=44261"},{"taxonomy":"product_cat","embeddable":true,"href":"https:\/\/juxtare.store\/it\/wp-json\/wp\/v2\/product_cat?post=44261"},{"taxonomy":"product_tag","embeddable":true,"href":"https:\/\/juxtare.store\/it\/wp-json\/wp\/v2\/product_tag?post=44261"}],"curies":[{"name":"wp","href":"https:\/\/api.w.org\/{rel}","templated":true}]}}