{"id":43746,"date":"2024-02-11T04:03:08","date_gmt":"2024-02-11T03:03:08","guid":{"rendered":"https:\/\/juxtare.store\/?post_type=product&#038;p=43746"},"modified":"2024-03-22T06:55:40","modified_gmt":"2024-03-22T05:55:40","slug":"borsone-extra-small-dm3977-010","status":"publish","type":"product","link":"https:\/\/juxtare.store\/it\/prodotto\/borsone-extra-small-dm3977-010\/","title":{"rendered":"Borsone extra small dm3977-010"},"content":{"rendered":"<p>I regali pi\u00f9 belli sono nei pacchetti pi\u00f9 piccoli, specialmente quando il pacchetto \u00e8 il borsone Nike brasilia. Riempilo con i tuoi accessori e organizza il tuo prossimo viaggio in palestra o per le avventure di tutti i giorni.<\/p>\n","protected":false},"excerpt":{"rendered":"<p>I regali pi\u00f9 belli sono nei pacchetti pi\u00f9 piccoli, specialmente quando il pacchetto \u00e8 il borsone Nike brasilia. Riempilo con i tuoi accessori e organizza il tuo prossimo viaggio in palestra o per le avventure di tutti i giorni.<\/p>\n","protected":false},"featured_media":43747,"comment_status":"open","ping_status":"closed","template":"","meta":[],"product_brand":[],"product_cat":[363,365],"product_tag":[],"class_list":{"0":"post-43746","1":"product","2":"type-product","3":"status-publish","4":"has-post-thumbnail","6":"product_cat-accessori","7":"product_cat-borse-zaini","10":"first","11":"instock","12":"shipping-taxable","13":"purchasable","14":"product-type-variable"},"_links":{"self":[{"href":"https:\/\/juxtare.store\/it\/wp-json\/wp\/v2\/product\/43746","targetHints":{"allow":["GET"]}}],"collection":[{"href":"https:\/\/juxtare.store\/it\/wp-json\/wp\/v2\/product"}],"about":[{"href":"https:\/\/juxtare.store\/it\/wp-json\/wp\/v2\/types\/product"}],"replies":[{"embeddable":true,"href":"https:\/\/juxtare.store\/it\/wp-json\/wp\/v2\/comments?post=43746"}],"wp:featuredmedia":[{"embeddable":true,"href":"https:\/\/juxtare.store\/it\/wp-json\/wp\/v2\/media\/43747"}],"wp:attachment":[{"href":"https:\/\/juxtare.store\/it\/wp-json\/wp\/v2\/media?parent=43746"}],"wp:term":[{"taxonomy":"product_brand","embeddable":true,"href":"https:\/\/juxtare.store\/it\/wp-json\/wp\/v2\/product_brand?post=43746"},{"taxonomy":"product_cat","embeddable":true,"href":"https:\/\/juxtare.store\/it\/wp-json\/wp\/v2\/product_cat?post=43746"},{"taxonomy":"product_tag","embeddable":true,"href":"https:\/\/juxtare.store\/it\/wp-json\/wp\/v2\/product_tag?post=43746"}],"curies":[{"name":"wp","href":"https:\/\/api.w.org\/{rel}","templated":true}]}}