{"id":35742,"date":"2024-01-31T04:00:17","date_gmt":"2024-01-31T03:00:17","guid":{"rendered":"https:\/\/juxtare.store\/?post_type=product&#038;p=35742"},"modified":"2024-10-01T07:36:03","modified_gmt":"2024-10-01T05:36:03","slug":"felpa-con-cappuccio-jr-entrada22-hi2142","status":"publish","type":"product","link":"https:\/\/juxtare.store\/it\/prodotto\/felpa-con-cappuccio-jr-entrada22-hi2142\/","title":{"rendered":"Felpa con cappuccio jr entrada22  hi2142"},"content":{"rendered":"<p>Dedicata a chi gioca a calcio a livello amatoriale. La collezione entrada 22 offre tutto quello che ti serve per innalzare il tuo stile e le tue prestazioni in campo. Questa felpa con cappuccio Adidas junior \u00e8 un concentrato di comfort e morbidezza. Solleva il cappuccio e tieni al caldo le mani nella tasca a marsupio quando \u00e8 il momento di prenderti una pausa. Questo prodotto \u00e8 in parte realizzato con materiale riciclato ottenuto da scarti di produzione, come i ritagli di stoffa, e da rifiuti domestici per ridurre l&#8217;impatto ambientale legato alla produzione di materiali vergini.<\/p>\n","protected":false},"excerpt":{"rendered":"<p>Dedicata a chi gioca a calcio a livello amatoriale. La collezione entrada 22 offre tutto quello che ti serve per innalzare il tuo stile e le tue prestazioni in campo. Questa felpa con cappuccio Adidas junior \u00e8 un concentrato di comfort e morbidezza. Solleva il cappuccio e tieni al caldo le mani nella tasca a marsupio quando \u00e8 il momento di prenderti una pausa. Questo prodotto \u00e8 in parte realizzato con materiale riciclato ottenuto da scarti di produzione, come i ritagli di stoffa, e da rifiuti domestici per ridurre l&#8217;impatto ambientale legato alla produzione di materiali vergini.<\/p>\n","protected":false},"featured_media":35743,"comment_status":"open","ping_status":"closed","template":"","meta":[],"product_brand":[],"product_cat":[369,373],"product_tag":[448],"class_list":{"0":"post-35742","1":"product","2":"type-product","3":"status-publish","4":"has-post-thumbnail","6":"product_cat-bambini","7":"product_cat-felpe-per-bambini","8":"product_tag-fitness-it","11":"first","12":"instock","13":"shipping-taxable","14":"product-type-variable"},"_links":{"self":[{"href":"https:\/\/juxtare.store\/it\/wp-json\/wp\/v2\/product\/35742","targetHints":{"allow":["GET"]}}],"collection":[{"href":"https:\/\/juxtare.store\/it\/wp-json\/wp\/v2\/product"}],"about":[{"href":"https:\/\/juxtare.store\/it\/wp-json\/wp\/v2\/types\/product"}],"replies":[{"embeddable":true,"href":"https:\/\/juxtare.store\/it\/wp-json\/wp\/v2\/comments?post=35742"}],"wp:featuredmedia":[{"embeddable":true,"href":"https:\/\/juxtare.store\/it\/wp-json\/wp\/v2\/media\/35743"}],"wp:attachment":[{"href":"https:\/\/juxtare.store\/it\/wp-json\/wp\/v2\/media?parent=35742"}],"wp:term":[{"taxonomy":"product_brand","embeddable":true,"href":"https:\/\/juxtare.store\/it\/wp-json\/wp\/v2\/product_brand?post=35742"},{"taxonomy":"product_cat","embeddable":true,"href":"https:\/\/juxtare.store\/it\/wp-json\/wp\/v2\/product_cat?post=35742"},{"taxonomy":"product_tag","embeddable":true,"href":"https:\/\/juxtare.store\/it\/wp-json\/wp\/v2\/product_tag?post=35742"}],"curies":[{"name":"wp","href":"https:\/\/api.w.org\/{rel}","templated":true}]}}