{"id":35181,"date":"2024-01-10T12:10:03","date_gmt":"2024-01-10T11:10:03","guid":{"rendered":"https:\/\/juxtare.store\/?post_type=product&#038;p=35181"},"modified":"2024-03-22T09:56:39","modified_gmt":"2024-03-22T08:56:39","slug":"giacca-entrada-22-hi2134","status":"publish","type":"product","link":"https:\/\/juxtare.store\/it\/prodotto\/giacca-entrada-22-hi2134\/","title":{"rendered":"Giacca entrada 22  hi2134"},"content":{"rendered":"<p>Per la tua squadra, per il tuo pianeta, indossa questa giacca da allenamento Adidas quando ti serve uno strato di comfort extra fuori e dentro il campo. Parte integrante della collezione entrada 22 dedicata a chi gioca a calcio a livello amatoriale. Il modello ti aiuta a tirare fuori ogni tuo potenziale grazie alla praticit\u00e0 del taglio aderente e affusolato. La tecnologia antiumidit\u00e0 aeroready azzera le distrazioni cos\u00ec puoi perfezionare i tuoi assist da gol. Questo prodotto contiene il 100% di materiali riciclati ed \u00e8 solo una delle nostre soluzioni per la lotta contro l&#8217;inquinamento causato dai rifiuti plastici.<\/p>\n","protected":false},"excerpt":{"rendered":"<p>Per la tua squadra, per il tuo pianeta, indossa questa giacca da allenamento Adidas quando ti serve uno strato di comfort extra fuori e dentro il campo. Parte integrante della collezione entrada 22 dedicata a chi gioca a calcio a livello amatoriale. Il modello ti aiuta a tirare fuori ogni tuo potenziale grazie alla praticit\u00e0 del taglio aderente e affusolato. La tecnologia antiumidit\u00e0 aeroready azzera le distrazioni cos\u00ec puoi perfezionare i tuoi assist da gol. Questo prodotto contiene il 100% di materiali riciclati ed \u00e8 solo una delle nostre soluzioni per la lotta contro l&#8217;inquinamento causato dai rifiuti plastici.<\/p>\n","protected":false},"featured_media":29058,"comment_status":"open","ping_status":"closed","template":"","meta":[],"product_brand":[],"product_cat":[382,398],"product_tag":[],"class_list":{"0":"post-35181","1":"product","2":"type-product","3":"status-publish","4":"has-post-thumbnail","6":"product_cat-uomo","7":"product_cat-tute-da-uomo","10":"first","11":"outofstock","12":"shipping-taxable","13":"purchasable","14":"product-type-variable"},"_links":{"self":[{"href":"https:\/\/juxtare.store\/it\/wp-json\/wp\/v2\/product\/35181","targetHints":{"allow":["GET"]}}],"collection":[{"href":"https:\/\/juxtare.store\/it\/wp-json\/wp\/v2\/product"}],"about":[{"href":"https:\/\/juxtare.store\/it\/wp-json\/wp\/v2\/types\/product"}],"replies":[{"embeddable":true,"href":"https:\/\/juxtare.store\/it\/wp-json\/wp\/v2\/comments?post=35181"}],"wp:featuredmedia":[{"embeddable":true,"href":"https:\/\/juxtare.store\/it\/wp-json\/wp\/v2\/media\/29058"}],"wp:attachment":[{"href":"https:\/\/juxtare.store\/it\/wp-json\/wp\/v2\/media?parent=35181"}],"wp:term":[{"taxonomy":"product_brand","embeddable":true,"href":"https:\/\/juxtare.store\/it\/wp-json\/wp\/v2\/product_brand?post=35181"},{"taxonomy":"product_cat","embeddable":true,"href":"https:\/\/juxtare.store\/it\/wp-json\/wp\/v2\/product_cat?post=35181"},{"taxonomy":"product_tag","embeddable":true,"href":"https:\/\/juxtare.store\/it\/wp-json\/wp\/v2\/product_tag?post=35181"}],"curies":[{"name":"wp","href":"https:\/\/api.w.org\/{rel}","templated":true}]}}