{"id":34344,"date":"2023-12-10T13:50:07","date_gmt":"2023-12-10T12:50:07","guid":{"rendered":"https:\/\/juxtare.store\/product\/giacca-tuta-ent22-hb0573\/"},"modified":"2023-12-10T13:50:07","modified_gmt":"2023-12-10T12:50:07","slug":"giacca-tuta-ent22-hb0573","status":"publish","type":"product","link":"https:\/\/juxtare.store\/it\/prodotto\/giacca-tuta-ent22-hb0573\/","title":{"rendered":"Giacca tuta ent22 hb0573"},"content":{"rendered":"<p>Per la tua squadra e per il tuo pianeta indossa questa giacca da allenamento adidas quando ti serve una vera sensazione di extra comfort fuori e dentro il campo. Parte integrante della collezione entrada 22, dedicata a chi gioca a calcio a livello amatoriale, ti aiuta a tirare fuori tutto il tuo potenziale grazie alla praticit\u00e0 del suo taglio aderente e affusolato. La tecnologia anti umidit\u00e0 aeroready azzera le distrazioni, cos\u00ec puoi perfezionare le tue performance.<\/p>\n","protected":false},"excerpt":{"rendered":"<p>Per la tua squadra e per il tuo pianeta indossa questa giacca da allenamento adidas quando ti serve una vera sensazione di extra comfort fuori e dentro il campo. Parte integrante della collezione entrada 22, dedicata a chi gioca a calcio a livello amatoriale, ti aiuta a tirare fuori tutto il tuo potenziale grazie alla praticit\u00e0 del suo taglio aderente e affusolato. La tecnologia anti umidit\u00e0 aeroready azzera le distrazioni, cos\u00ec puoi perfezionare le tue performance.<\/p>\n","protected":false},"featured_media":27155,"comment_status":"open","ping_status":"closed","template":"","meta":[],"product_brand":[],"product_cat":[382,398],"product_tag":[448],"class_list":{"0":"post-34344","1":"product","2":"type-product","3":"status-publish","4":"has-post-thumbnail","6":"product_cat-uomo","7":"product_cat-tute-da-uomo","8":"product_tag-fitness-it","11":"first","12":"instock","13":"shipping-taxable","14":"purchasable","15":"product-type-variable"},"_links":{"self":[{"href":"https:\/\/juxtare.store\/it\/wp-json\/wp\/v2\/product\/34344","targetHints":{"allow":["GET"]}}],"collection":[{"href":"https:\/\/juxtare.store\/it\/wp-json\/wp\/v2\/product"}],"about":[{"href":"https:\/\/juxtare.store\/it\/wp-json\/wp\/v2\/types\/product"}],"replies":[{"embeddable":true,"href":"https:\/\/juxtare.store\/it\/wp-json\/wp\/v2\/comments?post=34344"}],"wp:featuredmedia":[{"embeddable":true,"href":"https:\/\/juxtare.store\/it\/wp-json\/wp\/v2\/media\/27155"}],"wp:attachment":[{"href":"https:\/\/juxtare.store\/it\/wp-json\/wp\/v2\/media?parent=34344"}],"wp:term":[{"taxonomy":"product_brand","embeddable":true,"href":"https:\/\/juxtare.store\/it\/wp-json\/wp\/v2\/product_brand?post=34344"},{"taxonomy":"product_cat","embeddable":true,"href":"https:\/\/juxtare.store\/it\/wp-json\/wp\/v2\/product_cat?post=34344"},{"taxonomy":"product_tag","embeddable":true,"href":"https:\/\/juxtare.store\/it\/wp-json\/wp\/v2\/product_tag?post=34344"}],"curies":[{"name":"wp","href":"https:\/\/api.w.org\/{rel}","templated":true}]}}