{"id":33807,"date":"2023-12-15T16:22:03","date_gmt":"2023-12-15T15:22:03","guid":{"rendered":"https:\/\/juxtare.store\/product\/t-shirt-nike-swoosh-cw6967-100\/"},"modified":"2023-12-15T16:22:03","modified_gmt":"2023-12-15T15:22:03","slug":"t-shirt-nike-swoosh-cw6967-100","status":"publish","type":"product","link":"https:\/\/juxtare.store\/it\/prodotto\/t-shirt-nike-swoosh-cw6967-100\/","title":{"rendered":"T-shirt Nike swoosh cw6967-100"},"content":{"rendered":"<p>La t-shirt Nike dri-fit park \u00e8 un classico da calcio per l&#8217;allenamento o per le partite. Il tessuto traspirante \u00e8 elastico al punto giusto per offrire la massima libert\u00e0 di movimento in campo.<\/p>\n","protected":false},"excerpt":{"rendered":"<p>La t-shirt Nike dri-fit park \u00e8 un classico da calcio per l&#8217;allenamento o per le partite. Il tessuto traspirante \u00e8 elastico al punto giusto per offrire la massima libert\u00e0 di movimento in campo.<\/p>\n","protected":false},"featured_media":27633,"comment_status":"open","ping_status":"closed","template":"","meta":[],"product_brand":[],"product_cat":[412,428],"product_tag":[451,448,449,450],"class_list":{"0":"post-33807","1":"product","2":"type-product","3":"status-publish","4":"has-post-thumbnail","6":"product_cat-donna","7":"product_cat-t-shirt-da-donna","8":"product_tag-calcio","9":"product_tag-fitness-it","10":"product_tag-padel-it","11":"product_tag-tennis-it","14":"first","15":"instock","16":"featured","17":"shipping-taxable","18":"purchasable","19":"product-type-variable"},"_links":{"self":[{"href":"https:\/\/juxtare.store\/it\/wp-json\/wp\/v2\/product\/33807","targetHints":{"allow":["GET"]}}],"collection":[{"href":"https:\/\/juxtare.store\/it\/wp-json\/wp\/v2\/product"}],"about":[{"href":"https:\/\/juxtare.store\/it\/wp-json\/wp\/v2\/types\/product"}],"replies":[{"embeddable":true,"href":"https:\/\/juxtare.store\/it\/wp-json\/wp\/v2\/comments?post=33807"}],"wp:featuredmedia":[{"embeddable":true,"href":"https:\/\/juxtare.store\/it\/wp-json\/wp\/v2\/media\/27633"}],"wp:attachment":[{"href":"https:\/\/juxtare.store\/it\/wp-json\/wp\/v2\/media?parent=33807"}],"wp:term":[{"taxonomy":"product_brand","embeddable":true,"href":"https:\/\/juxtare.store\/it\/wp-json\/wp\/v2\/product_brand?post=33807"},{"taxonomy":"product_cat","embeddable":true,"href":"https:\/\/juxtare.store\/it\/wp-json\/wp\/v2\/product_cat?post=33807"},{"taxonomy":"product_tag","embeddable":true,"href":"https:\/\/juxtare.store\/it\/wp-json\/wp\/v2\/product_tag?post=33807"}],"curies":[{"name":"wp","href":"https:\/\/api.w.org\/{rel}","templated":true}]}}