{"id":33135,"date":"2024-01-10T08:42:25","date_gmt":"2024-01-10T07:42:25","guid":{"rendered":"https:\/\/juxtare.store\/product\/t-shirt-nike-swoosh-cw6967-451\/"},"modified":"2024-01-10T08:42:25","modified_gmt":"2024-01-10T07:42:25","slug":"t-shirt-nike-swoosh-cw6967-451","status":"publish","type":"product","link":"https:\/\/juxtare.store\/it\/prodotto\/t-shirt-nike-swoosh-cw6967-451\/","title":{"rendered":"T-shirt Nike swoosh cw6967-451"},"content":{"rendered":"<p>La t-shirt Nike da uomo swoosh \u00e8 l&#8217;ideale per tutti gli sportivi che desiderano un capo leggero e confortevole per le loro attivit\u00e0 sportive. Realizzata in morbido tessuto in cotone presenta una vestibilit\u00e0 regolare che consente una grande libert\u00e0 di movimento. La maglietta ha un design minimalista con il logo Nike stampato sul petto ed \u00e8 disponibile in diversi colori per adattarsi al tuo stile personale. La tecnologia dri-fit di Nike assorbe l&#8217;umidit\u00e0 dalla pelle per mantenerla fresca e asciutta anche durante le sessioni di allenamento pi\u00f9 intense, sia che stia correndo, sollevando pesi o semplicemente rilassandoti con gli amici. Questa t-shirt Nike da uomo \u00e8 la scelta perfetta per sentirsi comodi e alla moda.<\/p>\n","protected":false},"excerpt":{"rendered":"<p>La t-shirt Nike da uomo swoosh \u00e8 l&#8217;ideale per tutti gli sportivi che desiderano un capo leggero e confortevole per le loro attivit\u00e0 sportive. Realizzata in morbido tessuto in cotone presenta una vestibilit\u00e0 regolare che consente una grande libert\u00e0 di movimento. La maglietta ha un design minimalista con il logo Nike stampato sul petto ed \u00e8 disponibile in diversi colori per adattarsi al tuo stile personale. La tecnologia dri-fit di Nike assorbe l&#8217;umidit\u00e0 dalla pelle per mantenerla fresca e asciutta anche durante le sessioni di allenamento pi\u00f9 intense, sia che stia correndo, sollevando pesi o semplicemente rilassandoti con gli amici. Questa t-shirt Nike da uomo \u00e8 la scelta perfetta per sentirsi comodi e alla moda.<\/p>\n","protected":false},"featured_media":28191,"comment_status":"open","ping_status":"closed","template":"","meta":[],"product_brand":[],"product_cat":[382,397],"product_tag":[448,449,450],"class_list":{"0":"post-33135","1":"product","2":"type-product","3":"status-publish","4":"has-post-thumbnail","6":"product_cat-uomo","7":"product_cat-t-shirt-da-uomo","8":"product_tag-fitness-it","9":"product_tag-padel-it","10":"product_tag-tennis-it","13":"first","14":"instock","15":"shipping-taxable","16":"purchasable","17":"product-type-variable"},"_links":{"self":[{"href":"https:\/\/juxtare.store\/it\/wp-json\/wp\/v2\/product\/33135","targetHints":{"allow":["GET"]}}],"collection":[{"href":"https:\/\/juxtare.store\/it\/wp-json\/wp\/v2\/product"}],"about":[{"href":"https:\/\/juxtare.store\/it\/wp-json\/wp\/v2\/types\/product"}],"replies":[{"embeddable":true,"href":"https:\/\/juxtare.store\/it\/wp-json\/wp\/v2\/comments?post=33135"}],"wp:featuredmedia":[{"embeddable":true,"href":"https:\/\/juxtare.store\/it\/wp-json\/wp\/v2\/media\/28191"}],"wp:attachment":[{"href":"https:\/\/juxtare.store\/it\/wp-json\/wp\/v2\/media?parent=33135"}],"wp:term":[{"taxonomy":"product_brand","embeddable":true,"href":"https:\/\/juxtare.store\/it\/wp-json\/wp\/v2\/product_brand?post=33135"},{"taxonomy":"product_cat","embeddable":true,"href":"https:\/\/juxtare.store\/it\/wp-json\/wp\/v2\/product_cat?post=33135"},{"taxonomy":"product_tag","embeddable":true,"href":"https:\/\/juxtare.store\/it\/wp-json\/wp\/v2\/product_tag?post=33135"}],"curies":[{"name":"wp","href":"https:\/\/api.w.org\/{rel}","templated":true}]}}