{"id":32730,"date":"2024-01-10T10:18:03","date_gmt":"2024-01-10T09:18:03","guid":{"rendered":"https:\/\/juxtare.store\/product\/pantaloncini-nike-park-iii-bv6865-410\/"},"modified":"2024-05-20T17:49:43","modified_gmt":"2024-05-20T15:49:43","slug":"pantaloncini-nike-park-iii-bv6865-410","status":"publish","type":"product","link":"https:\/\/juxtare.store\/it\/prodotto\/pantaloncini-nike-park-iii-bv6865-410\/","title":{"rendered":"Pantaloncini Nike park III bv6865-410"},"content":{"rendered":"<p>Gli shorts Nike dri-fit park 3 permettono di concentrarti sulle tue prestazioni. Il morbido tessuto traspirante mantiene la pelle asciutta, mentre la fascia elastica in vita \u00e8 foderata in mesh per una traspirabilit\u00e0 ideale. Questo prodotto \u00e8 realizzato con fibre di poliestere riciclate al 100%.<\/p>\n","protected":false},"excerpt":{"rendered":"<p>Gli shorts Nike dri-fit park 3 permettono di concentrarti sulle tue prestazioni. Il morbido tessuto traspirante mantiene la pelle asciutta, mentre la fascia elastica in vita \u00e8 foderata in mesh per una traspirabilit\u00e0 ideale. Questo prodotto \u00e8 realizzato con fibre di poliestere riciclate al 100%.<\/p>\n","protected":false},"featured_media":28634,"comment_status":"open","ping_status":"closed","template":"","meta":[],"product_brand":[],"product_cat":[400,408],"product_tag":[448,449,450],"class_list":{"0":"post-32730","1":"product","2":"type-product","3":"status-publish","4":"has-post-thumbnail","6":"product_cat-sport-it","7":"product_cat-pantaloncini-tecnici","8":"product_tag-fitness-it","9":"product_tag-padel-it","10":"product_tag-tennis-it","13":"first","14":"instock","15":"shipping-taxable","16":"purchasable","17":"product-type-variable"},"_links":{"self":[{"href":"https:\/\/juxtare.store\/it\/wp-json\/wp\/v2\/product\/32730","targetHints":{"allow":["GET"]}}],"collection":[{"href":"https:\/\/juxtare.store\/it\/wp-json\/wp\/v2\/product"}],"about":[{"href":"https:\/\/juxtare.store\/it\/wp-json\/wp\/v2\/types\/product"}],"replies":[{"embeddable":true,"href":"https:\/\/juxtare.store\/it\/wp-json\/wp\/v2\/comments?post=32730"}],"wp:featuredmedia":[{"embeddable":true,"href":"https:\/\/juxtare.store\/it\/wp-json\/wp\/v2\/media\/28634"}],"wp:attachment":[{"href":"https:\/\/juxtare.store\/it\/wp-json\/wp\/v2\/media?parent=32730"}],"wp:term":[{"taxonomy":"product_brand","embeddable":true,"href":"https:\/\/juxtare.store\/it\/wp-json\/wp\/v2\/product_brand?post=32730"},{"taxonomy":"product_cat","embeddable":true,"href":"https:\/\/juxtare.store\/it\/wp-json\/wp\/v2\/product_cat?post=32730"},{"taxonomy":"product_tag","embeddable":true,"href":"https:\/\/juxtare.store\/it\/wp-json\/wp\/v2\/product_tag?post=32730"}],"curies":[{"name":"wp","href":"https:\/\/api.w.org\/{rel}","templated":true}]}}