{"id":32360,"date":"2024-01-10T12:26:03","date_gmt":"2024-01-10T11:26:03","guid":{"rendered":"https:\/\/juxtare.store\/product\/pantalone-adidas-entrada22-hc0332\/"},"modified":"2024-01-10T12:26:03","modified_gmt":"2024-01-10T11:26:03","slug":"pantalone-adidas-entrada22-hc0332","status":"publish","type":"product","link":"https:\/\/juxtare.store\/it\/prodotto\/pantalone-adidas-entrada22-hc0332\/","title":{"rendered":"Pantalone Adidas entrada22 hc0332"},"content":{"rendered":"<p>Completa il tuo training con un occhio di riguardo per l&#8217;ambiente. Allenati come i veri professionisti, rilassati con stile. Questi pantaloni da calcio Adidas sono realizzati in tessuto antiumidit\u00e0 aeroready per aiutarti a mantenere la pelle asciutta e affrontare al meglio qualsiasi sfida dentro e fuori dal campo. La girovita regolabile con cordino assicura una vestibilit\u00e0 stabile, mentre le zip alle caviglie consentono di indossare e sfilare il capo con semplicit\u00e0. Questo prodotto contiene il 100% di materiali riciclati ed \u00e8 solo una delle nostre soluzioni per la lotta contro l&#8217;inquinamento causato dai rifiuti plastici.<\/p>\n","protected":false},"excerpt":{"rendered":"<p>Completa il tuo training con un occhio di riguardo per l&#8217;ambiente. Allenati come i veri professionisti, rilassati con stile. Questi pantaloni da calcio Adidas sono realizzati in tessuto antiumidit\u00e0 aeroready per aiutarti a mantenere la pelle asciutta e affrontare al meglio qualsiasi sfida dentro e fuori dal campo. La girovita regolabile con cordino assicura una vestibilit\u00e0 stabile, mentre le zip alle caviglie consentono di indossare e sfilare il capo con semplicit\u00e0. Questo prodotto contiene il 100% di materiali riciclati ed \u00e8 solo una delle nostre soluzioni per la lotta contro l&#8217;inquinamento causato dai rifiuti plastici.<\/p>\n","protected":false},"featured_media":29093,"comment_status":"open","ping_status":"closed","template":"","meta":[],"product_brand":[],"product_cat":[382,398],"product_tag":[],"class_list":{"0":"post-32360","1":"product","2":"type-product","3":"status-publish","4":"has-post-thumbnail","6":"product_cat-uomo","7":"product_cat-tute-da-uomo","10":"first","11":"instock","12":"shipping-taxable","13":"purchasable","14":"product-type-variable"},"_links":{"self":[{"href":"https:\/\/juxtare.store\/it\/wp-json\/wp\/v2\/product\/32360","targetHints":{"allow":["GET"]}}],"collection":[{"href":"https:\/\/juxtare.store\/it\/wp-json\/wp\/v2\/product"}],"about":[{"href":"https:\/\/juxtare.store\/it\/wp-json\/wp\/v2\/types\/product"}],"replies":[{"embeddable":true,"href":"https:\/\/juxtare.store\/it\/wp-json\/wp\/v2\/comments?post=32360"}],"wp:featuredmedia":[{"embeddable":true,"href":"https:\/\/juxtare.store\/it\/wp-json\/wp\/v2\/media\/29093"}],"wp:attachment":[{"href":"https:\/\/juxtare.store\/it\/wp-json\/wp\/v2\/media?parent=32360"}],"wp:term":[{"taxonomy":"product_brand","embeddable":true,"href":"https:\/\/juxtare.store\/it\/wp-json\/wp\/v2\/product_brand?post=32360"},{"taxonomy":"product_cat","embeddable":true,"href":"https:\/\/juxtare.store\/it\/wp-json\/wp\/v2\/product_cat?post=32360"},{"taxonomy":"product_tag","embeddable":true,"href":"https:\/\/juxtare.store\/it\/wp-json\/wp\/v2\/product_tag?post=32360"}],"curies":[{"name":"wp","href":"https:\/\/api.w.org\/{rel}","templated":true}]}}