{"id":31682,"date":"2024-01-10T22:37:41","date_gmt":"2024-01-10T21:37:41","guid":{"rendered":"https:\/\/juxtare.store\/product\/leggings-essenziali-586835-01\/"},"modified":"2024-01-10T22:37:41","modified_gmt":"2024-01-10T21:37:41","slug":"leggings-essenziali-586835-01","status":"publish","type":"product","link":"https:\/\/juxtare.store\/it\/prodotto\/leggings-essenziali-586835-01\/","title":{"rendered":"Leggings essenziali 586835-01"},"content":{"rendered":"<p>Nessuna donna pu\u00f2 fare a meno di un paio di leggings e questo modello classico della collezione Puma essentials ha tutto ci\u00f2 che si pu\u00f2 desiderare: elegante, vestibilit\u00e0 aderente, confortevole girovita elastico, cotone premium e logo iconico ma discreto.<\/p>\n","protected":false},"excerpt":{"rendered":"<p>Nessuna donna pu\u00f2 fare a meno di un paio di leggings e questo modello classico della collezione Puma essentials ha tutto ci\u00f2 che si pu\u00f2 desiderare: elegante, vestibilit\u00e0 aderente, confortevole girovita elastico, cotone premium e logo iconico ma discreto.<\/p>\n","protected":false},"featured_media":29249,"comment_status":"open","ping_status":"closed","template":"","meta":[],"product_brand":[],"product_cat":[412,419],"product_tag":[448],"class_list":{"0":"post-31682","1":"product","2":"type-product","3":"status-publish","4":"has-post-thumbnail","6":"product_cat-donna","7":"product_cat-leggings-da-donna","8":"product_tag-fitness-it","11":"first","12":"outofstock","13":"shipping-taxable","14":"product-type-variable"},"_links":{"self":[{"href":"https:\/\/juxtare.store\/it\/wp-json\/wp\/v2\/product\/31682","targetHints":{"allow":["GET"]}}],"collection":[{"href":"https:\/\/juxtare.store\/it\/wp-json\/wp\/v2\/product"}],"about":[{"href":"https:\/\/juxtare.store\/it\/wp-json\/wp\/v2\/types\/product"}],"replies":[{"embeddable":true,"href":"https:\/\/juxtare.store\/it\/wp-json\/wp\/v2\/comments?post=31682"}],"wp:featuredmedia":[{"embeddable":true,"href":"https:\/\/juxtare.store\/it\/wp-json\/wp\/v2\/media\/29249"}],"wp:attachment":[{"href":"https:\/\/juxtare.store\/it\/wp-json\/wp\/v2\/media?parent=31682"}],"wp:term":[{"taxonomy":"product_brand","embeddable":true,"href":"https:\/\/juxtare.store\/it\/wp-json\/wp\/v2\/product_brand?post=31682"},{"taxonomy":"product_cat","embeddable":true,"href":"https:\/\/juxtare.store\/it\/wp-json\/wp\/v2\/product_cat?post=31682"},{"taxonomy":"product_tag","embeddable":true,"href":"https:\/\/juxtare.store\/it\/wp-json\/wp\/v2\/product_tag?post=31682"}],"curies":[{"name":"wp","href":"https:\/\/api.w.org\/{rel}","templated":true}]}}