{"id":30947,"date":"2024-01-26T07:20:38","date_gmt":"2024-01-26T06:20:38","guid":{"rendered":"https:\/\/juxtare.store\/product\/gel-kayano-30-1011b548-006\/"},"modified":"2024-05-21T12:41:13","modified_gmt":"2024-05-21T10:41:13","slug":"gel-kayano-30-1011b548-006","status":"publish","type":"product","link":"https:\/\/juxtare.store\/it\/prodotto\/gel-kayano-30-1011b548-006\/","title":{"rendered":"Gel-kayano 30 1011b548-006"},"content":{"rendered":"<p><strong>La scarpa da running GEL-KAYANO 30 offre il massimo sostegno e un comfort estremo, per correre senza pensieri.\u00a0<\/strong>La nostra scarpa pi\u00f9 avanzata di sempre in termini di stabilit\u00e0 \u00e8 progettata per correre pi\u00f9 lontano e pi\u00f9 a lungo. Grazie alla stabilit\u00e0 adattiva e al comfort assoluto, non vorrai pi\u00f9 fermarti.<\/p>\n<p>La tecnologia 4D GUIDANCE SYSTEM \u00e8 un sistema rivoluzionario che stabilizza la falcata durante la corsa, senza rinunciare alla comodit\u00e0. Infatti, la combinazione della nuova tecnologia PureGEL e della morbida schiuma FF BLAST PLUS ECO garantisce un comfort assoluto a ogni corsa.<\/p>\n<p>Cosa rende la scarpa da running GEL-KAYANO 30 cos\u00ec confortevole e stabile?<\/p>\n<ul>\n<li>La tecnologia rivoluzionaria 4D GUIDANCE SYSTEM offre una stabilit\u00e0 adattiva nei momenti in cui ne hai pi\u00f9 bisogno, per correre pi\u00f9 a lungo.<\/li>\n<li>La nuova tecnologia PureGEL incrementa la morbidezza e l&#8217;assorbimento degli urti per ridurre l&#8217;impatto sulle articolazioni e permetterti di correre in tutta comodit\u00e0.<\/li>\n<li>La schiuma FF BLAST PLUS ECO offre un appoggio pi\u00f9 soffice e un&#8217;ammortizzazione potenziata per il massimo comfort anche sulle superfici pi\u00f9 dure.<\/li>\n<\/ul>\n<p><strong>Per quali altre caratteristiche si distingue la scarpa GEL-KAYANO 30<\/strong>\u00a0<strong>?<\/strong><\/p>\n<p>Questa scarpa \u00e8 progettata tenendo a mente la protezione e il comfort: abbiamo trascorso ore e ore a testarla e perfezionarla presso il nostro Istituto di scienza dello sport (ISS) in Giappone. La scarpa da running GEL-KAYANO 30 include caratteristiche tecniche aggiuntive per aiutarti durante la corsa. Puoi consultarle nella sezione &#8220;Tecnologia e caratteristiche&#8221; di seguito.<\/p>\n<p>&nbsp;<\/p>\n","protected":false},"excerpt":{"rendered":"<p>La scarpa da running gel-kayano 30 offre il massimo sostegno e un comfort estremo, per correre senza pensieri. La nostra scarpa pi\u00f9 avanzata di sempre in termini di stabilit\u00e0 \u00e8 progettata per correre pi\u00f9 lontano e pi\u00f9 a lungo. Grazie alla stabilit\u00e0 adattiva e al comfort assoluto non vorrai pi\u00f9 fermarti.<\/p>\n","protected":false},"featured_media":33423,"comment_status":"open","ping_status":"closed","template":"","meta":[],"product_brand":[],"product_cat":[382,392],"product_tag":[448,449,450],"class_list":{"0":"post-30947","1":"product","2":"type-product","3":"status-publish","4":"has-post-thumbnail","6":"product_cat-uomo","7":"product_cat-scarpe-da-uomo","8":"product_tag-fitness-it","9":"product_tag-padel-it","10":"product_tag-tennis-it","13":"first","14":"instock","15":"shipping-taxable","16":"purchasable","17":"product-type-variable"},"_links":{"self":[{"href":"https:\/\/juxtare.store\/it\/wp-json\/wp\/v2\/product\/30947","targetHints":{"allow":["GET"]}}],"collection":[{"href":"https:\/\/juxtare.store\/it\/wp-json\/wp\/v2\/product"}],"about":[{"href":"https:\/\/juxtare.store\/it\/wp-json\/wp\/v2\/types\/product"}],"replies":[{"embeddable":true,"href":"https:\/\/juxtare.store\/it\/wp-json\/wp\/v2\/comments?post=30947"}],"wp:featuredmedia":[{"embeddable":true,"href":"https:\/\/juxtare.store\/it\/wp-json\/wp\/v2\/media\/33423"}],"wp:attachment":[{"href":"https:\/\/juxtare.store\/it\/wp-json\/wp\/v2\/media?parent=30947"}],"wp:term":[{"taxonomy":"product_brand","embeddable":true,"href":"https:\/\/juxtare.store\/it\/wp-json\/wp\/v2\/product_brand?post=30947"},{"taxonomy":"product_cat","embeddable":true,"href":"https:\/\/juxtare.store\/it\/wp-json\/wp\/v2\/product_cat?post=30947"},{"taxonomy":"product_tag","embeddable":true,"href":"https:\/\/juxtare.store\/it\/wp-json\/wp\/v2\/product_tag?post=30947"}],"curies":[{"name":"wp","href":"https:\/\/api.w.org\/{rel}","templated":true}]}}