{"id":30867,"date":"2024-01-26T07:22:09","date_gmt":"2024-01-26T06:22:09","guid":{"rendered":"https:\/\/juxtare.store\/product\/gel-contend-8-1011b492-012\/"},"modified":"2024-05-10T12:32:51","modified_gmt":"2024-05-10T10:32:51","slug":"gel-contend-8-1011b492-012","status":"publish","type":"product","link":"https:\/\/juxtare.store\/it\/prodotto\/gel-contend-8-1011b492-012\/","title":{"rendered":"Gel-contend 8 1011b492-012"},"content":{"rendered":"<p>Esplora l&#8217;innovazione e la potenza delle scarpe Asics Gel-Contend 8, un capolavoro di ingegneria e design pensato per offrirti il massimo nelle tue corse e attivit\u00e0 sportive. Con una combinazione di tecnologie avanzate e materiali premium, queste scarpe sono pronte a trasformare ogni tua passione in un&#8217;esperienza straordinaria.<\/p>\n<p>&nbsp;<\/p>\n<p>Composizione esterna: Sintetico<br \/>\nSport: Running, Multisport<br \/>\nColore: Nero<br \/>\nTaglie disponibili: Varie<\/p>\n<p>&nbsp;<\/p>\n<p>Le Gel-Contend 8 sono molto pi\u00f9 di semplici scarpe da corsa. Sono il risultato di anni di ricerca e sviluppo, mirati a garantire il massimo comfort, supporto e durata per affrontare qualsiasi sfida tu incontri sul tuo percorso. La tomaia in mesh jacquard si adatta al movimento naturale del piede, offrendo una sensazione di leggerezza e agilit\u00e0 mentre ti muovi. Le cuciture sintetiche sulle fodere aggiungono un tocco di robustezza e stabilit\u00e0, mantenendoti saldo e sicuro in ogni passo.<\/p>\n<p>Ma non \u00e8 tutto. Le tecnologie GEL e AMPLIFOAM nell&#8217;intersuola assicurano un&#8217;ammortizzazione superiore e una sensazione di morbidezza senza pari sotto i piedi. Ogni passo \u00e8 un&#8217;esperienza di lusso e comfort, che ti spinge sempre pi\u00f9 vicino ai tuoi obiettivi.<\/p>\n<p>E non dimentichiamoci della tecnologia di ammortizzazione GEL nella parte posteriore del piede, che assorbe gli urti e ti regala una sensazione di morbidezza ad ogni impatto. Ogni passo \u00e8 come camminare su un tappeto di nuvole, portandoti sempre pi\u00f9 vicino alla tua migliore prestazione.<\/p>\n<p>Ma non \u00e8 solo la tecnologia che rende queste scarpe cos\u00ec eccezionali. \u00c8 anche l&#8217;attenzione ai dettagli e alla sostenibilit\u00e0 ambientale. Con almeno il 20% del materiale principale della tomaia costituito da materiale riciclato, Asics si impegna a ridurre gli scarti e le emissioni di carbonio, proteggendo cos\u00ec il nostro pianeta per le generazioni future.<\/p>\n<p>Inoltre, la soletta ORTHOLITE permette di inserire il piede pi\u00f9 facilmente, mentre le scanalature flessibili nella suola aumentano la flessibilit\u00e0 e la libert\u00e0 di movimento. Con la tecnologia GUIDANCE LINE per una falcata pi\u00f9 uniforme, queste scarpe sono progettate per portarti sempre pi\u00f9 lontano, pi\u00f9 veloce e pi\u00f9 sicuro di prima.<\/p>\n<p>Scopri il potenziale illimitato delle Gel-Contend 8 di Asics. Preparati a superare ogni limite e a raggiungere nuove vette di prestazione con ogni passo che fai.<\/p>\n<p>&nbsp;<\/p>\n<p>&nbsp;<\/p>\n","protected":false},"excerpt":{"rendered":"<p>Le Gel-Contend 8 sono molto pi\u00f9 di semplici scarpe da corsa. Sono il risultato di anni di ricerca e sviluppo, mirati a garantire il massimo comfort, supporto e durata per affrontare qualsiasi sfida tu incontri sul tuo percorso. La tomaia in mesh jacquard si adatta al movimento naturale del piede, offrendo una sensazione di leggerezza e agilit\u00e0 mentre ti muovi. Le cuciture sintetiche sulle fodere aggiungono un tocco di robustezza e stabilit\u00e0, mantenendoti saldo e sicuro in ogni passo.<\/p>\n<p>Le tecnologie GEL e AMPLIFOAM nell&#8217;intersuola assicurano un&#8217;ammortizzazione superiore e una sensazione di morbidezza senza pari sotto i piedi. Ogni passo \u00e8 un&#8217;esperienza di lusso e comfort, che ti spinge sempre pi\u00f9 vicino ai tuoi obiettivi.<\/p>\n","protected":false},"featured_media":33431,"comment_status":"open","ping_status":"closed","template":"","meta":[],"product_brand":[],"product_cat":[382,392],"product_tag":[448,449,450],"class_list":{"0":"post-30867","1":"product","2":"type-product","3":"status-publish","4":"has-post-thumbnail","6":"product_cat-uomo","7":"product_cat-scarpe-da-uomo","8":"product_tag-fitness-it","9":"product_tag-padel-it","10":"product_tag-tennis-it","13":"first","14":"instock","15":"shipping-taxable","16":"purchasable","17":"product-type-variable"},"_links":{"self":[{"href":"https:\/\/juxtare.store\/it\/wp-json\/wp\/v2\/product\/30867","targetHints":{"allow":["GET"]}}],"collection":[{"href":"https:\/\/juxtare.store\/it\/wp-json\/wp\/v2\/product"}],"about":[{"href":"https:\/\/juxtare.store\/it\/wp-json\/wp\/v2\/types\/product"}],"replies":[{"embeddable":true,"href":"https:\/\/juxtare.store\/it\/wp-json\/wp\/v2\/comments?post=30867"}],"wp:featuredmedia":[{"embeddable":true,"href":"https:\/\/juxtare.store\/it\/wp-json\/wp\/v2\/media\/33431"}],"wp:attachment":[{"href":"https:\/\/juxtare.store\/it\/wp-json\/wp\/v2\/media?parent=30867"}],"wp:term":[{"taxonomy":"product_brand","embeddable":true,"href":"https:\/\/juxtare.store\/it\/wp-json\/wp\/v2\/product_brand?post=30867"},{"taxonomy":"product_cat","embeddable":true,"href":"https:\/\/juxtare.store\/it\/wp-json\/wp\/v2\/product_cat?post=30867"},{"taxonomy":"product_tag","embeddable":true,"href":"https:\/\/juxtare.store\/it\/wp-json\/wp\/v2\/product_tag?post=30867"}],"curies":[{"name":"wp","href":"https:\/\/api.w.org\/{rel}","templated":true}]}}