{"id":30865,"date":"2024-01-24T04:01:42","date_gmt":"2024-01-24T03:01:42","guid":{"rendered":"https:\/\/juxtare.store\/product\/maglietta-adidas-tiro-23-hk8036\/"},"modified":"2024-01-24T04:01:42","modified_gmt":"2024-01-24T03:01:42","slug":"maglietta-adidas-tiro-23-hk8036","status":"publish","type":"product","link":"https:\/\/juxtare.store\/it\/prodotto\/maglietta-adidas-tiro-23-hk8036\/","title":{"rendered":"Maglietta Adidas tiro 23 hk8036"},"content":{"rendered":"<p>Guarda la parte quando sei fuori dal campo. Indossa questa maglietta da calcio quando guardi da bordo campo o viaggi con la tua squadra. La miscela di cotone \u00e8 morbida e confortevole, cos\u00ec non perderai nemmeno un minuto dell&#8217;azione. Il logo a 3 barre ricamato sul petto \u00e8 una versione sportiva della tradizione Adidas. Realizzato in parte con contenuto riciclato generato da scarti di produzione, ad esempio scarti di taglio e rifiuti domestici post-consumo per evitare il maggiore impatto ambientale della produzione di contenuto vergine.<\/p>\n","protected":false},"excerpt":{"rendered":"<p>Guarda la parte quando sei fuori dal campo. Indossa questa maglietta da calcio quando guardi da bordo campo o viaggi con la tua squadra. La miscela di cotone \u00e8 morbida e confortevole, cos\u00ec non perderai nemmeno un minuto dell&#8217;azione. Il logo a 3 barre ricamato sul petto \u00e8 una versione sportiva della tradizione Adidas. Realizzato in parte con contenuto riciclato generato da scarti di produzione, ad esempio scarti di taglio e rifiuti domestici post-consumo per evitare il maggiore impatto ambientale della produzione di contenuto vergine.<\/p>\n","protected":false},"featured_media":29621,"comment_status":"open","ping_status":"closed","template":"","meta":[],"product_brand":[],"product_cat":[382,397],"product_tag":[451],"class_list":{"0":"post-30865","1":"product","2":"type-product","3":"status-publish","4":"has-post-thumbnail","6":"product_cat-uomo","7":"product_cat-t-shirt-da-uomo","8":"product_tag-calcio","11":"first","12":"instock","13":"shipping-taxable","14":"purchasable","15":"product-type-variable"},"_links":{"self":[{"href":"https:\/\/juxtare.store\/it\/wp-json\/wp\/v2\/product\/30865","targetHints":{"allow":["GET"]}}],"collection":[{"href":"https:\/\/juxtare.store\/it\/wp-json\/wp\/v2\/product"}],"about":[{"href":"https:\/\/juxtare.store\/it\/wp-json\/wp\/v2\/types\/product"}],"replies":[{"embeddable":true,"href":"https:\/\/juxtare.store\/it\/wp-json\/wp\/v2\/comments?post=30865"}],"wp:featuredmedia":[{"embeddable":true,"href":"https:\/\/juxtare.store\/it\/wp-json\/wp\/v2\/media\/29621"}],"wp:attachment":[{"href":"https:\/\/juxtare.store\/it\/wp-json\/wp\/v2\/media?parent=30865"}],"wp:term":[{"taxonomy":"product_brand","embeddable":true,"href":"https:\/\/juxtare.store\/it\/wp-json\/wp\/v2\/product_brand?post=30865"},{"taxonomy":"product_cat","embeddable":true,"href":"https:\/\/juxtare.store\/it\/wp-json\/wp\/v2\/product_cat?post=30865"},{"taxonomy":"product_tag","embeddable":true,"href":"https:\/\/juxtare.store\/it\/wp-json\/wp\/v2\/product_tag?post=30865"}],"curies":[{"name":"wp","href":"https:\/\/api.w.org\/{rel}","templated":true}]}}