{"id":30856,"date":"2024-01-26T07:28:52","date_gmt":"2024-01-26T06:28:52","guid":{"rendered":"https:\/\/juxtare.store\/product\/gel-padel-exclusive-6-1041a200-021\/"},"modified":"2024-05-17T09:44:53","modified_gmt":"2024-05-17T07:44:53","slug":"gel-padel-exclusive-6-1041a200-021","status":"publish","type":"product","link":"https:\/\/juxtare.store\/it\/prodotto\/gel-padel-exclusive-6-1041a200-021\/","title":{"rendered":"Gel-padel exclusive 6 1041a200-021"},"content":{"rendered":"<p>La scarpa gel-padel exclusive 6 \u00e8 progettata per i giocatori di padel a livello amatoriale. \u00c8 dotata di pannelli in mesh traspiranti per mantenere i piedi freschi, fornendo al contempo una migliore flessibilit\u00e0. Stratificata con l&#8217;ammortizzazione della tecnologia gel nell&#8217;intersuola, \u00e8 funzionale per generare un migliore assorbimento degli urti e un comfort eccellente.<\/p>\n","protected":false},"excerpt":{"rendered":"<p>La scarpa gel-padel exclusive 6 \u00e8 progettata per i giocatori di padel a livello amatoriale. \u00c8 dotata di pannelli in mesh traspiranti per mantenere i piedi freschi, fornendo al contempo una migliore flessibilit\u00e0. Stratificata con l&#8217;ammortizzazione della tecnologia gel nell&#8217;intersuola, \u00e8 funzionale per generare un migliore assorbimento degli urti e un comfort eccellente.<\/p>\n","protected":false},"featured_media":33487,"comment_status":"open","ping_status":"closed","template":"","meta":[],"product_brand":[],"product_cat":[382,392],"product_tag":[448,449,450],"class_list":{"0":"post-30856","1":"product","2":"type-product","3":"status-publish","4":"has-post-thumbnail","6":"product_cat-uomo","7":"product_cat-scarpe-da-uomo","8":"product_tag-fitness-it","9":"product_tag-padel-it","10":"product_tag-tennis-it","13":"first","14":"instock","15":"shipping-taxable","16":"purchasable","17":"product-type-variable"},"_links":{"self":[{"href":"https:\/\/juxtare.store\/it\/wp-json\/wp\/v2\/product\/30856","targetHints":{"allow":["GET"]}}],"collection":[{"href":"https:\/\/juxtare.store\/it\/wp-json\/wp\/v2\/product"}],"about":[{"href":"https:\/\/juxtare.store\/it\/wp-json\/wp\/v2\/types\/product"}],"replies":[{"embeddable":true,"href":"https:\/\/juxtare.store\/it\/wp-json\/wp\/v2\/comments?post=30856"}],"wp:featuredmedia":[{"embeddable":true,"href":"https:\/\/juxtare.store\/it\/wp-json\/wp\/v2\/media\/33487"}],"wp:attachment":[{"href":"https:\/\/juxtare.store\/it\/wp-json\/wp\/v2\/media?parent=30856"}],"wp:term":[{"taxonomy":"product_brand","embeddable":true,"href":"https:\/\/juxtare.store\/it\/wp-json\/wp\/v2\/product_brand?post=30856"},{"taxonomy":"product_cat","embeddable":true,"href":"https:\/\/juxtare.store\/it\/wp-json\/wp\/v2\/product_cat?post=30856"},{"taxonomy":"product_tag","embeddable":true,"href":"https:\/\/juxtare.store\/it\/wp-json\/wp\/v2\/product_tag?post=30856"}],"curies":[{"name":"wp","href":"https:\/\/api.w.org\/{rel}","templated":true}]}}