{"id":141532,"date":"2026-04-13T15:59:20","date_gmt":"2026-04-13T13:59:20","guid":{"rendered":"https:\/\/localhost\/?post_type=product&#038;p=141532"},"modified":"2026-04-13T15:59:21","modified_gmt":"2026-04-13T13:59:21","slug":"__trashed-25","status":"publish","type":"product","link":"https:\/\/juxtare.store\/it\/prodotto\/__trashed-25\/","title":{"rendered":"Felpa con cappuccio fullzip adidas tiro travel kf6077"},"content":{"rendered":"<p>Pensata per l&#039;uomo moderno, la felpa con cappuccio tiro travel offre una vestibilit\u00e0 aderente che si adatta a qualsiasi look. con polsini elasticizzati e orlo con elastico, garantisce comfort e stile. la felpa con cappuccio con coulisse offre una vestibilit\u00e0 regolabile, mentre la tasca laterale con zip aggiunge praticit\u00e0. realizzata con una struttura in maglia, questa felpa con cappuccio \u00e8 perfetta per chi apprezza un mix di sport e moda.<\/p>\n","protected":false},"excerpt":{"rendered":"<p>Pensata per l&#039;uomo moderno, la felpa con cappuccio tiro travel offre una vestibilit\u00e0 aderente che si adatta a qualsiasi look. con polsini elasticizzati e orlo con elastico, garantisce comfort e stile. la felpa con cappuccio con coulisse offre una vestibilit\u00e0 regolabile, mentre la tasca laterale con zip aggiunge praticit\u00e0. realizzata con una struttura in maglia, questa felpa con cappuccio \u00e8 perfetta per chi apprezza un mix di sport e moda.<\/p>\n","protected":false},"featured_media":141528,"comment_status":"open","ping_status":"closed","template":"","meta":[],"product_brand":[],"product_cat":[106,176],"product_tag":[],"class_list":{"0":"post-141532","1":"product","2":"type-product","3":"status-publish","4":"has-post-thumbnail","6":"product_cat-mens","7":"product_cat-mens-sweatshirts","10":"first","11":"instock","12":"shipping-taxable","13":"purchasable","14":"product-type-variable"},"_links":{"self":[{"href":"https:\/\/juxtare.store\/it\/wp-json\/wp\/v2\/product\/141532","targetHints":{"allow":["GET"]}}],"collection":[{"href":"https:\/\/juxtare.store\/it\/wp-json\/wp\/v2\/product"}],"about":[{"href":"https:\/\/juxtare.store\/it\/wp-json\/wp\/v2\/types\/product"}],"replies":[{"embeddable":true,"href":"https:\/\/juxtare.store\/it\/wp-json\/wp\/v2\/comments?post=141532"}],"wp:featuredmedia":[{"embeddable":true,"href":"https:\/\/juxtare.store\/it\/wp-json\/wp\/v2\/media\/141528"}],"wp:attachment":[{"href":"https:\/\/juxtare.store\/it\/wp-json\/wp\/v2\/media?parent=141532"}],"wp:term":[{"taxonomy":"product_brand","embeddable":true,"href":"https:\/\/juxtare.store\/it\/wp-json\/wp\/v2\/product_brand?post=141532"},{"taxonomy":"product_cat","embeddable":true,"href":"https:\/\/juxtare.store\/it\/wp-json\/wp\/v2\/product_cat?post=141532"},{"taxonomy":"product_tag","embeddable":true,"href":"https:\/\/juxtare.store\/it\/wp-json\/wp\/v2\/product_tag?post=141532"}],"curies":[{"name":"wp","href":"https:\/\/api.w.org\/{rel}","templated":true}]}}