{"id":133302,"date":"2026-02-13T11:13:50","date_gmt":"2026-02-13T10:13:50","guid":{"rendered":"https:\/\/localhost\/?post_type=product&#038;p=133302"},"modified":"2026-02-13T11:13:51","modified_gmt":"2026-02-13T10:13:51","slug":"pantaloncini-adidas-stadium-jy1803","status":"publish","type":"product","link":"https:\/\/juxtare.store\/it\/prodotto\/pantaloncini-adidas-stadium-jy1803\/","title":{"rendered":"Pantaloncini adidas stadium  jy1803"},"content":{"rendered":"<p>Gli shorts adidas stadium sono un capo essenziale per il comfort quotidiano, sia allo stadio che a casa. realizzati in morbido tessuto a maglia con finitura opaca, offrono comfort e libert\u00e0 di movimento per tutto il giorno. la vestibilit\u00e0 standard e l&#039;elastico in vita con coulisse garantiscono una vestibilit\u00e0 perfetta, mentre i profili in raso sui lati aggiungono un inconfondibile stile sportivo. le tasche con zip tengono al sicuro i tuoi oggetti essenziali, cos\u00ec puoi concentrarti sulla partita.<\/p>\n","protected":false},"excerpt":{"rendered":"<p>Gli shorts adidas stadium sono un capo essenziale per il comfort quotidiano, sia allo stadio che a casa. realizzati in morbido tessuto a maglia con finitura opaca, offrono comfort e libert\u00e0 di movimento per tutto il giorno. la vestibilit\u00e0 standard e l&#039;elastico in vita con coulisse garantiscono una vestibilit\u00e0 perfetta, mentre i profili in raso sui lati aggiungono un inconfondibile stile sportivo. le tasche con zip tengono al sicuro i tuoi oggetti essenziali, cos\u00ec puoi concentrarti sulla partita.<\/p>\n","protected":false},"featured_media":133298,"comment_status":"open","ping_status":"closed","template":"","meta":[],"product_brand":[],"product_cat":[78,1017],"product_tag":[],"class_list":{"0":"post-133302","1":"product","2":"type-product","3":"status-publish","4":"has-post-thumbnail","6":"product_cat-sport","7":"product_cat-football-shorts","10":"first","11":"instock","12":"shipping-taxable","13":"purchasable","14":"product-type-variable"},"_links":{"self":[{"href":"https:\/\/juxtare.store\/it\/wp-json\/wp\/v2\/product\/133302","targetHints":{"allow":["GET"]}}],"collection":[{"href":"https:\/\/juxtare.store\/it\/wp-json\/wp\/v2\/product"}],"about":[{"href":"https:\/\/juxtare.store\/it\/wp-json\/wp\/v2\/types\/product"}],"replies":[{"embeddable":true,"href":"https:\/\/juxtare.store\/it\/wp-json\/wp\/v2\/comments?post=133302"}],"wp:featuredmedia":[{"embeddable":true,"href":"https:\/\/juxtare.store\/it\/wp-json\/wp\/v2\/media\/133298"}],"wp:attachment":[{"href":"https:\/\/juxtare.store\/it\/wp-json\/wp\/v2\/media?parent=133302"}],"wp:term":[{"taxonomy":"product_brand","embeddable":true,"href":"https:\/\/juxtare.store\/it\/wp-json\/wp\/v2\/product_brand?post=133302"},{"taxonomy":"product_cat","embeddable":true,"href":"https:\/\/juxtare.store\/it\/wp-json\/wp\/v2\/product_cat?post=133302"},{"taxonomy":"product_tag","embeddable":true,"href":"https:\/\/juxtare.store\/it\/wp-json\/wp\/v2\/product_tag?post=133302"}],"curies":[{"name":"wp","href":"https:\/\/api.w.org\/{rel}","templated":true}]}}